{"id":996,"date":"2018-04-10T16:22:59","date_gmt":"2018-04-10T16:22:59","guid":{"rendered":"https:\/\/www.pianoheritage.com\/shop\/non%20class\u00e9\/yamaha-c2x\/"},"modified":"2021-09-05T16:48:20","modified_gmt":"2021-09-05T20:48:20","slug":"yamaha-c2x","status":"publish","type":"product","link":"https:\/\/www.pianoheritage.com\/fr\/shop\/pianos-yamaha\/pianos-a-queue\/yamaha-c2x\/","title":{"rendered":"Yamaha C2X"},"content":{"rendered":"<p>Le CX2 est un instrument superbement \u00e9quilibr\u00e9 qui poss\u00e8de une riche tonalit\u00e9 et qui repr\u00e9sente bien la qu\u00eate de Yamaha pour le piano id\u00e9al..<\/p>\n<ul class=\"small_list\">\n<li>Les pianos de la s\u00e9rie CX sont dot\u00e9s d\u2019un cadre arri\u00e8re renforc\u00e9 pour un support am\u00e9lior\u00e9 procurant ainsi une riche r\u00e9sonnance.<\/li>\n<li>La nouvelle table d\u2019harmonie vibre au diapason des \u00e9motions du pianiste.<\/li>\n<li>De nouvelles cordes de piano r\u00e9volutionnaires produisent un son exceptionnel.<\/li>\n<li>On retrouve l\u2019expertise de Yamaha dans la fabrication des cadres.<\/li>\n<li>Les marteaux sont fabriqu\u00e9s sur le mod\u00e8le des instruments de la s\u00e9rie CFX.<\/li>\n<li>Le r\u00e9glage et l\u2019harmonisation donnent vie au piano.<\/li>\n<li>Une conception h\u00e9rit\u00e9e de la s\u00e9rie CF qui lie le pianiste \u00e0 son instrument.<\/li>\n<\/ul>\n<p class=\"bluefont\">Le concept derri\u00e8re la s\u00e9rie CF se traduit par \u201cBeaut\u00e9 et puissance.\u201d Ce piano peut projeter un magnifique son riche et expressif, du passage d\u00e9licat pianissimo jusqu\u2019au puissant fortissimo, dans les coins les plus recul\u00e9s de toute salle de concert. Yamaha a r\u00e9ussi un mariage id\u00e9al entre design et qualit\u00e9 musicale qui se confondent pour apporter au public un son exquis<\/p>\n<p class=\"video-container\"><iframe loading=\"lazy\" src=\"https:\/\/www.youtube.com\/embed\/1bGWwRfDngw\" width=\"560\" height=\"315\" frameborder=\"0\" allowfullscreen=\"allowfullscreen\"><\/iframe><\/p>\n<p class=\"video-container\"><iframe loading=\"lazy\" src=\"https:\/\/www.youtube.com\/embed\/i4qCNuDC9NQ\" width=\"560\" height=\"315\" frameborder=\"0\" allowfullscreen=\"allowfullscreen\"><\/iframe><\/p>\n<p class=\"video-container\"><iframe loading=\"lazy\" src=\"https:\/\/www.youtube.com\/embed\/L7F9Um3UnQo\" width=\"560\" height=\"315\" frameborder=\"0\" allowfullscreen=\"allowfullscreen\"><\/iframe><\/p>\n<p class=\"video-container\"><iframe loading=\"lazy\" src=\"https:\/\/www.youtube.com\/embed\/NW1aa7DeO18\" width=\"560\" height=\"315\" frameborder=\"0\" allowfullscreen=\"allowfullscreen\"><\/iframe><\/p>\n","protected":false},"excerpt":{"rendered":"<p>Le CX2 est un instrument superbement \u00e9quilibr\u00e9 qui poss\u00e8de une riche tonalit\u00e9 et qui repr\u00e9sente bien la qu\u00eate de Yamaha pour le piano id\u00e9al.<\/p>\n","protected":false},"featured_media":993,"comment_status":"open","ping_status":"closed","template":"","meta":{"jetpack_publicize_message":"","jetpack_publicize_feature_enabled":true,"jetpack_social_post_already_shared":false,"jetpack_social_options":{"image_generator_settings":{"template":"highway","default_image_id":0,"font":"","enabled":false},"version":2}},"product_brand":[],"product_cat":[68],"product_tag":[],"class_list":{"0":"post-996","1":"product","2":"type-product","3":"status-publish","4":"has-post-thumbnail","6":"product_cat-pianos-a-queue","8":"first","9":"instock","10":"taxable","11":"shipping-taxable","12":"product-type-simple"},"jetpack_publicize_connections":[],"jetpack_sharing_enabled":true,"_links":{"self":[{"href":"https:\/\/www.pianoheritage.com\/fr\/wp-json\/wp\/v2\/product\/996","targetHints":{"allow":["GET"]}}],"collection":[{"href":"https:\/\/www.pianoheritage.com\/fr\/wp-json\/wp\/v2\/product"}],"about":[{"href":"https:\/\/www.pianoheritage.com\/fr\/wp-json\/wp\/v2\/types\/product"}],"replies":[{"embeddable":true,"href":"https:\/\/www.pianoheritage.com\/fr\/wp-json\/wp\/v2\/comments?post=996"}],"wp:featuredmedia":[{"embeddable":true,"href":"https:\/\/www.pianoheritage.com\/fr\/wp-json\/wp\/v2\/media\/993"}],"wp:attachment":[{"href":"https:\/\/www.pianoheritage.com\/fr\/wp-json\/wp\/v2\/media?parent=996"}],"wp:term":[{"taxonomy":"product_brand","embeddable":true,"href":"https:\/\/www.pianoheritage.com\/fr\/wp-json\/wp\/v2\/product_brand?post=996"},{"taxonomy":"product_cat","embeddable":true,"href":"https:\/\/www.pianoheritage.com\/fr\/wp-json\/wp\/v2\/product_cat?post=996"},{"taxonomy":"product_tag","embeddable":true,"href":"https:\/\/www.pianoheritage.com\/fr\/wp-json\/wp\/v2\/product_tag?post=996"}],"curies":[{"name":"wp","href":"https:\/\/api.w.org\/{rel}","templated":true}]}}