{"id":990,"date":"2018-04-10T16:13:14","date_gmt":"2018-04-10T16:13:14","guid":{"rendered":"https:\/\/www.pianoheritage.com\/shop\/non%20class\u00e9\/yamaha-disklavier-dc1x-enst-enspire\/"},"modified":"2021-09-05T16:49:46","modified_gmt":"2021-09-05T20:49:46","slug":"yamaha-disklavier-dc1x-enst-enspire","status":"publish","type":"product","link":"https:\/\/www.pianoheritage.com\/fr\/shop\/pianos-yamaha\/pianos-a-queue\/yamaha-disklavier-dc1x-enst-enspire\/","title":{"rendered":"Yamaha Disklavier DC1X ENST Enspire"},"content":{"rendered":"<p>Avec un potentiel illimit\u00e9, le ENSPIRE ST fournit les fonctionnalit\u00e9s compl\u00e8tes d&rsquo;enregistrement et de lecture, le syst\u00e8me brevet\u00e9 Yamaha SILENT Piano \u2122et le DSP Servo Drive System pour des utilisateurs qui veulent en faire plus avec leur piano acoustique. Le DC1X ENST est fabriqu\u00e9 \u00e0 partir du piano \u00e0 queue C1X.<\/p>\n<ul class=\"small_list\">\n<li>D\u00e9tendez-vous aux sons des plus grandes musiques du monde.<\/li>\n<li>Une technologie discr\u00e8te, une acoustique \u00e9l\u00e9gante<\/li>\n<li>Enregistrez votre musique<\/li>\n<li>Contr\u00f4lez votre Disklavier avec un iPhone, iPad ou iPod Touch<\/li>\n<li>Les principales caract\u00e9ristiques de la nouvelle s\u00e9rie CX<\/li>\n<\/ul>\n<p class=\"bluefont\">\u00a0Le CX dispose de nouvelles cordes aciers r\u00e9volutionnaires procurant des harmoniques et un sustain incroyables. Les marteaux des CX s\u2019inspirent de ceux employ\u00e9s sur le mod\u00e8le de concert CFX. La nouvelle table d\u2019harmonie procure de magnifiques sensations. La s\u00e9rie CX propose un barrage renforc\u00e9 afin d\u2019am\u00e9liorer la stabilit\u00e9 de l\u2019accord et une meilleure projection.<\/p>\n<p class=\"bluefont\">Un panneau de contr\u00f4le sombre permet un contr\u00f4le tactile simple, tout en restant tr\u00e8s discret, en fournissant le look \u00e9l\u00e9gant que l&rsquo;on peut attendre d&rsquo;un piano acoustique fabriqu\u00e9 par Yamaha.<\/p>\n<p class=\"bluefont\">Le Disklavier ENSPIRE vous permet d\u2019appr\u00e9cier la musique qui conviendra \u00e0 votre humeur. Que vous ayez envie d\u2019\u00e9couter un r\u00e9cital pour un piano seul, une s\u00e9lection de vos concerto favoris, vos meilleurs standard jazz ou vos chansons pr\u00e9f\u00e9r\u00e9es, accompagn\u00e9s par des voix et des instruments r\u00e9els. Une conception graphique de l&rsquo;interface, facile et intuitive \u00e0 utiliser, offre un acc\u00e8s direct \u00e0 500 chansons int\u00e9gr\u00e9es * et des milliers d\u2019interpr\u00e9tations qui peuvent \u00eatre t\u00e9l\u00e9charg\u00e9s directement sur l&rsquo;instrument depuis la boutique en ligne Yamaha MusicSoft.<\/p>\n<p class=\"video-container\"><iframe loading=\"lazy\" src=\"https:\/\/www.youtube.com\/embed\/GH0C9zL9CAQ\" width=\"560\" height=\"315\" frameborder=\"0\" allowfullscreen=\"allowfullscreen\"><\/iframe><\/p>\n<p class=\"video-container\"><iframe loading=\"lazy\" src=\"https:\/\/www.youtube.com\/embed\/bReNrdadXZU\" width=\"560\" height=\"315\" frameborder=\"0\" allowfullscreen=\"allowfullscreen\"><\/iframe><\/p>\n","protected":false},"excerpt":{"rendered":"<p>Avec un potentiel illimit\u00e9, le ENSPIRE ST fournit les fonctionnalit\u00e9s compl\u00e8tes d&rsquo;enregistrement et de lecture, le syst\u00e8me brevet\u00e9 Yamaha SILENT Piano \u2122et le DSP Servo Drive System pour des utilisateurs qui veulent en faire plus avec leur piano acoustique. Le DC1X ENST est fabriqu\u00e9 \u00e0 partir du piano \u00e0 queue C1X.<\/p>\n","protected":false},"featured_media":3936,"comment_status":"open","ping_status":"closed","template":"","meta":{"jetpack_publicize_message":"","jetpack_publicize_feature_enabled":true,"jetpack_social_post_already_shared":false,"jetpack_social_options":{"image_generator_settings":{"template":"highway","default_image_id":0,"font":"","enabled":false},"version":2}},"product_brand":[],"product_cat":[68],"product_tag":[],"class_list":{"0":"post-990","1":"product","2":"type-product","3":"status-publish","4":"has-post-thumbnail","6":"product_cat-pianos-a-queue","8":"first","9":"instock","10":"taxable","11":"shipping-taxable","12":"product-type-simple"},"jetpack_publicize_connections":[],"jetpack_sharing_enabled":true,"_links":{"self":[{"href":"https:\/\/www.pianoheritage.com\/fr\/wp-json\/wp\/v2\/product\/990","targetHints":{"allow":["GET"]}}],"collection":[{"href":"https:\/\/www.pianoheritage.com\/fr\/wp-json\/wp\/v2\/product"}],"about":[{"href":"https:\/\/www.pianoheritage.com\/fr\/wp-json\/wp\/v2\/types\/product"}],"replies":[{"embeddable":true,"href":"https:\/\/www.pianoheritage.com\/fr\/wp-json\/wp\/v2\/comments?post=990"}],"wp:featuredmedia":[{"embeddable":true,"href":"https:\/\/www.pianoheritage.com\/fr\/wp-json\/wp\/v2\/media\/3936"}],"wp:attachment":[{"href":"https:\/\/www.pianoheritage.com\/fr\/wp-json\/wp\/v2\/media?parent=990"}],"wp:term":[{"taxonomy":"product_brand","embeddable":true,"href":"https:\/\/www.pianoheritage.com\/fr\/wp-json\/wp\/v2\/product_brand?post=990"},{"taxonomy":"product_cat","embeddable":true,"href":"https:\/\/www.pianoheritage.com\/fr\/wp-json\/wp\/v2\/product_cat?post=990"},{"taxonomy":"product_tag","embeddable":true,"href":"https:\/\/www.pianoheritage.com\/fr\/wp-json\/wp\/v2\/product_tag?post=990"}],"curies":[{"name":"wp","href":"https:\/\/api.w.org\/{rel}","templated":true}]}}