{"id":9895,"date":"2025-01-24T09:28:07","date_gmt":"2025-01-24T14:28:07","guid":{"rendered":"https:\/\/www.pianoheritage.com\/?post_type=product&#038;p=9895"},"modified":"2025-01-24T09:34:09","modified_gmt":"2025-01-24T14:34:09","slug":"yamaha-clp-895-clavinova","status":"publish","type":"product","link":"https:\/\/www.pianoheritage.com\/fr\/shop\/pianos-yamaha\/pianos-numeriques\/yamaha-clp-895-clavinova\/","title":{"rendered":"Yamaha CLP-895 Clavinova"},"content":{"rendered":"<p>Le mod\u00e8le phare de style piano \u00e0 queue de la s\u00e9rie Clavinova CLP, dot\u00e9 du meilleur toucher et du meilleur son de la s\u00e9rie pour vous aider \u00e0 profiter d&rsquo;une riche expressivit\u00e9. Les performances de ce piano sont essentiellement \u00e9quivalentes \u00e0 celles du CLP-885.<\/p>\n<p><span class=\"embed-youtube\" style=\"text-align:center; display: block;\"><iframe loading=\"lazy\" class=\"youtube-player\" width=\"1020\" height=\"574\" src=\"https:\/\/www.youtube.com\/embed\/Asmssim6v_Y?version=3&#038;rel=1&#038;showsearch=0&#038;showinfo=1&#038;iv_load_policy=1&#038;fs=1&#038;hl=fr-FR&#038;autohide=2&#038;wmode=transparent\" allowfullscreen=\"true\" style=\"border:0;\" sandbox=\"allow-scripts allow-same-origin allow-popups allow-presentation allow-popups-to-escape-sandbox\"><\/iframe><\/span><\/p>\n","protected":false},"excerpt":{"rendered":"<p>Une sonorit\u00e9 puissante et un clavier en bois, pour offrir une polyvalence et une qualit\u00e9 exceptionnelle \u00e0 des pianistes de tout niveau.<\/p>\n","protected":false},"featured_media":9899,"comment_status":"open","ping_status":"closed","template":"","meta":{"jetpack_publicize_message":"","jetpack_publicize_feature_enabled":true,"jetpack_social_post_already_shared":true,"jetpack_social_options":{"image_generator_settings":{"template":"highway","default_image_id":0,"font":"","enabled":false},"version":2}},"product_brand":[],"product_cat":[66,64],"product_tag":[911],"class_list":{"0":"post-9895","1":"product","2":"type-product","3":"status-publish","4":"has-post-thumbnail","6":"product_cat-pianos-numeriques","7":"product_cat-pianos-yamaha","8":"product_tag-clp895gp-fr","10":"first","11":"instock","12":"taxable","13":"shipping-taxable","14":"purchasable","15":"product-type-variable","16":"has-default-attributes"},"jetpack_publicize_connections":[],"jetpack_sharing_enabled":true,"_links":{"self":[{"href":"https:\/\/www.pianoheritage.com\/fr\/wp-json\/wp\/v2\/product\/9895","targetHints":{"allow":["GET"]}}],"collection":[{"href":"https:\/\/www.pianoheritage.com\/fr\/wp-json\/wp\/v2\/product"}],"about":[{"href":"https:\/\/www.pianoheritage.com\/fr\/wp-json\/wp\/v2\/types\/product"}],"replies":[{"embeddable":true,"href":"https:\/\/www.pianoheritage.com\/fr\/wp-json\/wp\/v2\/comments?post=9895"}],"wp:featuredmedia":[{"embeddable":true,"href":"https:\/\/www.pianoheritage.com\/fr\/wp-json\/wp\/v2\/media\/9899"}],"wp:attachment":[{"href":"https:\/\/www.pianoheritage.com\/fr\/wp-json\/wp\/v2\/media?parent=9895"}],"wp:term":[{"taxonomy":"product_brand","embeddable":true,"href":"https:\/\/www.pianoheritage.com\/fr\/wp-json\/wp\/v2\/product_brand?post=9895"},{"taxonomy":"product_cat","embeddable":true,"href":"https:\/\/www.pianoheritage.com\/fr\/wp-json\/wp\/v2\/product_cat?post=9895"},{"taxonomy":"product_tag","embeddable":true,"href":"https:\/\/www.pianoheritage.com\/fr\/wp-json\/wp\/v2\/product_tag?post=9895"}],"curies":[{"name":"wp","href":"https:\/\/api.w.org\/{rel}","templated":true}]}}