{"id":960,"date":"2018-04-10T15:44:45","date_gmt":"2018-04-10T15:44:45","guid":{"rendered":"https:\/\/www.pianoheritage.com\/shop\/non%20class\u00e9\/yamaha-gc1\/"},"modified":"2021-09-05T16:51:07","modified_gmt":"2021-09-05T20:51:07","slug":"yamaha-gc1","status":"publish","type":"product","link":"https:\/\/www.pianoheritage.com\/fr\/shop\/pianos-yamaha\/pianos-a-queue\/yamaha-gc1\/","title":{"rendered":"Yamaha GC1"},"content":{"rendered":"<p>Le magnifique GC1 combine le caract\u00e8re riche du C1 avec une optimisation des mat\u00e9riaux et de la production afin de cr\u00e9er un instrument \u00e0 la fois exceptionnellement expressif et plus abordable. Avec le syst\u00e8me SH Silent inclus, ce mod\u00e8le offre des fonctionnalit\u00e9s que vous pouvez d\u00e9j\u00e0 retrouver sur des claviers num\u00e9riques\u2026<\/p>\n<ul>\n<li>Conception innovante des dimensions<\/li>\n<li>Pr\u00e9cision de la m\u00e9canique Yamaha<\/li>\n<li>Processus de coulage de la fonte sous-vide (V-Pro)<\/li>\n<li>S\u00e9chage adapt\u00e9 au pays de destination<\/li>\n<\/ul>\n","protected":false},"excerpt":{"rendered":"<p>Le magnifique GC1 combine le caract\u00e8re riche du C1 avec une optimisation des mat\u00e9riaux et de la production afin de cr\u00e9er un instrument \u00e0 la fois exceptionnellement expressif et plus abordable. Avec le syst\u00e8me SH Silent inclus, ce mod\u00e8le offre des fonctionnalit\u00e9s que vous pouvez d\u00e9j\u00e0 retrouver sur des claviers num\u00e9riques.<\/p>\n","protected":false},"featured_media":958,"comment_status":"open","ping_status":"closed","template":"","meta":{"jetpack_publicize_message":"","jetpack_publicize_feature_enabled":true,"jetpack_social_post_already_shared":false,"jetpack_social_options":{"image_generator_settings":{"template":"highway","default_image_id":0,"font":"","enabled":false},"version":2}},"product_brand":[],"product_cat":[68],"product_tag":[],"class_list":{"0":"post-960","1":"product","2":"type-product","3":"status-publish","4":"has-post-thumbnail","6":"product_cat-pianos-a-queue","8":"first","9":"instock","10":"taxable","11":"shipping-taxable","12":"product-type-simple"},"jetpack_publicize_connections":[],"jetpack_sharing_enabled":true,"_links":{"self":[{"href":"https:\/\/www.pianoheritage.com\/fr\/wp-json\/wp\/v2\/product\/960","targetHints":{"allow":["GET"]}}],"collection":[{"href":"https:\/\/www.pianoheritage.com\/fr\/wp-json\/wp\/v2\/product"}],"about":[{"href":"https:\/\/www.pianoheritage.com\/fr\/wp-json\/wp\/v2\/types\/product"}],"replies":[{"embeddable":true,"href":"https:\/\/www.pianoheritage.com\/fr\/wp-json\/wp\/v2\/comments?post=960"}],"wp:featuredmedia":[{"embeddable":true,"href":"https:\/\/www.pianoheritage.com\/fr\/wp-json\/wp\/v2\/media\/958"}],"wp:attachment":[{"href":"https:\/\/www.pianoheritage.com\/fr\/wp-json\/wp\/v2\/media?parent=960"}],"wp:term":[{"taxonomy":"product_brand","embeddable":true,"href":"https:\/\/www.pianoheritage.com\/fr\/wp-json\/wp\/v2\/product_brand?post=960"},{"taxonomy":"product_cat","embeddable":true,"href":"https:\/\/www.pianoheritage.com\/fr\/wp-json\/wp\/v2\/product_cat?post=960"},{"taxonomy":"product_tag","embeddable":true,"href":"https:\/\/www.pianoheritage.com\/fr\/wp-json\/wp\/v2\/product_tag?post=960"}],"curies":[{"name":"wp","href":"https:\/\/api.w.org\/{rel}","templated":true}]}}