{"id":9497,"date":"2024-10-08T10:14:11","date_gmt":"2024-10-08T14:14:11","guid":{"rendered":"https:\/\/www.pianoheritage.com\/?post_type=product&#038;p=9497"},"modified":"2024-10-08T10:28:23","modified_gmt":"2024-10-08T14:28:23","slug":"yamaha-pacifica-pac120h-guitare-electrique","status":"publish","type":"product","link":"https:\/\/www.pianoheritage.com\/fr\/shop\/guitares\/guitares-electriques\/yamaha-pacifica-pac120h-guitare-electrique\/","title":{"rendered":"Yamaha Pacifica PAC120H Guitare \u00c9lectrique"},"content":{"rendered":"<p>Votre premi\u00e8re guitare doit \u00eatre une excellente guitare, c&rsquo;est pourquoi chaque Pacifica combine la qualit\u00e9 de fabrication et la jouabilit\u00e9 renomm\u00e9es de Yamaha avec un son superbe. La Pacifica 012 est notre guitare \u00e9lectrique la plus abordable, et les mod\u00e8les Pacifica 100 offrent une gamme d&rsquo;options de micros, de mat\u00e9riaux de touche et de finition. Trouvez la solution id\u00e9ale pour votre son \u2013 et votre style.<\/p>\n<p>Corps en aulne<br \/>\nManche viss\u00e9 en \u00e9rable avec touche en palissandre<br \/>\nDeux micros humbuckers<br \/>\nCommutateur push-pull \u00e0 bobine divis\u00e9e pour des options tonales suppl\u00e9mentaires<\/p>\n","protected":false},"excerpt":{"rendered":"<p>Votre premi\u00e8re guitare doit \u00eatre une excellente guitare, c&rsquo;est pourquoi chaque Pacifica combine la qualit\u00e9 de fabrication et la jouabilit\u00e9 renomm\u00e9es de Yamaha avec un son superbe. La Pacifica 012 est notre guitare \u00e9lectrique la plus abordable, et les mod\u00e8les Pacifica 100 offrent une gamme d&rsquo;options de micros, de mat\u00e9riaux de touche et de finition. Trouvez la solution id\u00e9ale pour votre son \u2013 et votre style.<\/p>\n","protected":false},"featured_media":9509,"comment_status":"open","ping_status":"closed","template":"","meta":{"jetpack_publicize_message":"","jetpack_publicize_feature_enabled":true,"jetpack_social_post_already_shared":true,"jetpack_social_options":{"image_generator_settings":{"template":"highway","default_image_id":0,"font":"","enabled":false},"version":2}},"product_brand":[],"product_cat":[55],"product_tag":[886,885,752],"class_list":{"0":"post-9497","1":"product","2":"type-product","3":"status-publish","4":"has-post-thumbnail","6":"product_cat-guitares-electriques","7":"product_tag-pac012-fr","8":"product_tag-pac120-fr","9":"product_tag-pacifica-fr","11":"first","12":"instock","13":"taxable","14":"shipping-taxable","15":"purchasable","16":"product-type-variable"},"jetpack_publicize_connections":[],"jetpack_sharing_enabled":true,"_links":{"self":[{"href":"https:\/\/www.pianoheritage.com\/fr\/wp-json\/wp\/v2\/product\/9497","targetHints":{"allow":["GET"]}}],"collection":[{"href":"https:\/\/www.pianoheritage.com\/fr\/wp-json\/wp\/v2\/product"}],"about":[{"href":"https:\/\/www.pianoheritage.com\/fr\/wp-json\/wp\/v2\/types\/product"}],"replies":[{"embeddable":true,"href":"https:\/\/www.pianoheritage.com\/fr\/wp-json\/wp\/v2\/comments?post=9497"}],"wp:featuredmedia":[{"embeddable":true,"href":"https:\/\/www.pianoheritage.com\/fr\/wp-json\/wp\/v2\/media\/9509"}],"wp:attachment":[{"href":"https:\/\/www.pianoheritage.com\/fr\/wp-json\/wp\/v2\/media?parent=9497"}],"wp:term":[{"taxonomy":"product_brand","embeddable":true,"href":"https:\/\/www.pianoheritage.com\/fr\/wp-json\/wp\/v2\/product_brand?post=9497"},{"taxonomy":"product_cat","embeddable":true,"href":"https:\/\/www.pianoheritage.com\/fr\/wp-json\/wp\/v2\/product_cat?post=9497"},{"taxonomy":"product_tag","embeddable":true,"href":"https:\/\/www.pianoheritage.com\/fr\/wp-json\/wp\/v2\/product_tag?post=9497"}],"curies":[{"name":"wp","href":"https:\/\/api.w.org\/{rel}","templated":true}]}}