{"id":9445,"date":"2024-09-20T10:50:32","date_gmt":"2024-09-20T14:50:32","guid":{"rendered":"https:\/\/www.pianoheritage.com\/?post_type=product&#038;p=9445"},"modified":"2024-09-20T10:57:01","modified_gmt":"2024-09-20T14:57:01","slug":"yamaha-ll56areii-custom-acoustique","status":"publish","type":"product","link":"https:\/\/www.pianoheritage.com\/fr\/shop\/guitares\/guitares-acoustiques\/yamaha-ll56areii-custom-acoustique\/","title":{"rendered":"Yamaha LL56AREII custom acoustique"},"content":{"rendered":"<div id=\"d723462\" class=\"product-lineup-full-width\">\n<div class=\"container-fluid\">\n<div class=\"row\">\n<div class=\"col-xs-12 col-sm-8\">\n<p>Le mod\u00e8le phare de la s\u00e9rie L, le L56 Custom, est fabriqu\u00e9 par un ma\u00eetre luthier en utilisant uniquement les meilleurs mat\u00e9riaux s\u00e9lectionn\u00e9s \u00e0 la main. Non seulement le son offre une r\u00e9sonance acoustique riche et chaleureuse, mais les d\u00e9tails cosm\u00e9tiques font de cet instrument une belle \u0153uvre d&rsquo;art.<\/p>\n<p>Corps de type Jumbo d&rsquo;origine<br \/>\nTable en \u00e9pic\u00e9a Engelmann massif trait\u00e9 avec A.R.E.<br \/>\nDos et c\u00f4t\u00e9s en palissandre indien massif<br \/>\nProfil de cou traditionnel haut confort<br \/>\nIncrustation d&rsquo;ormeau de luxe<br \/>\nFinition laque nitrocellulosique<br \/>\nFabriqu\u00e9 au Japon<br \/>\n\u00c9tui rigide inclus<\/p>\n<\/div>\n<\/div>\n<\/div>\n<\/div>\n<div id=\"d723615\" class=\"product-lineup-full-width\">\n<div class=\"container-fluid\"><\/div>\n<\/div>\n","protected":false},"excerpt":{"rendered":"<p>Le mod\u00e8le phare de la s\u00e9rie L, le L56 Custom, est fabriqu\u00e9 par un ma\u00eetre luthier en utilisant uniquement les meilleurs mat\u00e9riaux s\u00e9lectionn\u00e9s \u00e0 la main. Non seulement le son offre une r\u00e9sonance acoustique riche et chaleureuse, mais les d\u00e9tails cosm\u00e9tiques font de cet instrument une belle \u0153uvre d&rsquo;art.<\/p>\n<p>&nbsp;<\/p>\n","protected":false},"featured_media":9447,"comment_status":"open","ping_status":"closed","template":"","meta":{"jetpack_publicize_message":"","jetpack_publicize_feature_enabled":true,"jetpack_social_post_already_shared":true,"jetpack_social_options":{"image_generator_settings":{"template":"highway","default_image_id":0,"font":"","enabled":false},"version":2}},"product_brand":[],"product_cat":[62],"product_tag":[879],"class_list":{"0":"post-9445","1":"product","2":"type-product","3":"status-publish","4":"has-post-thumbnail","6":"product_cat-guitares-acoustiques","7":"product_tag-ll56are-fr","9":"first","10":"instock","11":"taxable","12":"shipping-taxable","13":"purchasable","14":"product-type-simple"},"jetpack_publicize_connections":[],"jetpack_sharing_enabled":true,"_links":{"self":[{"href":"https:\/\/www.pianoheritage.com\/fr\/wp-json\/wp\/v2\/product\/9445","targetHints":{"allow":["GET"]}}],"collection":[{"href":"https:\/\/www.pianoheritage.com\/fr\/wp-json\/wp\/v2\/product"}],"about":[{"href":"https:\/\/www.pianoheritage.com\/fr\/wp-json\/wp\/v2\/types\/product"}],"replies":[{"embeddable":true,"href":"https:\/\/www.pianoheritage.com\/fr\/wp-json\/wp\/v2\/comments?post=9445"}],"wp:featuredmedia":[{"embeddable":true,"href":"https:\/\/www.pianoheritage.com\/fr\/wp-json\/wp\/v2\/media\/9447"}],"wp:attachment":[{"href":"https:\/\/www.pianoheritage.com\/fr\/wp-json\/wp\/v2\/media?parent=9445"}],"wp:term":[{"taxonomy":"product_brand","embeddable":true,"href":"https:\/\/www.pianoheritage.com\/fr\/wp-json\/wp\/v2\/product_brand?post=9445"},{"taxonomy":"product_cat","embeddable":true,"href":"https:\/\/www.pianoheritage.com\/fr\/wp-json\/wp\/v2\/product_cat?post=9445"},{"taxonomy":"product_tag","embeddable":true,"href":"https:\/\/www.pianoheritage.com\/fr\/wp-json\/wp\/v2\/product_tag?post=9445"}],"curies":[{"name":"wp","href":"https:\/\/api.w.org\/{rel}","templated":true}]}}