{"id":9435,"date":"2024-09-20T10:38:53","date_gmt":"2024-09-20T14:38:53","guid":{"rendered":"https:\/\/www.pianoheritage.com\/?post_type=product&#038;p=9435"},"modified":"2024-09-20T10:47:57","modified_gmt":"2024-09-20T14:47:57","slug":"guitare-yamaha-ll16are-et-ll16mare","status":"publish","type":"product","link":"https:\/\/www.pianoheritage.com\/fr\/shop\/guitares\/guitares-acoustiques\/guitare-yamaha-ll16are-et-ll16mare\/","title":{"rendered":"Guitare Yamaha LL16ARE et LL16MARE"},"content":{"rendered":"<p>Le L16 est dot\u00e9 d&rsquo;un dos et d&rsquo;\u00e9clisses enti\u00e8rement en palissandre\/acajou massif avec une table en \u00e9pic\u00e9a Engelmann de qualit\u00e9 sup\u00e9rieure s\u00e9lectionn\u00e9e \u00e0 la main. Mod\u00e8le de renfort nouvellement con\u00e7u et A.R.E. Le traitement cr\u00e9e une chaleur riche et une r\u00e9sonance ouverte tout en conservant un excellent \u00e9quilibre tonal qui permet \u00e0 cette guitare de s&rsquo;int\u00e9grer parfaitement dans un groupe. De plus, le nouveau profil de manche confortable et le micro Zero Impact de Yamaha vous garantissent une performance sans stress sur sc\u00e8ne.<\/p>\n<p>Corps de type Jumbo d&rsquo;origine<br \/>\nTable en \u00e9pic\u00e9a Engelmann massif avec A.R.E.<br \/>\nDos et c\u00f4t\u00e9s en palissandre massif<br \/>\nProfil de cou traditionnel haut confort<br \/>\nCol 5 plis<br \/>\nSyst\u00e8me passif + micro pi\u00e9zo SRT<br \/>\nSac rigide inclus<br \/>\nCordes \u00c9lixir<\/p>\n<div>Le L16M est une s\u00e9rie enti\u00e8rement solide avec des mat\u00e9riaux de qualit\u00e9 sup\u00e9rieure s\u00e9lectionn\u00e9s \u00e0 la main. Cette variante dos\/c\u00f4t\u00e9 en acajou massif est un choix parfait pour les joueurs qui recherchent plus de puissance et de chaleur.<\/div>\n<div><\/div>\n<div>Corps de type Jumbo d&rsquo;origine<\/div>\n<div>Table en \u00e9pic\u00e9a Engelmann massif avec A.R.E.<\/div>\n<div>Dos et c\u00f4t\u00e9s en acajou massif<\/div>\n<div>Profil de cou traditionnel haut confort<\/div>\n<div>Cou 5 plis<\/div>\n<div>Syst\u00e8me passif + micro pi\u00e9zo SRT<\/div>\n<div>Sac rigide inclus<\/div>\n<div>Cordes \u00c9lixir<\/div>\n<p>&nbsp;<\/p>\n","protected":false},"excerpt":{"rendered":"<p>Le L16 est dot\u00e9 d&rsquo;un dos et d&rsquo;\u00e9clisses enti\u00e8rement en palissandre\/acajou massif avec une table en \u00e9pic\u00e9a Engelmann de qualit\u00e9 sup\u00e9rieure s\u00e9lectionn\u00e9e \u00e0 la main. Mod\u00e8le de renfort nouvellement con\u00e7u et A.R.E. Le traitement cr\u00e9e une chaleur riche et une r\u00e9sonance ouverte tout en conservant un excellent \u00e9quilibre tonal qui permet \u00e0 cette guitare de s&rsquo;int\u00e9grer parfaitement dans un groupe. De plus, le nouveau profil de manche confortable et le micro Zero Impact de Yamaha vous garantissent une performance sans stress sur sc\u00e8ne.<\/p>\n<p>Le L16M est une s\u00e9rie enti\u00e8rement solide avec des mat\u00e9riaux de qualit\u00e9 sup\u00e9rieure s\u00e9lectionn\u00e9s \u00e0 la main. Cette variante dos\/c\u00f4t\u00e9 en acajou massif est un choix parfait pour les joueurs qui recherchent plus de puissance et de chaleur.<\/p>\n","protected":false},"featured_media":9441,"comment_status":"open","ping_status":"closed","template":"","meta":{"jetpack_publicize_message":"","jetpack_publicize_feature_enabled":true,"jetpack_social_post_already_shared":true,"jetpack_social_options":{"image_generator_settings":{"template":"highway","default_image_id":0,"font":"","enabled":false},"version":2}},"product_brand":[],"product_cat":[62],"product_tag":[877,876],"class_list":{"0":"post-9435","1":"product","2":"type-product","3":"status-publish","4":"has-post-thumbnail","6":"product_cat-guitares-acoustiques","7":"product_tag-ll16are-fr","8":"product_tag-ll16mare-fr","10":"first","11":"instock","12":"taxable","13":"shipping-taxable","14":"purchasable","15":"product-type-variable"},"jetpack_publicize_connections":[],"jetpack_sharing_enabled":true,"_links":{"self":[{"href":"https:\/\/www.pianoheritage.com\/fr\/wp-json\/wp\/v2\/product\/9435","targetHints":{"allow":["GET"]}}],"collection":[{"href":"https:\/\/www.pianoheritage.com\/fr\/wp-json\/wp\/v2\/product"}],"about":[{"href":"https:\/\/www.pianoheritage.com\/fr\/wp-json\/wp\/v2\/types\/product"}],"replies":[{"embeddable":true,"href":"https:\/\/www.pianoheritage.com\/fr\/wp-json\/wp\/v2\/comments?post=9435"}],"wp:featuredmedia":[{"embeddable":true,"href":"https:\/\/www.pianoheritage.com\/fr\/wp-json\/wp\/v2\/media\/9441"}],"wp:attachment":[{"href":"https:\/\/www.pianoheritage.com\/fr\/wp-json\/wp\/v2\/media?parent=9435"}],"wp:term":[{"taxonomy":"product_brand","embeddable":true,"href":"https:\/\/www.pianoheritage.com\/fr\/wp-json\/wp\/v2\/product_brand?post=9435"},{"taxonomy":"product_cat","embeddable":true,"href":"https:\/\/www.pianoheritage.com\/fr\/wp-json\/wp\/v2\/product_cat?post=9435"},{"taxonomy":"product_tag","embeddable":true,"href":"https:\/\/www.pianoheritage.com\/fr\/wp-json\/wp\/v2\/product_tag?post=9435"}],"curies":[{"name":"wp","href":"https:\/\/api.w.org\/{rel}","templated":true}]}}