{"id":943,"date":"2018-04-10T15:10:22","date_gmt":"2018-04-10T15:10:22","guid":{"rendered":"https:\/\/www.pianoheritage.com\/shop\/non%20class\u00e9\/yamaha-n2-hybrid\/"},"modified":"2021-09-05T16:52:44","modified_gmt":"2021-09-05T20:52:44","slug":"yamaha-n2-hybrid","status":"publish","type":"product","link":"https:\/\/www.pianoheritage.com\/fr\/shop\/pianos-yamaha\/pianos-a-queue\/yamaha-n2-hybrid\/","title":{"rendered":"Yamaha N2 Hybrid"},"content":{"rendered":"<p>Avec son syst\u00e8me r\u00e9volutionnaire de haut-parleurs et un toucher qui vous incite \u00e0 jouer, le format compact et les lignes \u00e9pur\u00e9es de ce piano symbolisent \u00e9l\u00e9gance et raffinement.<\/p>\n<ul class=\"small_list\">\n<li>M\u00e9canique de piano \u00e0 queue avec clavier en Ivorite\u2122<\/li>\n<li>\u00c9chantillonnage acoustique spatial<\/li>\n<li>Syst\u00e8me de haut-parleurs acoustique spatial<\/li>\n<li>Syst\u00e8me de r\u00e9ponse tactile<\/li>\n<\/ul>\n<p class=\"bluefont\">Dot\u00e9 de la m\u00eame action m\u00e9canique de piano \u00e0 queue que le N3, le N2, dont les lignes futuristes peuvent agr\u00e9menter tous les d\u00e9cors, maintient fermement son identit\u00e9 de piano \u00e0 queue. Avec son syst\u00e8me r\u00e9volutionnaire de haut-parleurs et un toucher qui vous incite \u00e0 jouer, le format compact et les lignes \u00e9pur\u00e9es de ce piano symbolisent \u00e9l\u00e9gance et raffinement. Pour les amateurs de piano d\u00e9sirant un piano \u00e0 queue mais qui ne disposent que d\u2019un espace limit\u00e9, la s\u00e9rie AvantGrand offre une nouvelle possibilit\u00e9.<\/p>\n<p class=\"video-container\"><iframe loading=\"lazy\" src=\"https:\/\/www.youtube.com\/embed\/Zgj8Ib5gMH4\" width=\"560\" height=\"315\" frameborder=\"0\" allowfullscreen=\"allowfullscreen\" data-mce-fragment=\"1\"><\/iframe><\/p>\n","protected":false},"excerpt":{"rendered":"<p>Avec son syst\u00e8me r\u00e9volutionnaire de haut-parleurs et un toucher qui vous incite \u00e0 jouer, le format compact et les lignes \u00e9pur\u00e9es de ce piano symbolisent \u00e9l\u00e9gance et raffinement.<\/p>\n","protected":false},"featured_media":942,"comment_status":"open","ping_status":"closed","template":"","meta":{"jetpack_publicize_message":"","jetpack_publicize_feature_enabled":true,"jetpack_social_post_already_shared":false,"jetpack_social_options":{"image_generator_settings":{"template":"highway","default_image_id":0,"font":"","enabled":false},"version":2}},"product_brand":[],"product_cat":[611,68],"product_tag":[75],"class_list":{"0":"post-943","1":"product","2":"type-product","3":"status-publish","4":"has-post-thumbnail","6":"product_cat-avantgrand","7":"product_cat-pianos-a-queue","8":"product_tag-hybrid-fr","10":"first","11":"instock","12":"taxable","13":"shipping-taxable","14":"product-type-simple"},"jetpack_publicize_connections":[],"jetpack_sharing_enabled":true,"_links":{"self":[{"href":"https:\/\/www.pianoheritage.com\/fr\/wp-json\/wp\/v2\/product\/943","targetHints":{"allow":["GET"]}}],"collection":[{"href":"https:\/\/www.pianoheritage.com\/fr\/wp-json\/wp\/v2\/product"}],"about":[{"href":"https:\/\/www.pianoheritage.com\/fr\/wp-json\/wp\/v2\/types\/product"}],"replies":[{"embeddable":true,"href":"https:\/\/www.pianoheritage.com\/fr\/wp-json\/wp\/v2\/comments?post=943"}],"wp:featuredmedia":[{"embeddable":true,"href":"https:\/\/www.pianoheritage.com\/fr\/wp-json\/wp\/v2\/media\/942"}],"wp:attachment":[{"href":"https:\/\/www.pianoheritage.com\/fr\/wp-json\/wp\/v2\/media?parent=943"}],"wp:term":[{"taxonomy":"product_brand","embeddable":true,"href":"https:\/\/www.pianoheritage.com\/fr\/wp-json\/wp\/v2\/product_brand?post=943"},{"taxonomy":"product_cat","embeddable":true,"href":"https:\/\/www.pianoheritage.com\/fr\/wp-json\/wp\/v2\/product_cat?post=943"},{"taxonomy":"product_tag","embeddable":true,"href":"https:\/\/www.pianoheritage.com\/fr\/wp-json\/wp\/v2\/product_tag?post=943"}],"curies":[{"name":"wp","href":"https:\/\/api.w.org\/{rel}","templated":true}]}}