{"id":9397,"date":"2024-09-17T08:44:29","date_gmt":"2024-09-17T12:44:29","guid":{"rendered":"https:\/\/www.pianoheritage.com\/?post_type=product&#038;p=9397"},"modified":"2024-09-17T08:53:43","modified_gmt":"2024-09-17T12:53:43","slug":"yamaha-apxt2ew-guitare","status":"publish","type":"product","link":"https:\/\/www.pianoheritage.com\/fr\/shop\/guitares\/guitares-acoustiques\/yamaha-apxt2ew-guitare\/","title":{"rendered":"Yamaha APXT2EW Guitare"},"content":{"rendered":"<div id=\"d282575\" class=\"product-lineup-full-width\">\n<div class=\"container-fluid\">\n<div class=\"row\">\n<div class=\"col-xs-12 col-sm-8\">\n<p>APXT2 est une taille 3\/4 de la guitare \u00e9lectro-acoustique la plus vendue au monde, l&rsquo;APX500III. Cette guitare compacte \u00e0 la fois amusante et bien construite est une excellente compagnie lorsque vous \u00eates sur la route. L&rsquo;APXT2EW est dot\u00e9 du micro \u00e0 contact d&rsquo;origine Yamaha et d&rsquo;un plateau en bois exotique magnifiquement grain\u00e9. L&rsquo;accessoire comprend un sac de transport.<\/p>\n<p>Corps APX r\u00e9duit<br \/>\nDessus en bois exotique magnifiquement grain\u00e9.<br \/>\nRecr\u00e9ez le ton naturel et la dynamique gr\u00e2ce \u00e0 ART Pickup.<br \/>\nHousse d&rsquo;origine incluse<\/p>\n<\/div>\n<\/div>\n<\/div>\n<\/div>\n","protected":false},"excerpt":{"rendered":"<p>APXT2 est une taille 3\/4 de la guitare \u00e9lectro-acoustique la plus vendue au monde, l&rsquo;APX500III. Cette guitare compacte \u00e0 la fois amusante et bien construite est une excellente compagnie lorsque vous \u00eates sur la route. L&rsquo;APXT2EW est dot\u00e9 du micro \u00e0 contact d&rsquo;origine Yamaha et d&rsquo;un plateau en bois exotique magnifiquement grain\u00e9. L&rsquo;accessoire comprend un sac de transport.<\/p>\n","protected":false},"featured_media":9405,"comment_status":"open","ping_status":"closed","template":"","meta":{"jetpack_publicize_message":"","jetpack_publicize_feature_enabled":true,"jetpack_social_post_already_shared":true,"jetpack_social_options":{"image_generator_settings":{"template":"highway","default_image_id":0,"font":"","enabled":false},"version":2}},"product_brand":[],"product_cat":[61,62,55],"product_tag":[1016],"class_list":{"0":"post-9397","1":"product","2":"type-product","3":"status-publish","4":"has-post-thumbnail","6":"product_cat-guitares","7":"product_cat-guitares-acoustiques","8":"product_cat-guitares-electriques","9":"product_tag-yamaha","11":"first","12":"instock","13":"taxable","14":"shipping-taxable","15":"purchasable","16":"product-type-variable"},"jetpack_publicize_connections":[],"jetpack_sharing_enabled":true,"_links":{"self":[{"href":"https:\/\/www.pianoheritage.com\/fr\/wp-json\/wp\/v2\/product\/9397","targetHints":{"allow":["GET"]}}],"collection":[{"href":"https:\/\/www.pianoheritage.com\/fr\/wp-json\/wp\/v2\/product"}],"about":[{"href":"https:\/\/www.pianoheritage.com\/fr\/wp-json\/wp\/v2\/types\/product"}],"replies":[{"embeddable":true,"href":"https:\/\/www.pianoheritage.com\/fr\/wp-json\/wp\/v2\/comments?post=9397"}],"wp:featuredmedia":[{"embeddable":true,"href":"https:\/\/www.pianoheritage.com\/fr\/wp-json\/wp\/v2\/media\/9405"}],"wp:attachment":[{"href":"https:\/\/www.pianoheritage.com\/fr\/wp-json\/wp\/v2\/media?parent=9397"}],"wp:term":[{"taxonomy":"product_brand","embeddable":true,"href":"https:\/\/www.pianoheritage.com\/fr\/wp-json\/wp\/v2\/product_brand?post=9397"},{"taxonomy":"product_cat","embeddable":true,"href":"https:\/\/www.pianoheritage.com\/fr\/wp-json\/wp\/v2\/product_cat?post=9397"},{"taxonomy":"product_tag","embeddable":true,"href":"https:\/\/www.pianoheritage.com\/fr\/wp-json\/wp\/v2\/product_tag?post=9397"}],"curies":[{"name":"wp","href":"https:\/\/api.w.org\/{rel}","templated":true}]}}