{"id":935,"date":"2018-04-10T14:24:25","date_gmt":"2018-04-10T14:24:25","guid":{"rendered":"https:\/\/www.pianoheritage.com\/shop\/non%20class\u00e9\/yamaha-yus5\/"},"modified":"2021-09-05T16:55:27","modified_gmt":"2021-09-05T20:55:27","slug":"yamaha-yus5","status":"publish","type":"product","link":"https:\/\/www.pianoheritage.com\/fr\/shop\/pianos-yamaha\/pianos-acoustiques-droits\/yamaha-yus5\/","title":{"rendered":"Yamaha YUS5"},"content":{"rendered":"<p>Fabriqu\u00e9 avec soin \u00e0 partir des meilleurs mat\u00e9riaux, le YUS5 allie \u00e9l\u00e9gance et qualit\u00e9 musicale gr\u00e2ce au son magnifique et au toucher naturel du clavier exclusif Ivorite de Yamaha.<\/p>\n<ul class=\"small_list\">\n<li>Membrures pleine longueur sur bande crant\u00e9e<\/li>\n<li>Table d\u2019harmonie et membrures en bois d\u2019\u00e9pinette massif<\/li>\n<li>Acoustibars<\/li>\n<li>Cordes graves en cuivre fil\u00e9<\/li>\n<li>Chevalets en bois d\u2019\u00e9rable<\/li>\n<li>Rail de m\u00e9canisme en alliage d\u2019aluminium<\/li>\n<li>M\u00e9canisme \u00e9quilibr\u00e9 de Yamaha<\/li>\n<li>Touches en \u00e9pinette avec boutons en bois dur<\/li>\n<li>Toucher d\u2019un piano \u00e0 queue<\/li>\n<li>Chevilles d\u2019accord filet\u00e9es<\/li>\n<li>P\u00e9dale de sourdine<\/li>\n<li>Marteaux con\u00e7us par Yamaha avec des attaches en T<\/li>\n<li>Plaques d\u2019accrochage fabriqu\u00e9es par moulage sous vide (V-Pro)<\/li>\n<li>Nouvelles roulettes doubles<\/li>\n<li>Pr\u00e9paration selon la destination<\/li>\n<\/ul>\n<p class=\"bluefont\">Fabriqu\u00e9 avec patience, minutie et savoir-faire par les ma\u00eetres artisans de Yamaha \u00e0 partir des meilleurs mat\u00e9riaux, le YUS5 allie \u00e9l\u00e9gance et qualit\u00e9 musicale gr\u00e2ce \u00e0 sa magnifique sonorit\u00e9 et au toucher naturel du clavier exclusif Ivorite de Yamaha.<\/p>\n<p class=\"video-container\"><iframe loading=\"lazy\" src=\"https:\/\/www.youtube.com\/embed\/zHWihzXN620\" width=\"560\" height=\"315\" frameborder=\"0\" allowfullscreen=\"allowfullscreen\"><\/iframe><\/p>\n","protected":false},"excerpt":{"rendered":"<p>Fabriqu\u00e9 avec soin \u00e0 partir des meilleurs mat\u00e9riaux, le YUS5 allie \u00e9l\u00e9gance et qualit\u00e9 musicale gr\u00e2ce au son magnifique et au toucher naturel du clavier exclusif Ivorite de Yamaha.<\/p>\n","protected":false},"featured_media":934,"comment_status":"open","ping_status":"closed","template":"","meta":{"jetpack_publicize_message":"","jetpack_publicize_feature_enabled":true,"jetpack_social_post_already_shared":false,"jetpack_social_options":{"image_generator_settings":{"template":"highway","default_image_id":0,"font":"","enabled":false},"version":2}},"product_brand":[],"product_cat":[67],"product_tag":[794],"class_list":{"0":"post-935","1":"product","2":"type-product","3":"status-publish","4":"has-post-thumbnail","6":"product_cat-pianos-acoustiques-droits","7":"product_tag-yus5-fr","9":"first","10":"instock","11":"taxable","12":"shipping-taxable","13":"product-type-simple"},"jetpack_publicize_connections":[],"jetpack_sharing_enabled":true,"_links":{"self":[{"href":"https:\/\/www.pianoheritage.com\/fr\/wp-json\/wp\/v2\/product\/935","targetHints":{"allow":["GET"]}}],"collection":[{"href":"https:\/\/www.pianoheritage.com\/fr\/wp-json\/wp\/v2\/product"}],"about":[{"href":"https:\/\/www.pianoheritage.com\/fr\/wp-json\/wp\/v2\/types\/product"}],"replies":[{"embeddable":true,"href":"https:\/\/www.pianoheritage.com\/fr\/wp-json\/wp\/v2\/comments?post=935"}],"wp:featuredmedia":[{"embeddable":true,"href":"https:\/\/www.pianoheritage.com\/fr\/wp-json\/wp\/v2\/media\/934"}],"wp:attachment":[{"href":"https:\/\/www.pianoheritage.com\/fr\/wp-json\/wp\/v2\/media?parent=935"}],"wp:term":[{"taxonomy":"product_brand","embeddable":true,"href":"https:\/\/www.pianoheritage.com\/fr\/wp-json\/wp\/v2\/product_brand?post=935"},{"taxonomy":"product_cat","embeddable":true,"href":"https:\/\/www.pianoheritage.com\/fr\/wp-json\/wp\/v2\/product_cat?post=935"},{"taxonomy":"product_tag","embeddable":true,"href":"https:\/\/www.pianoheritage.com\/fr\/wp-json\/wp\/v2\/product_tag?post=935"}],"curies":[{"name":"wp","href":"https:\/\/api.w.org\/{rel}","templated":true}]}}