{"id":9301,"date":"2024-08-20T07:44:43","date_gmt":"2024-08-20T11:44:43","guid":{"rendered":"https:\/\/www.pianoheritage.com\/?post_type=product&#038;p=9301"},"modified":"2024-08-20T08:07:46","modified_gmt":"2024-08-20T12:07:46","slug":"yamaha-apx700ii-guitare-acoustique-electronique","status":"publish","type":"product","link":"https:\/\/www.pianoheritage.com\/fr\/shop\/guitares\/guitares-acoustiques\/yamaha-apx700ii-guitare-acoustique-electronique\/","title":{"rendered":"Yamaha APX700II Guitare acoustique-el\u00e9ctronique"},"content":{"rendered":"<p>La s\u00e9rie 700 est dot\u00e9e du syst\u00e8me de micros ART unique de Yamaha. Con\u00e7ue pour capturer toute la r\u00e9sonance du corps de la guitare, la capacit\u00e9 d&rsquo;ART \u00e0 recr\u00e9er fid\u00e8lement le son naturel et la dynamique du corps signifie que chaque nuance de votre jeu est fid\u00e8lement reproduite.<\/p>\n<p>Corps fin et pan coup\u00e9 pour une excellente jouabilit\u00e9<br \/>\nTable en \u00e9pic\u00e9a massif<br \/>\nMicro ART pour une r\u00e9ponse dynamique naturelle<\/p>\n","protected":false},"excerpt":{"rendered":"<p>La s\u00e9rie 700 est dot\u00e9e du syst\u00e8me de micros ART unique de Yamaha. Con\u00e7ue pour capturer toute la r\u00e9sonance du corps de la guitare, la capacit\u00e9 d&rsquo;ART \u00e0 recr\u00e9er fid\u00e8lement le son naturel et la dynamique du corps signifie que chaque nuance de votre jeu est fid\u00e8lement reproduite.<\/p>\n","protected":false},"featured_media":9315,"comment_status":"open","ping_status":"closed","template":"","meta":{"jetpack_publicize_message":"","jetpack_publicize_feature_enabled":true,"jetpack_social_post_already_shared":true,"jetpack_social_options":{"image_generator_settings":{"template":"highway","default_image_id":0,"font":"","enabled":false},"version":2}},"product_brand":[],"product_cat":[61,62],"product_tag":[1016],"class_list":{"0":"post-9301","1":"product","2":"type-product","3":"status-publish","4":"has-post-thumbnail","6":"product_cat-guitares","7":"product_cat-guitares-acoustiques","8":"product_tag-yamaha","10":"first","11":"instock","12":"taxable","13":"shipping-taxable","14":"purchasable","15":"product-type-variable"},"jetpack_publicize_connections":[],"jetpack_sharing_enabled":true,"_links":{"self":[{"href":"https:\/\/www.pianoheritage.com\/fr\/wp-json\/wp\/v2\/product\/9301","targetHints":{"allow":["GET"]}}],"collection":[{"href":"https:\/\/www.pianoheritage.com\/fr\/wp-json\/wp\/v2\/product"}],"about":[{"href":"https:\/\/www.pianoheritage.com\/fr\/wp-json\/wp\/v2\/types\/product"}],"replies":[{"embeddable":true,"href":"https:\/\/www.pianoheritage.com\/fr\/wp-json\/wp\/v2\/comments?post=9301"}],"wp:featuredmedia":[{"embeddable":true,"href":"https:\/\/www.pianoheritage.com\/fr\/wp-json\/wp\/v2\/media\/9315"}],"wp:attachment":[{"href":"https:\/\/www.pianoheritage.com\/fr\/wp-json\/wp\/v2\/media?parent=9301"}],"wp:term":[{"taxonomy":"product_brand","embeddable":true,"href":"https:\/\/www.pianoheritage.com\/fr\/wp-json\/wp\/v2\/product_brand?post=9301"},{"taxonomy":"product_cat","embeddable":true,"href":"https:\/\/www.pianoheritage.com\/fr\/wp-json\/wp\/v2\/product_cat?post=9301"},{"taxonomy":"product_tag","embeddable":true,"href":"https:\/\/www.pianoheritage.com\/fr\/wp-json\/wp\/v2\/product_tag?post=9301"}],"curies":[{"name":"wp","href":"https:\/\/api.w.org\/{rel}","templated":true}]}}