{"id":9242,"date":"2024-08-09T11:55:09","date_gmt":"2024-08-09T15:55:10","guid":{"rendered":"https:\/\/www.pianoheritage.com\/?post_type=product&#038;p=9242"},"modified":"2024-10-01T11:12:54","modified_gmt":"2024-10-01T15:12:54","slug":"yamaha-mg-consoles-de-mixage","status":"publish","type":"product","link":"https:\/\/www.pianoheritage.com\/fr\/shop\/denceintes-et-son\/consoles-de-mixage\/yamaha-mg-consoles-de-mixage\/","title":{"rendered":"Yamaha MG Consoles de mixage"},"content":{"rendered":"<p>Depuis plus d&rsquo;un si\u00e8cle, Yamaha b\u00e2tit un h\u00e9ritage de savoir-faire et d&rsquo;innovation de qualit\u00e9 sup\u00e9rieure, illustr\u00e9 dans tous nos produits, depuis un catalogue in\u00e9gal\u00e9 d&rsquo;instruments de musique de classe mondiale jusqu&rsquo;\u00e0 l&rsquo;audio professionnel de qualit\u00e9 tourn\u00e9e. D\u00e9sormais dans sa troisi\u00e8me incarnation, la s\u00e9rie MG incarne cette qu\u00eate de l&rsquo;excellence du design et int\u00e8gre certaines des m\u00eames technologies d\u00e9velopp\u00e9es pour \u00eatre utilis\u00e9es dans les consoles professionnelles haut de gamme, notamment des pr\u00e9amplis de qualit\u00e9 studio, un traitement num\u00e9rique puissant et une construction robuste et fiable.<\/p>\n<p>Dot\u00e9e d&rsquo;une interface intuitive et facile \u00e0 utiliser, la s\u00e9rie MG propose une vaste gamme de consoles de mixage compactes avec des mod\u00e8les allant de six \u00e0 vingt canaux, adapt\u00e9s \u00e0 un large \u00e9ventail d&rsquo;utilisateurs et d&rsquo;applications. Pour les configurations install\u00e9es, d&rsquo;enregistrement ou de musique live, la construction solide et la conception flexible de ces consoles vous permettent de fa\u00e7onner votre son en toute confiance, offrant en permanence des performances optimales et un niveau de qualit\u00e9 sonore et de fiabilit\u00e9 in\u00e9gal\u00e9e dans sa cat\u00e9gorie.<\/p>\n<p><span class=\"embed-youtube\" style=\"text-align:center; display: block;\"><iframe loading=\"lazy\" class=\"youtube-player\" width=\"1020\" height=\"574\" src=\"https:\/\/www.youtube.com\/embed\/wMS_WMIR_8g?version=3&#038;rel=1&#038;showsearch=0&#038;showinfo=1&#038;iv_load_policy=1&#038;fs=1&#038;hl=fr-FR&#038;autohide=2&#038;wmode=transparent\" allowfullscreen=\"true\" style=\"border:0;\" sandbox=\"allow-scripts allow-same-origin allow-popups allow-presentation allow-popups-to-escape-sandbox\"><\/iframe><\/span><\/p>\n","protected":false},"excerpt":{"rendered":"<p>Depuis plus d&rsquo;un si\u00e8cle, Yamaha b\u00e2tit un h\u00e9ritage de savoir-faire et d&rsquo;innovation de qualit\u00e9 sup\u00e9rieure, illustr\u00e9 dans tous nos produits, depuis un catalogue in\u00e9gal\u00e9 d&rsquo;instruments de musique de classe mondiale jusqu&rsquo;\u00e0 l&rsquo;audio professionnel de qualit\u00e9 tourn\u00e9e. D\u00e9sormais dans sa troisi\u00e8me incarnation, la s\u00e9rie MG incarne cette qu\u00eate de l&rsquo;excellence du design et int\u00e8gre certaines des m\u00eames technologies d\u00e9velopp\u00e9es pour \u00eatre utilis\u00e9es dans les consoles professionnelles haut de gamme, notamment des pr\u00e9amplis de qualit\u00e9 studio, un traitement num\u00e9rique puissant et une construction robuste et fiable.<\/p>\n","protected":false},"featured_media":9251,"comment_status":"open","ping_status":"closed","template":"","meta":{"jetpack_publicize_message":"","jetpack_publicize_feature_enabled":true,"jetpack_social_post_already_shared":true,"jetpack_social_options":{"image_generator_settings":{"template":"highway","default_image_id":0,"font":"","enabled":false},"version":2}},"product_brand":[],"product_cat":[811],"product_tag":[837],"class_list":{"0":"post-9242","1":"product","2":"type-product","3":"status-publish","4":"has-post-thumbnail","6":"product_cat-consoles-de-mixage","7":"product_tag-console-de-mixage-fr","9":"first","10":"instock","11":"taxable","12":"shipping-taxable","13":"purchasable","14":"product-type-variable"},"jetpack_publicize_connections":[],"jetpack_sharing_enabled":true,"_links":{"self":[{"href":"https:\/\/www.pianoheritage.com\/fr\/wp-json\/wp\/v2\/product\/9242","targetHints":{"allow":["GET"]}}],"collection":[{"href":"https:\/\/www.pianoheritage.com\/fr\/wp-json\/wp\/v2\/product"}],"about":[{"href":"https:\/\/www.pianoheritage.com\/fr\/wp-json\/wp\/v2\/types\/product"}],"replies":[{"embeddable":true,"href":"https:\/\/www.pianoheritage.com\/fr\/wp-json\/wp\/v2\/comments?post=9242"}],"wp:featuredmedia":[{"embeddable":true,"href":"https:\/\/www.pianoheritage.com\/fr\/wp-json\/wp\/v2\/media\/9251"}],"wp:attachment":[{"href":"https:\/\/www.pianoheritage.com\/fr\/wp-json\/wp\/v2\/media?parent=9242"}],"wp:term":[{"taxonomy":"product_brand","embeddable":true,"href":"https:\/\/www.pianoheritage.com\/fr\/wp-json\/wp\/v2\/product_brand?post=9242"},{"taxonomy":"product_cat","embeddable":true,"href":"https:\/\/www.pianoheritage.com\/fr\/wp-json\/wp\/v2\/product_cat?post=9242"},{"taxonomy":"product_tag","embeddable":true,"href":"https:\/\/www.pianoheritage.com\/fr\/wp-json\/wp\/v2\/product_tag?post=9242"}],"curies":[{"name":"wp","href":"https:\/\/api.w.org\/{rel}","templated":true}]}}