{"id":921,"date":"2018-04-09T19:55:31","date_gmt":"2018-04-09T19:55:31","guid":{"rendered":"https:\/\/www.pianoheritage.com\/shop\/non%20class\u00e9\/yamaha-u3\/"},"modified":"2021-09-05T16:55:07","modified_gmt":"2021-09-05T20:55:07","slug":"yamaha-u3","status":"publish","type":"product","link":"https:\/\/www.pianoheritage.com\/fr\/shop\/pianos-yamaha\/pianos-acoustiques-droits\/yamaha-u3\/","title":{"rendered":"Yamaha U3"},"content":{"rendered":"<p>La table d\u2019harmonie expansible et la chambre acoustique du U3 (131 cm) lui conf\u00e8rent une puissance de projection accrue et une ma\u00eetrise tonale et expressive que seule une m\u00e9canique Yamaha peut procurer.<\/p>\n<ul class=\"small_list\">\n<li>Conception sophistiqu\u00e9e<\/li>\n<li>Table d&rsquo;harmonie et cadre<\/li>\n<li>Marteaux redessin\u00e9s<\/li>\n<li>Couvercle de clavier \u00e0 fermeture amortie<\/li>\n<\/ul>\n<p class=\"bluefont\">Les pianos de la s\u00e9rie U de Yamaha sont depuis longtemps le premier choix des institutions d\u2019enseignement, des musiciens professionnels et des pianistes \u00e9clair\u00e9s pour leur r\u00e9sidence. Maintenant, gr\u00e2ce aux nouvelles technologies, \u00e0 l\u2019am\u00e9lioration des mat\u00e9riaux et des techniques de fabrication, ces instruments de renomm\u00e9e mondiale sont meilleurs que jamais auparavant.<\/p>\n","protected":false},"excerpt":{"rendered":"<p>La table d\u2019harmonie expansible et la chambre acoustique du U3 (131 cm) lui conf\u00e8rent une puissance de projection accrue et une ma\u00eetrise tonale et expressive que seule une m\u00e9canique Yamaha peut procurer.<\/p>\n","protected":false},"featured_media":920,"comment_status":"open","ping_status":"closed","template":"","meta":{"jetpack_publicize_message":"","jetpack_publicize_feature_enabled":true,"jetpack_social_post_already_shared":false,"jetpack_social_options":{"image_generator_settings":{"template":"highway","default_image_id":0,"font":"","enabled":false},"version":2}},"product_brand":[],"product_cat":[67],"product_tag":[],"class_list":{"0":"post-921","1":"product","2":"type-product","3":"status-publish","4":"has-post-thumbnail","6":"product_cat-pianos-acoustiques-droits","8":"first","9":"instock","10":"taxable","11":"shipping-taxable","12":"product-type-simple"},"jetpack_publicize_connections":[],"jetpack_sharing_enabled":true,"_links":{"self":[{"href":"https:\/\/www.pianoheritage.com\/fr\/wp-json\/wp\/v2\/product\/921","targetHints":{"allow":["GET"]}}],"collection":[{"href":"https:\/\/www.pianoheritage.com\/fr\/wp-json\/wp\/v2\/product"}],"about":[{"href":"https:\/\/www.pianoheritage.com\/fr\/wp-json\/wp\/v2\/types\/product"}],"replies":[{"embeddable":true,"href":"https:\/\/www.pianoheritage.com\/fr\/wp-json\/wp\/v2\/comments?post=921"}],"wp:featuredmedia":[{"embeddable":true,"href":"https:\/\/www.pianoheritage.com\/fr\/wp-json\/wp\/v2\/media\/920"}],"wp:attachment":[{"href":"https:\/\/www.pianoheritage.com\/fr\/wp-json\/wp\/v2\/media?parent=921"}],"wp:term":[{"taxonomy":"product_brand","embeddable":true,"href":"https:\/\/www.pianoheritage.com\/fr\/wp-json\/wp\/v2\/product_brand?post=921"},{"taxonomy":"product_cat","embeddable":true,"href":"https:\/\/www.pianoheritage.com\/fr\/wp-json\/wp\/v2\/product_cat?post=921"},{"taxonomy":"product_tag","embeddable":true,"href":"https:\/\/www.pianoheritage.com\/fr\/wp-json\/wp\/v2\/product_tag?post=921"}],"curies":[{"name":"wp","href":"https:\/\/api.w.org\/{rel}","templated":true}]}}