{"id":9155,"date":"2024-06-10T17:18:11","date_gmt":"2024-06-10T21:18:13","guid":{"rendered":"https:\/\/www.pianoheritage.com\/?post_type=product&#038;p=9155"},"modified":"2025-02-03T18:13:30","modified_gmt":"2025-02-03T23:13:30","slug":"amplificateur-line-6-catalyst-cx-serie","status":"publish","type":"product","link":"https:\/\/www.pianoheritage.com\/fr\/shop\/denceintes-et-son\/amplificateurs\/amplificateur-line-6-catalyst-cx-serie\/","title":{"rendered":"Amplificateur Line 6 CATALYST CX s\u00e9rie"},"content":{"rendered":"<p>La famille Catalyst\u00ae CX comprend trois amplificateurs combo double canal qui fonctionnent comme des amplis de guitare traditionnels, tout en offrant la polyvalence accrue des amplificateurs modernes. Ils comportent 12 voicings d&rsquo;ampli d\u00e9riv\u00e9s du processeur d&rsquo;ampli et d&rsquo;effets prim\u00e9 Helix\u00ae, allant du son clair immacul\u00e9 au gain \u00e9lev\u00e9 moderne, et chaque voicing d&rsquo;ampli est associ\u00e9 \u00e0 un type de Boost personnalis\u00e9. Il existe \u00e9galement 24 effets de qualit\u00e9 HX\u00ae r\u00e9partis dans quatre cat\u00e9gories d&rsquo;effets. Les fonctionnalit\u00e9s suppl\u00e9mentaires incluent une construction robuste, un bouton Tap\/Tuner, une sortie ligne XLR, une boucle d&rsquo;effets, une entr\u00e9e Power Amp pour utiliser le Catalyst CX comme haut-parleur amplifi\u00e9, une fonctionnalit\u00e9 MIDI, une interface d&rsquo;enregistrement USB \u00e0 4 canaux et des options de sortie d&rsquo;alimentation. L&rsquo;application gratuite Catalyst Edit pour ordinateurs de bureau et appareils mobiles offre des capacit\u00e9s d&rsquo;\u00e9dition approfondies. Ajoutez un footswitch LFS2 en option pour encore plus de flexibilit\u00e9, et un couvercle en option pour prot\u00e9ger votre combo. Du Catalyst CX 200 de 200 watts, capable de se d\u00e9fendre sur presque toutes les sc\u00e8nes, au Catalyst CX 60 de 60 watts, parfait pour s&rsquo;entra\u00eener, enregistrer et jouer dans de petites salles, il existe un ampli Catalyst CX pour chaque joueur.<\/p>\n<p><span class=\"embed-youtube\" style=\"text-align:center; display: block;\"><iframe loading=\"lazy\" class=\"youtube-player\" width=\"1020\" height=\"574\" src=\"https:\/\/www.youtube.com\/embed\/uT6oGJ9djao?version=3&#038;rel=1&#038;showsearch=0&#038;showinfo=1&#038;iv_load_policy=1&#038;fs=1&#038;hl=fr-FR&#038;autohide=2&#038;wmode=transparent\" allowfullscreen=\"true\" style=\"border:0;\" sandbox=\"allow-scripts allow-same-origin allow-popups allow-presentation allow-popups-to-escape-sandbox\"><\/iframe><\/span><\/p>\n","protected":false},"excerpt":{"rendered":"<p>La famille Catalyst\u00ae CX comprend trois amplificateurs combo double canal qui fonctionnent comme des amplis de guitare traditionnels, tout en offrant la polyvalence accrue des amplificateurs modernes.<\/p>\n","protected":false},"featured_media":9160,"comment_status":"open","ping_status":"closed","template":"","meta":{"jetpack_publicize_message":"","jetpack_publicize_feature_enabled":true,"jetpack_social_post_already_shared":true,"jetpack_social_options":{"image_generator_settings":{"template":"highway","default_image_id":0,"font":"","enabled":false},"version":2}},"product_brand":[],"product_cat":[69],"product_tag":[781,780,783,916,917,915,715],"class_list":{"0":"post-9155","1":"product","2":"type-product","3":"status-publish","4":"has-post-thumbnail","6":"product_cat-amplificateurs","7":"product_tag-amp-fr","8":"product_tag-catalyst-fr","9":"product_tag-catalyst-cx-fr","10":"product_tag-cx100-fr","11":"product_tag-cx200-fr","12":"product_tag-cx60-fr","13":"product_tag-line-6-fr","15":"first","16":"instock","17":"sale","18":"taxable","19":"shipping-taxable","20":"purchasable","21":"product-type-variable"},"jetpack_publicize_connections":[],"jetpack_sharing_enabled":true,"_links":{"self":[{"href":"https:\/\/www.pianoheritage.com\/fr\/wp-json\/wp\/v2\/product\/9155","targetHints":{"allow":["GET"]}}],"collection":[{"href":"https:\/\/www.pianoheritage.com\/fr\/wp-json\/wp\/v2\/product"}],"about":[{"href":"https:\/\/www.pianoheritage.com\/fr\/wp-json\/wp\/v2\/types\/product"}],"replies":[{"embeddable":true,"href":"https:\/\/www.pianoheritage.com\/fr\/wp-json\/wp\/v2\/comments?post=9155"}],"wp:featuredmedia":[{"embeddable":true,"href":"https:\/\/www.pianoheritage.com\/fr\/wp-json\/wp\/v2\/media\/9160"}],"wp:attachment":[{"href":"https:\/\/www.pianoheritage.com\/fr\/wp-json\/wp\/v2\/media?parent=9155"}],"wp:term":[{"taxonomy":"product_brand","embeddable":true,"href":"https:\/\/www.pianoheritage.com\/fr\/wp-json\/wp\/v2\/product_brand?post=9155"},{"taxonomy":"product_cat","embeddable":true,"href":"https:\/\/www.pianoheritage.com\/fr\/wp-json\/wp\/v2\/product_cat?post=9155"},{"taxonomy":"product_tag","embeddable":true,"href":"https:\/\/www.pianoheritage.com\/fr\/wp-json\/wp\/v2\/product_tag?post=9155"}],"curies":[{"name":"wp","href":"https:\/\/api.w.org\/{rel}","templated":true}]}}