{"id":9135,"date":"2024-06-10T16:58:22","date_gmt":"2024-06-10T20:58:24","guid":{"rendered":"https:\/\/www.pianoheritage.com\/?post_type=product&#038;p=9135"},"modified":"2024-08-09T13:02:26","modified_gmt":"2024-08-09T17:02:26","slug":"amplificateur-line-6-catalyst-serie","status":"publish","type":"product","link":"https:\/\/www.pianoheritage.com\/fr\/shop\/denceintes-et-son\/amplificateurs\/amplificateur-line-6-catalyst-serie\/","title":{"rendered":"Amplificateur Line 6 CATALYST s\u00e9rie"},"content":{"rendered":"<p>La famille Catalyst comprend trois amplificateurs combo double canal qui fonctionnent comme des amplis de guitare traditionnels tout en offrant la polyvalence accrue des amplificateurs modernes. Du Catalyst 200 de 200 watts, capable de se d\u00e9fendre sur presque toutes les sc\u00e8nes, au Catalyst 60 de 60 watts, parfait pour s&rsquo;entra\u00eener, enregistrer et jouer dans de petites salles, il existe un ampli Catalyst pour chaque joueur.<\/p>\n<p>L&rsquo;amplificateur combo Catalyst 60 fonctionne comme un ampli de guitare traditionnel, tout en offrant la polyvalence accrue d&rsquo;un ampli moderne, et propose six conceptions d&rsquo;amplis originales con\u00e7ues \u00e0 l&rsquo;aide des techniques de conception sonore HX renomm\u00e9es.<\/p>\n<p>L&rsquo;amplificateur combo Catalyst 100 fonctionne comme un ampli de guitare traditionnel, tout en offrant la polyvalence accrue d&rsquo;un ampli moderne, et propose six conceptions d&rsquo;amplis originales con\u00e7ues \u00e0 l&rsquo;aide des techniques de conception sonore HX renomm\u00e9es.<\/p>\n<p>&nbsp;<\/p>\n<p>L&rsquo;amplificateur combo Catalyst 200 fonctionne comme un ampli de guitare traditionnel, tout en offrant la polyvalence accrue d&rsquo;un ampli moderne. Les amplificateurs Catalyst proposent six conceptions d&rsquo;amplis originales &#8211; allant du son clair immacul\u00e9 au gain \u00e9lev\u00e9 moderne &#8211; con\u00e7ues en utilisant les techniques de conception sonore renomm\u00e9es Line 6 HX pour garantir une tonalit\u00e9 et une sensation exceptionnelles. Ces combos puissants et robustes conviennent aussi bien \u00e0 une utilisation sur sc\u00e8ne qu&rsquo;en studio et disposent d&rsquo;une sortie ligne XLR et d&rsquo;une interface d&rsquo;enregistrement USB \u00e0 4 canaux. Sont \u00e9galement inclus des circuits Boost personnalis\u00e9s pour chaque type d&rsquo;ampli, une section Reverb d\u00e9di\u00e9e avec six types de r\u00e9verb\u00e9ration, 18 effets suppl\u00e9mentaires, une boucle d&rsquo;effets, une entr\u00e9e Power Amp pour utiliser Catalyst comme haut-parleur amplifi\u00e9, des capacit\u00e9s MIDI et des options d&rsquo;att\u00e9nuation de puissance pour jouer \u00e0 n&rsquo;importe quel volume. L&rsquo;application gratuite Catalyst Edit pour ordinateurs de bureau et appareils mobiles offre des capacit\u00e9s d&rsquo;\u00e9dition approfondies.<\/p>\n<p>Caract\u00e9ristiques<br \/>\n\u2022 Six voicings d&rsquo;ampli au design original Line 6, du plus pur au gain le plus \u00e9lev\u00e9, avec un contr\u00f4le de boost sur mesure<br \/>\n\u2022 Six banques de deux canaux pour un total de douze emplacements pr\u00e9d\u00e9finis<br \/>\n\u2022 Six r\u00e9verb\u00e9rations personnalis\u00e9es de haute qualit\u00e9<br \/>\n\u2022 Six d\u00e9lais personnalis\u00e9s<br \/>\n\u2022 Six effets de modulation<br \/>\n\u2022 Six effets de pitch shift et de filtre<br \/>\n\u2022 Fonction Power Amp In qui vous permet de connecter des p\u00e9dales d&rsquo;effets externes, des p\u00e9daliers ou des amplis et processeurs d&rsquo;effets (tels que Line 6 Helix, HX Stomp ou POD Go) directement \u00e0 l&rsquo;amplificateur de puissance pour une amplification plus propre de votre mod\u00e9lisation.<br \/>\n\u2022 Sortie directe XLR avec \u00e9mulation d&rsquo;enceinte pour se connecter \u00e0 une table de mixage PA ou \u00e0 un appareil d&rsquo;enregistrement<br \/>\n\u2022 Interface audio USB pour l&rsquo;enregistrement et l&rsquo;\u00e9dition<br \/>\n\u2022 FX Loop \u00e0 utiliser avec des effets externes<br \/>\n\u2022 Prise MIDI In pour utilisation avec des contr\u00f4leurs MIDI externes (CATALYST 100 et 200 uniquement &#8211; notez que tous les mod\u00e8les CATALYST offrent une entr\u00e9e MIDI via USB)<br \/>\n\u2022 Prise de sortie casque<br \/>\n\u2022 Entr\u00e9e Aux 1\/8&Prime; \/ 3,5 mm pour d&rsquo;autres sources audio<\/p>\n<p>&nbsp;<\/p>\n<p>Caract\u00e9ristiques<br \/>\nPuissance de l&rsquo;amplificateur : 200 watts<br \/>\nAmortissement de la puissance\u00a0: pleine puissance, demi-puissance, 0,5 watts, muet<br \/>\nHaut-parleurs\u00a0:\u00a02 x 12\u00a0pouces avec voix personnalis\u00e9e<br \/>\nNombre de canaux : 2<br \/>\nVoicings d&rsquo;ampli\u00a0: 6<br \/>\nEntr\u00e9es d&rsquo;instruments\u00a0: 1 x 1\/4&Prime;<br \/>\n\u00c9galiseur\u00a0:\u00a03 bandes<br \/>\nContr\u00f4les\u00a0: Boost, Gain, Pr\u00e9sence, Channel Volume, Master Volume<br \/>\nR\u00e9verb\u00e9ration num\u00e9rique\u00a0: 6 types<br \/>\nEffets num\u00e9riques\u00a0: 6 types de chaque effet Delay, Modulation et Pitch\/Filter<br \/>\nTap Tempo\u00a0: Oui<br \/>\nAccordeur : Oui<br \/>\nBoucle d&rsquo;effets\u00a0:\u00a0Oui<br \/>\nEntr\u00e9e auxiliaire\u00a0: 3,5\u00a0mm<br \/>\nSortie casque : 1\/4&Prime;<br \/>\nSortie directe\u00a0: XLR avec Ground Lift<br \/>\nInterface audio USB\u00a0: 4 entr\u00e9es\/4 sorties<br \/>\nEntr\u00e9e ampli de puissance : 1\/4&Prime; (via FX Loop Return)<br \/>\nMIDI\u00a0: DIN 5 broches (200\/100) ou USB (200\/100\/60)<br \/>\nLogiciel CATALYST Edit &#8211; Editeur de logiciels \u00e0 distance (PC, Mac, iOS, Android)<br \/>\nDimensions (L x P x H)\u00a0: 694 x 260 x 478 mm (27,3 x 10,2 x 18,82 pouces)<br \/>\nPoids\u00a0: 18,9 kg \/41,6 livres<\/p>\n","protected":false},"excerpt":{"rendered":"<p>La famille Catalyst comprend trois amplificateurs combo double canal qui fonctionnent comme des amplis de guitare traditionnels tout en offrant la polyvalence accrue des amplificateurs modernes. Du Catalyst 200 de 200 watts, capable de se d\u00e9fendre sur presque toutes les sc\u00e8nes, au Catalyst 60 de 60 watts, parfait pour s&rsquo;entra\u00eener, enregistrer et jouer dans de petites salles, il existe un ampli Catalyst pour chaque joueur.<\/p>\n","protected":false},"featured_media":9141,"comment_status":"open","ping_status":"closed","template":"","meta":{"jetpack_publicize_message":"","jetpack_publicize_feature_enabled":true,"jetpack_social_post_already_shared":true,"jetpack_social_options":{"image_generator_settings":{"template":"highway","default_image_id":0,"font":"","enabled":false},"version":2}},"product_brand":[],"product_cat":[69],"product_tag":[781,780,715],"class_list":{"0":"post-9135","1":"product","2":"type-product","3":"status-publish","4":"has-post-thumbnail","6":"product_cat-amplificateurs","7":"product_tag-amp-fr","8":"product_tag-catalyst-fr","9":"product_tag-line-6-fr","11":"first","12":"instock","13":"sale","14":"taxable","15":"shipping-taxable","16":"purchasable","17":"product-type-variable"},"jetpack_publicize_connections":[],"jetpack_sharing_enabled":true,"_links":{"self":[{"href":"https:\/\/www.pianoheritage.com\/fr\/wp-json\/wp\/v2\/product\/9135","targetHints":{"allow":["GET"]}}],"collection":[{"href":"https:\/\/www.pianoheritage.com\/fr\/wp-json\/wp\/v2\/product"}],"about":[{"href":"https:\/\/www.pianoheritage.com\/fr\/wp-json\/wp\/v2\/types\/product"}],"replies":[{"embeddable":true,"href":"https:\/\/www.pianoheritage.com\/fr\/wp-json\/wp\/v2\/comments?post=9135"}],"wp:featuredmedia":[{"embeddable":true,"href":"https:\/\/www.pianoheritage.com\/fr\/wp-json\/wp\/v2\/media\/9141"}],"wp:attachment":[{"href":"https:\/\/www.pianoheritage.com\/fr\/wp-json\/wp\/v2\/media?parent=9135"}],"wp:term":[{"taxonomy":"product_brand","embeddable":true,"href":"https:\/\/www.pianoheritage.com\/fr\/wp-json\/wp\/v2\/product_brand?post=9135"},{"taxonomy":"product_cat","embeddable":true,"href":"https:\/\/www.pianoheritage.com\/fr\/wp-json\/wp\/v2\/product_cat?post=9135"},{"taxonomy":"product_tag","embeddable":true,"href":"https:\/\/www.pianoheritage.com\/fr\/wp-json\/wp\/v2\/product_tag?post=9135"}],"curies":[{"name":"wp","href":"https:\/\/api.w.org\/{rel}","templated":true}]}}