{"id":9030,"date":"2024-04-25T13:29:14","date_gmt":"2024-04-25T17:29:14","guid":{"rendered":"https:\/\/www.pianoheritage.com\/?post_type=product&#038;p=9030"},"modified":"2024-04-25T13:38:19","modified_gmt":"2024-04-25T17:38:19","slug":"yamaha-fsx820c-guitare-acoustique-electrique","status":"publish","type":"product","link":"https:\/\/www.pianoheritage.com\/fr\/shop\/guitares\/guitares-acoustiques\/yamaha-fsx820c-guitare-acoustique-electrique\/","title":{"rendered":"Yamaha FSX820C Guitare acoustique-electrique"},"content":{"rendered":"<p>D\u00e9riv\u00e9 du FS820 qui poss\u00e8de la table en \u00e9pic\u00e9a massif et le dos\/\u00e9clisses en acajou, le FSX820C poss\u00e8de un corps pan coup\u00e9 et le syst\u00e8me \u00e9lectrique. Le micro pi\u00e9zo sous la selle exclusif de Yamaha et le pr\u00e9ampli analogique System66 garantissent de solides performances branch\u00e9es. Le corps petit et mince est parfait non seulement pour les joueuses\/jeunes joueuses, mais aussi pour les joueuses de niveau interm\u00e9diaire \u00e0 sup\u00e9rieur.<\/p>\n<p>Petit corps<br \/>\nTable en \u00e9pic\u00e9a massif<br \/>\nDos et \u00e9clisses en acajou<br \/>\nContreventement festonn\u00e9 nouvellement d\u00e9velopp\u00e9<br \/>\nSon chaud et fort<\/p>\n","protected":false},"excerpt":{"rendered":"<p>D\u00e9riv\u00e9 du FS820 qui poss\u00e8de la table en \u00e9pic\u00e9a massif et le dos\/\u00e9clisses en acajou, le FSX820C poss\u00e8de un corps pan coup\u00e9 et le syst\u00e8me \u00e9lectrique. Le micro pi\u00e9zo sous la selle exclusif de Yamaha et le pr\u00e9ampli analogique System66 garantissent de solides performances branch\u00e9es.<\/p>\n","protected":false},"featured_media":9035,"comment_status":"open","ping_status":"closed","template":"","meta":{"jetpack_publicize_message":"","jetpack_publicize_feature_enabled":true,"jetpack_social_post_already_shared":true,"jetpack_social_options":{"image_generator_settings":{"template":"highway","default_image_id":0,"font":"","enabled":false},"version":2}},"product_brand":[],"product_cat":[62],"product_tag":[763],"class_list":{"0":"post-9030","1":"product","2":"type-product","3":"status-publish","4":"has-post-thumbnail","6":"product_cat-guitares-acoustiques","7":"product_tag-fsx820c-fr","9":"first","10":"instock","11":"taxable","12":"shipping-taxable","13":"purchasable","14":"product-type-variable"},"jetpack_publicize_connections":[],"jetpack_sharing_enabled":true,"_links":{"self":[{"href":"https:\/\/www.pianoheritage.com\/fr\/wp-json\/wp\/v2\/product\/9030","targetHints":{"allow":["GET"]}}],"collection":[{"href":"https:\/\/www.pianoheritage.com\/fr\/wp-json\/wp\/v2\/product"}],"about":[{"href":"https:\/\/www.pianoheritage.com\/fr\/wp-json\/wp\/v2\/types\/product"}],"replies":[{"embeddable":true,"href":"https:\/\/www.pianoheritage.com\/fr\/wp-json\/wp\/v2\/comments?post=9030"}],"wp:featuredmedia":[{"embeddable":true,"href":"https:\/\/www.pianoheritage.com\/fr\/wp-json\/wp\/v2\/media\/9035"}],"wp:attachment":[{"href":"https:\/\/www.pianoheritage.com\/fr\/wp-json\/wp\/v2\/media?parent=9030"}],"wp:term":[{"taxonomy":"product_brand","embeddable":true,"href":"https:\/\/www.pianoheritage.com\/fr\/wp-json\/wp\/v2\/product_brand?post=9030"},{"taxonomy":"product_cat","embeddable":true,"href":"https:\/\/www.pianoheritage.com\/fr\/wp-json\/wp\/v2\/product_cat?post=9030"},{"taxonomy":"product_tag","embeddable":true,"href":"https:\/\/www.pianoheritage.com\/fr\/wp-json\/wp\/v2\/product_tag?post=9030"}],"curies":[{"name":"wp","href":"https:\/\/api.w.org\/{rel}","templated":true}]}}