{"id":8996,"date":"2024-04-21T10:20:25","date_gmt":"2024-04-21T14:20:25","guid":{"rendered":"https:\/\/www.pianoheritage.com\/?post_type=product&#038;p=8996"},"modified":"2024-04-21T10:31:45","modified_gmt":"2024-04-21T14:31:45","slug":"yamaha-pacifica-pac612viix-guitare-electrique","status":"publish","type":"product","link":"https:\/\/www.pianoheritage.com\/fr\/shop\/guitares\/guitares-electriques\/yamaha-pacifica-pac612viix-guitare-electrique\/","title":{"rendered":"Yamaha Pacifica PAC612VIIX Guitare \u00c9lectrique"},"content":{"rendered":"<p>Lanc\u00e9e pour la premi\u00e8re fois en 1990, la s\u00e9rie Pacifica s&rsquo;inspire de la sc\u00e8ne californienne des sessions de l&rsquo;\u00e9poque, o\u00f9 la polyvalence, les performances et l&rsquo;individualit\u00e9 \u00e9taient essentielles. Inspir\u00e9s par ces guitares custom shop et cette vision originale, les mod\u00e8les Pacifica 600 repr\u00e9sentent l&rsquo;incarnation actuelle du concept Pacifica.<\/p>\n<p>Micros Seymour Duncan Custom 5 TB-14 et SSL-1<br \/>\nArbres \u00e0 \u00e9crous et \u00e0 cordes Graph Tech TUSQ<br \/>\nM\u00e9caniques \u00e0 verrouillage Grover<br \/>\nChevalet vibrato Wilkinson VS50<br \/>\nCorps en aulne avec manche en \u00e9rable et touche en palissandre<br \/>\nConfiguration micro H\/S\/S avec s\u00e9lecteur 5 positions<br \/>\nCommutateur push-pull \u00e0 bobine divis\u00e9e pour des options tonales suppl\u00e9mentaires<\/p>\n","protected":false},"excerpt":{"rendered":"<p>Lanc\u00e9e pour la premi\u00e8re fois en 1990, la s\u00e9rie Pacifica s&rsquo;inspire de la sc\u00e8ne californienne des sessions de l&rsquo;\u00e9poque, o\u00f9 la polyvalence, la performance et l&rsquo;individualit\u00e9 \u00e9taient essentielles.<\/p>\n","protected":false},"featured_media":8974,"comment_status":"open","ping_status":"closed","template":"","meta":{"jetpack_publicize_message":"","jetpack_publicize_feature_enabled":true,"jetpack_social_post_already_shared":true,"jetpack_social_options":{"image_generator_settings":{"template":"highway","default_image_id":0,"font":"","enabled":false},"version":2}},"product_brand":[],"product_cat":[55],"product_tag":[753,752],"class_list":{"0":"post-8996","1":"product","2":"type-product","3":"status-publish","4":"has-post-thumbnail","6":"product_cat-guitares-electriques","7":"product_tag-pac612-fr","8":"product_tag-pacifica-fr","10":"first","11":"instock","12":"taxable","13":"shipping-taxable","14":"purchasable","15":"product-type-variable"},"jetpack_publicize_connections":[],"jetpack_sharing_enabled":true,"_links":{"self":[{"href":"https:\/\/www.pianoheritage.com\/fr\/wp-json\/wp\/v2\/product\/8996","targetHints":{"allow":["GET"]}}],"collection":[{"href":"https:\/\/www.pianoheritage.com\/fr\/wp-json\/wp\/v2\/product"}],"about":[{"href":"https:\/\/www.pianoheritage.com\/fr\/wp-json\/wp\/v2\/types\/product"}],"replies":[{"embeddable":true,"href":"https:\/\/www.pianoheritage.com\/fr\/wp-json\/wp\/v2\/comments?post=8996"}],"wp:featuredmedia":[{"embeddable":true,"href":"https:\/\/www.pianoheritage.com\/fr\/wp-json\/wp\/v2\/media\/8974"}],"wp:attachment":[{"href":"https:\/\/www.pianoheritage.com\/fr\/wp-json\/wp\/v2\/media?parent=8996"}],"wp:term":[{"taxonomy":"product_brand","embeddable":true,"href":"https:\/\/www.pianoheritage.com\/fr\/wp-json\/wp\/v2\/product_brand?post=8996"},{"taxonomy":"product_cat","embeddable":true,"href":"https:\/\/www.pianoheritage.com\/fr\/wp-json\/wp\/v2\/product_cat?post=8996"},{"taxonomy":"product_tag","embeddable":true,"href":"https:\/\/www.pianoheritage.com\/fr\/wp-json\/wp\/v2\/product_tag?post=8996"}],"curies":[{"name":"wp","href":"https:\/\/api.w.org\/{rel}","templated":true}]}}