{"id":899,"date":"2018-04-09T19:18:45","date_gmt":"2018-04-09T23:18:45","guid":{"rendered":"https:\/\/www.pianoheritage.com\/shop\/non%20class\u00e9\/yamaha-p22\/"},"modified":"2021-09-05T16:53:02","modified_gmt":"2021-09-05T20:53:02","slug":"yamaha-p22","status":"publish","type":"product","link":"https:\/\/www.pianoheritage.com\/fr\/shop\/pianos-yamaha\/pianos-acoustiques-droits\/yamaha-p22\/","title":{"rendered":"Yamaha P22"},"content":{"rendered":"<p>Con\u00e7us pour les \u00e9coles et les salles de r\u00e9p\u00e9tition, ces pianos Studio sont souvent choisis par les musiciens professionnels autant pour la maison que pour leur lieu de travail.<\/p>\n<ul class=\"small_list\">\n<li>Membrures pleine longueur sur bande crant\u00e9e<\/li>\n<li>Table d\u2019harmonie et membrures en bois d\u2019\u00e9pinette massif<\/li>\n<li>Acoustibars<\/li>\n<li>Cordes graves en cuivre fil\u00e9<\/li>\n<li>Chevalets en bois d\u2019\u00e9rable<\/li>\n<li>Rail de m\u00e9canisme en alliage d\u2019aluminium<\/li>\n<li>M\u00e9canisme \u00e9quilibr\u00e9 de Yamaha<\/li>\n<li>Touches en \u00e9pinette avec boutons en bois dur<\/li>\n<li>Toucher d\u2019un piano \u00e0 queue<\/li>\n<li>Chevilles d\u2019accord filet\u00e9es<\/li>\n<li>P\u00e9dale de sourdine<\/li>\n<li>Marteaux con\u00e7us par Yamaha avec des attaches en T<\/li>\n<li>Plaques d\u2019accrochage fabriqu\u00e9es par moulage sous vide (V-Pro)<\/li>\n<li>Pr\u00e9paration selon la destination<\/li>\n<\/ul>\n<p class=\"bluefont\">Chaque touche d\u2019un piano Yamaha est individuellement test\u00e9e et mesur\u00e9e afin de d\u00e9terminer quelles sont les corrections \u00e0 apporter afin d\u2019obtenir une pression de retour uniforme. La m\u00e9canique de piano Yamaha est reconnue pour sa qualit\u00e9 et sa consistance. Cet \u00e9quilibre assure une qualit\u00e9 sup\u00e9rieure de touche et de ma\u00eetrise du clavier tout au long de sa dur\u00e9e d\u2019utilisation.<\/p>\n","protected":false},"excerpt":{"rendered":"<p>Con\u00e7us pour les \u00e9coles et les salles de r\u00e9p\u00e9tition, ces pianos Studio sont souvent choisis par les musiciens professionnels autant pour la maison que pour leur lieu de travail.<\/p>\n","protected":false},"featured_media":1312,"comment_status":"open","ping_status":"closed","template":"","meta":{"jetpack_publicize_message":"","jetpack_publicize_feature_enabled":true,"jetpack_social_post_already_shared":false,"jetpack_social_options":{"image_generator_settings":{"template":"highway","default_image_id":0,"font":"","enabled":false},"version":2}},"product_brand":[],"product_cat":[67],"product_tag":[],"class_list":{"0":"post-899","1":"product","2":"type-product","3":"status-publish","4":"has-post-thumbnail","6":"product_cat-pianos-acoustiques-droits","8":"first","9":"instock","10":"taxable","11":"shipping-taxable","12":"product-type-simple"},"jetpack_publicize_connections":[],"jetpack_sharing_enabled":true,"_links":{"self":[{"href":"https:\/\/www.pianoheritage.com\/fr\/wp-json\/wp\/v2\/product\/899","targetHints":{"allow":["GET"]}}],"collection":[{"href":"https:\/\/www.pianoheritage.com\/fr\/wp-json\/wp\/v2\/product"}],"about":[{"href":"https:\/\/www.pianoheritage.com\/fr\/wp-json\/wp\/v2\/types\/product"}],"replies":[{"embeddable":true,"href":"https:\/\/www.pianoheritage.com\/fr\/wp-json\/wp\/v2\/comments?post=899"}],"wp:featuredmedia":[{"embeddable":true,"href":"https:\/\/www.pianoheritage.com\/fr\/wp-json\/wp\/v2\/media\/1312"}],"wp:attachment":[{"href":"https:\/\/www.pianoheritage.com\/fr\/wp-json\/wp\/v2\/media?parent=899"}],"wp:term":[{"taxonomy":"product_brand","embeddable":true,"href":"https:\/\/www.pianoheritage.com\/fr\/wp-json\/wp\/v2\/product_brand?post=899"},{"taxonomy":"product_cat","embeddable":true,"href":"https:\/\/www.pianoheritage.com\/fr\/wp-json\/wp\/v2\/product_cat?post=899"},{"taxonomy":"product_tag","embeddable":true,"href":"https:\/\/www.pianoheritage.com\/fr\/wp-json\/wp\/v2\/product_tag?post=899"}],"curies":[{"name":"wp","href":"https:\/\/api.w.org\/{rel}","templated":true}]}}