{"id":885,"date":"2018-04-09T18:48:50","date_gmt":"2018-04-09T18:48:50","guid":{"rendered":"https:\/\/www.pianoheritage.com\/shop\/non%20class\u00e9\/yamaha-b2-sg2-silent\/"},"modified":"2024-08-08T11:26:08","modified_gmt":"2024-08-08T15:26:08","slug":"yamaha-b2-sc3-silent","status":"publish","type":"product","link":"https:\/\/www.pianoheritage.com\/fr\/shop\/pianos-yamaha\/pianos-acoustiques-droits\/yamaha-b2-sc3-silent\/","title":{"rendered":"Yamaha B2 SC3 Silent"},"content":{"rendered":"<p>Avec ses dimensions plus importantes et son armature plus lourde, le nouveau B2 SC3 Silent offre un son sup\u00e9rieur gr\u00e2ce \u00e0 l\u2019ajout de profondeur et de volume. Il n\u2019y a pas meilleur instrument pour le musicien exigeant avec un budget limit\u00e9.<\/p>\n<ul class=\"small_list\">\n<li>\u00c9chantillonnage CFIIIS<\/li>\n<li>Polyphonie simultan\u00e9e de 64 notes<\/li>\n<li>M\u00e9moire 30MB Wave memory<\/li>\n<li>Fonctions int\u00e9gr\u00e9es d\u2019enregistrement et de lecture<\/li>\n<li>Terminaux AUX et MIDI<\/li>\n<\/ul>\n<p class=\"bluefont\">La fonction Silent a \u00e9t\u00e9 ajout\u00e9e au B2. Ce SC3 de type Silent piano\u2122, projette le son d\u2019un CFIIIS.<\/p>\n","protected":false},"excerpt":{"rendered":"<p>Avec ses dimensions plus importantes et son armature plus lourde, le nouveau B2 SC3 Silent offre un son sup\u00e9rieur gr\u00e2ce \u00e0 l\u2019ajout de profondeur et de volume. Il n\u2019y a pas meilleur instrument pour le musicien exigeant avec un budget limit\u00e9.<\/p>\n","protected":false},"featured_media":884,"comment_status":"open","ping_status":"closed","template":"","meta":{"jetpack_publicize_message":"","jetpack_publicize_feature_enabled":true,"jetpack_social_post_already_shared":false,"jetpack_social_options":{"image_generator_settings":{"template":"highway","default_image_id":0,"font":"","enabled":false},"version":2}},"product_brand":[],"product_cat":[67],"product_tag":[785],"class_list":{"0":"post-885","1":"product","2":"type-product","3":"status-publish","4":"has-post-thumbnail","6":"product_cat-pianos-acoustiques-droits","7":"product_tag-sc3-fr","9":"first","10":"instock","11":"taxable","12":"shipping-taxable","13":"product-type-simple"},"jetpack_publicize_connections":[],"jetpack_sharing_enabled":true,"_links":{"self":[{"href":"https:\/\/www.pianoheritage.com\/fr\/wp-json\/wp\/v2\/product\/885","targetHints":{"allow":["GET"]}}],"collection":[{"href":"https:\/\/www.pianoheritage.com\/fr\/wp-json\/wp\/v2\/product"}],"about":[{"href":"https:\/\/www.pianoheritage.com\/fr\/wp-json\/wp\/v2\/types\/product"}],"replies":[{"embeddable":true,"href":"https:\/\/www.pianoheritage.com\/fr\/wp-json\/wp\/v2\/comments?post=885"}],"wp:featuredmedia":[{"embeddable":true,"href":"https:\/\/www.pianoheritage.com\/fr\/wp-json\/wp\/v2\/media\/884"}],"wp:attachment":[{"href":"https:\/\/www.pianoheritage.com\/fr\/wp-json\/wp\/v2\/media?parent=885"}],"wp:term":[{"taxonomy":"product_brand","embeddable":true,"href":"https:\/\/www.pianoheritage.com\/fr\/wp-json\/wp\/v2\/product_brand?post=885"},{"taxonomy":"product_cat","embeddable":true,"href":"https:\/\/www.pianoheritage.com\/fr\/wp-json\/wp\/v2\/product_cat?post=885"},{"taxonomy":"product_tag","embeddable":true,"href":"https:\/\/www.pianoheritage.com\/fr\/wp-json\/wp\/v2\/product_tag?post=885"}],"curies":[{"name":"wp","href":"https:\/\/api.w.org\/{rel}","templated":true}]}}