{"id":8815,"date":"2024-04-02T12:34:44","date_gmt":"2024-04-02T16:34:44","guid":{"rendered":"https:\/\/www.pianoheritage.com\/?post_type=product&#038;p=8815"},"modified":"2024-04-02T13:21:56","modified_gmt":"2024-04-02T17:21:56","slug":"yamaha-fs820-guitare-acoustique","status":"publish","type":"product","link":"https:\/\/www.pianoheritage.com\/fr\/shop\/guitares\/guitares-acoustiques\/yamaha-fs820-guitare-acoustique\/","title":{"rendered":"Yamaha FS820 Guitare acoustique"},"content":{"rendered":"<div id=\"d723462\" class=\"product-lineup-full-width\">\n<div class=\"container-fluid\">\n<div class=\"row\">\n<div class=\"col-xs-12 col-sm-8\">\n<div class=\"col-xs-12 col-sm-8\">\n<p>En plus d&rsquo;un son plus chaud et plus fort gr\u00e2ce au dos et aux \u00e9clisses en acajou, le filet du corps et le filet de la touche sont en plastique cr\u00e8me, pour un look am\u00e9lior\u00e9. Une multitude d\u2019options de couleurs sont disponibles. Le corps petit et mince est parfait non seulement pour les joueuses\/jeunes joueuses, mais aussi pour les joueuses de niveau interm\u00e9diaire \u00e0 sup\u00e9rieur.<\/p>\n<p>Petit corps<br \/>\nTable en \u00e9pic\u00e9a massif<br \/>\nDos et \u00e9clisses en acajou<br \/>\nContreventement festonn\u00e9 nouvellement d\u00e9velopp\u00e9<br \/>\nSon chaud et fort<\/p>\n<\/div>\n<p><span class=\"embed-youtube\" style=\"text-align:center; display: block;\"><iframe loading=\"lazy\" class=\"youtube-player\" width=\"1020\" height=\"574\" src=\"https:\/\/www.youtube.com\/embed\/144PhX3wZRo?version=3&#038;rel=1&#038;showsearch=0&#038;showinfo=1&#038;iv_load_policy=1&#038;fs=1&#038;hl=fr-FR&#038;autohide=2&#038;wmode=transparent\" allowfullscreen=\"true\" style=\"border:0;\" sandbox=\"allow-scripts allow-same-origin allow-popups allow-presentation allow-popups-to-escape-sandbox\"><\/iframe><\/span><\/p>\n<\/div>\n<\/div>\n<\/div>\n<\/div>\n<div id=\"d723615\" class=\"product-lineup-full-width\">\n<div class=\"container-fluid\"><\/div>\n<\/div>\n","protected":false},"excerpt":{"rendered":"<p>Le mod\u00e8le acoustique standard de Yamaha, avec des looks simples et traditionnels et une qualit\u00e9 exceptionnelle, \u00e0 un prix abordable.<\/p>\n","protected":false},"featured_media":2809,"comment_status":"open","ping_status":"closed","template":"","meta":{"jetpack_publicize_message":"","jetpack_publicize_feature_enabled":true,"jetpack_social_post_already_shared":true,"jetpack_social_options":{"image_generator_settings":{"template":"highway","default_image_id":0,"font":"","enabled":false},"version":2}},"product_brand":[],"product_cat":[62],"product_tag":[729],"class_list":{"0":"post-8815","1":"product","2":"type-product","3":"status-publish","4":"has-post-thumbnail","6":"product_cat-guitares-acoustiques","7":"product_tag-fs820-fr","9":"first","10":"instock","11":"taxable","12":"shipping-taxable","13":"purchasable","14":"product-type-variable"},"jetpack_publicize_connections":[],"jetpack_sharing_enabled":true,"_links":{"self":[{"href":"https:\/\/www.pianoheritage.com\/fr\/wp-json\/wp\/v2\/product\/8815","targetHints":{"allow":["GET"]}}],"collection":[{"href":"https:\/\/www.pianoheritage.com\/fr\/wp-json\/wp\/v2\/product"}],"about":[{"href":"https:\/\/www.pianoheritage.com\/fr\/wp-json\/wp\/v2\/types\/product"}],"replies":[{"embeddable":true,"href":"https:\/\/www.pianoheritage.com\/fr\/wp-json\/wp\/v2\/comments?post=8815"}],"wp:featuredmedia":[{"embeddable":true,"href":"https:\/\/www.pianoheritage.com\/fr\/wp-json\/wp\/v2\/media\/2809"}],"wp:attachment":[{"href":"https:\/\/www.pianoheritage.com\/fr\/wp-json\/wp\/v2\/media?parent=8815"}],"wp:term":[{"taxonomy":"product_brand","embeddable":true,"href":"https:\/\/www.pianoheritage.com\/fr\/wp-json\/wp\/v2\/product_brand?post=8815"},{"taxonomy":"product_cat","embeddable":true,"href":"https:\/\/www.pianoheritage.com\/fr\/wp-json\/wp\/v2\/product_cat?post=8815"},{"taxonomy":"product_tag","embeddable":true,"href":"https:\/\/www.pianoheritage.com\/fr\/wp-json\/wp\/v2\/product_tag?post=8815"}],"curies":[{"name":"wp","href":"https:\/\/api.w.org\/{rel}","templated":true}]}}