{"id":8750,"date":"2024-02-22T16:04:54","date_gmt":"2024-02-22T21:04:54","guid":{"rendered":"https:\/\/www.pianoheritage.com\/?post_type=product&#038;p=8750"},"modified":"2024-02-22T16:26:44","modified_gmt":"2024-02-22T21:26:44","slug":"yamaha-transacoustic-guitare-fscta","status":"publish","type":"product","link":"https:\/\/www.pianoheritage.com\/fr\/shop\/guitares\/guitares-acoustiques\/yamaha-transacoustic-guitare-fscta\/","title":{"rendered":"Yamaha TransAcoustic Guitare FSCTA"},"content":{"rendered":"<p>Jouer de la guitare dans une pi\u00e8ce au son superbe est l\u2019exp\u00e9rience de jeu la plus inspirante et la plus engageante imaginable \u2013 bien plus agr\u00e9able que dans une pi\u00e8ce au son aride comme un salon, un bureau ou un salon. La guitare TransAcoustic de Yamaha recr\u00e9e l&rsquo;incroyable exp\u00e9rience de jouer dans une salle de concert riche sans avoir besoin d&rsquo;amplification ou d&rsquo;effets externes \u2013 juste la guitare elle-m\u00eame. Que vous pratiquiez, \u00e9criviez, enregistriez ou jouiez simplement pour le plaisir, la guitare TransAcoustic vous fera jouer mieux, plus longtemps et avec plus de cr\u00e9ativit\u00e9. Une fois que vous en aurez fait l\u2019exp\u00e9rience, vous ne voudrez plus jamais jouer d\u2019une autre guitare acoustique.<\/p>\n<p>Les guitares \u00e0 pan coup\u00e9 TransAcoustic Yamaha FSC-TA vous transportent vers de nouveaux espaces cr\u00e9atifs gr\u00e2ce \u00e0 des effets de r\u00e9verb\u00e9ration et de chorus int\u00e9gr\u00e9s immersifs qui r\u00e9sonnent r\u00e9ellement dans le corps de l&rsquo;instrument lui-m\u00eame. Combinant un savoir-faire classique avec une technologie r\u00e9volutionnaire, la guitare pan coup\u00e9 FGC-TA vous permettra de jouer et de sonner de votre mieux, peu importe o\u00f9 vous \u00eates, et sa conception pan coup\u00e9 offre un acc\u00e8s facile \u00e0 chaque note du manche.<\/p>\n<p>Corps de concert en coupe<br \/>\nTable en \u00e9pic\u00e9a massif<br \/>\nDos et \u00e9clisses en acajou<br \/>\nManche Nato avec touche en palissandre<br \/>\nRenfort festonn\u00e9 pour un son acoustique plus fort et plus riche<br \/>\nEffets de r\u00e9verb\u00e9ration et de chorus int\u00e9gr\u00e9s \u2013 pas besoin d&rsquo;ampli ou d&rsquo;autre \u00e9quipement externe<\/p>\n","protected":false},"excerpt":{"rendered":"<p>Les guitares \u00e0 pan coup\u00e9 TransAcoustic Yamaha FSC-TA vous transportent vers de nouveaux espaces cr\u00e9atifs gr\u00e2ce \u00e0 des effets de r\u00e9verb\u00e9ration et de chorus int\u00e9gr\u00e9s immersifs qui r\u00e9sonnent r\u00e9ellement dans le corps de l&rsquo;instrument lui-m\u00eame. Combinant un savoir-faire classique avec une technologie r\u00e9volutionnaire, la guitare pan coup\u00e9 FGC-TA vous permettra de jouer et de sonner de votre mieux, peu importe o\u00f9 vous \u00eates, et sa conception pan coup\u00e9 offre un acc\u00e8s facile \u00e0 chaque note du manche.<\/p>\n","protected":false},"featured_media":8759,"comment_status":"open","ping_status":"closed","template":"","meta":{"jetpack_publicize_message":"","jetpack_publicize_feature_enabled":true,"jetpack_social_post_already_shared":true,"jetpack_social_options":{"image_generator_settings":{"template":"highway","default_image_id":0,"font":"","enabled":false},"version":2}},"product_brand":[],"product_cat":[62],"product_tag":[725],"class_list":{"0":"post-8750","1":"product","2":"type-product","3":"status-publish","4":"has-post-thumbnail","6":"product_cat-guitares-acoustiques","7":"product_tag-fscta-fr","9":"first","10":"instock","11":"taxable","12":"shipping-taxable","13":"purchasable","14":"product-type-variable"},"jetpack_publicize_connections":[],"jetpack_sharing_enabled":true,"_links":{"self":[{"href":"https:\/\/www.pianoheritage.com\/fr\/wp-json\/wp\/v2\/product\/8750","targetHints":{"allow":["GET"]}}],"collection":[{"href":"https:\/\/www.pianoheritage.com\/fr\/wp-json\/wp\/v2\/product"}],"about":[{"href":"https:\/\/www.pianoheritage.com\/fr\/wp-json\/wp\/v2\/types\/product"}],"replies":[{"embeddable":true,"href":"https:\/\/www.pianoheritage.com\/fr\/wp-json\/wp\/v2\/comments?post=8750"}],"wp:featuredmedia":[{"embeddable":true,"href":"https:\/\/www.pianoheritage.com\/fr\/wp-json\/wp\/v2\/media\/8759"}],"wp:attachment":[{"href":"https:\/\/www.pianoheritage.com\/fr\/wp-json\/wp\/v2\/media?parent=8750"}],"wp:term":[{"taxonomy":"product_brand","embeddable":true,"href":"https:\/\/www.pianoheritage.com\/fr\/wp-json\/wp\/v2\/product_brand?post=8750"},{"taxonomy":"product_cat","embeddable":true,"href":"https:\/\/www.pianoheritage.com\/fr\/wp-json\/wp\/v2\/product_cat?post=8750"},{"taxonomy":"product_tag","embeddable":true,"href":"https:\/\/www.pianoheritage.com\/fr\/wp-json\/wp\/v2\/product_tag?post=8750"}],"curies":[{"name":"wp","href":"https:\/\/api.w.org\/{rel}","templated":true}]}}