{"id":871,"date":"2018-04-09T18:13:01","date_gmt":"2018-04-09T18:13:01","guid":{"rendered":"https:\/\/www.pianoheritage.com\/shop\/non%20class\u00e9\/yamaha-nu1-hybrid\/"},"modified":"2021-09-05T16:52:49","modified_gmt":"2021-09-05T20:52:49","slug":"yamaha-nu1x-hybrid","status":"publish","type":"product","link":"https:\/\/www.pianoheritage.com\/fr\/shop\/pianos-yamaha\/pianos-acoustiques-droits\/yamaha-nu1x-hybrid\/","title":{"rendered":"Yamaha NU1X Hybrid"},"content":{"rendered":"<p>La parfaite combinaison entre tradition et modernisme. Avec ses performances exceptionnelles et son design unique, fin et rac\u00e9, l&rsquo;AvantGrand NU1X annihile la fronti\u00e8re entre acoustique et num\u00e9rique.<\/p>\n<ul>\n<li>M\u00e9canique de piano droit pour NU1X avec r\u00e9sine d&rsquo;acrylique et ph\u00e9nolique.<\/li>\n<li>15 sonorit\u00e9s dont sonorit\u00e9s de piano Yamaha CFX et B\u00f6sendorfer Imperial<\/li>\n<li>Polyphonie 256 notes<\/li>\n<li>CFX Binaural Sampling<\/li>\n<li>GP Response Damper Pedal<\/li>\n<li>Virtual Resonance Modelling (VRM)<\/li>\n<li>USB Audio Recorder (WAV)<\/li>\n<li>Connection Bluetooth audio<\/li>\n<\/ul>\n<p>&nbsp;<\/p>\n<p><iframe loading=\"lazy\" title=\"YouTube video player\" src=\"https:\/\/www.youtube.com\/embed\/Kd-gTLPWMsM\" width=\"560\" height=\"315\" frameborder=\"0\" allowfullscreen=\"allowfullscreen\"><\/iframe><\/p>\n","protected":false},"excerpt":{"rendered":"<p>La parfaite combinaison entre tradition et modernisme. Avec ses performances exceptionnelles et son design unique, fin et rac\u00e9, l&rsquo;AvantGrand NU1X annihile la fronti\u00e8re entre acoustique et num\u00e9rique.<\/p>\n","protected":false},"featured_media":4035,"comment_status":"open","ping_status":"closed","template":"","meta":{"jetpack_publicize_message":"","jetpack_publicize_feature_enabled":true,"jetpack_social_post_already_shared":false,"jetpack_social_options":{"image_generator_settings":{"template":"highway","default_image_id":0,"font":"","enabled":false},"version":2}},"product_brand":[],"product_cat":[611,67],"product_tag":[],"class_list":{"0":"post-871","1":"product","2":"type-product","3":"status-publish","4":"has-post-thumbnail","6":"product_cat-avantgrand","7":"product_cat-pianos-acoustiques-droits","9":"first","10":"instock","11":"taxable","12":"shipping-taxable","13":"product-type-simple"},"jetpack_publicize_connections":[],"jetpack_sharing_enabled":true,"_links":{"self":[{"href":"https:\/\/www.pianoheritage.com\/fr\/wp-json\/wp\/v2\/product\/871","targetHints":{"allow":["GET"]}}],"collection":[{"href":"https:\/\/www.pianoheritage.com\/fr\/wp-json\/wp\/v2\/product"}],"about":[{"href":"https:\/\/www.pianoheritage.com\/fr\/wp-json\/wp\/v2\/types\/product"}],"replies":[{"embeddable":true,"href":"https:\/\/www.pianoheritage.com\/fr\/wp-json\/wp\/v2\/comments?post=871"}],"wp:featuredmedia":[{"embeddable":true,"href":"https:\/\/www.pianoheritage.com\/fr\/wp-json\/wp\/v2\/media\/4035"}],"wp:attachment":[{"href":"https:\/\/www.pianoheritage.com\/fr\/wp-json\/wp\/v2\/media?parent=871"}],"wp:term":[{"taxonomy":"product_brand","embeddable":true,"href":"https:\/\/www.pianoheritage.com\/fr\/wp-json\/wp\/v2\/product_brand?post=871"},{"taxonomy":"product_cat","embeddable":true,"href":"https:\/\/www.pianoheritage.com\/fr\/wp-json\/wp\/v2\/product_cat?post=871"},{"taxonomy":"product_tag","embeddable":true,"href":"https:\/\/www.pianoheritage.com\/fr\/wp-json\/wp\/v2\/product_tag?post=871"}],"curies":[{"name":"wp","href":"https:\/\/api.w.org\/{rel}","templated":true}]}}