{"id":8423,"date":"2023-10-31T12:20:18","date_gmt":"2023-10-31T16:20:18","guid":{"rendered":"https:\/\/www.pianoheritage.com\/?post_type=product&#038;p=8423"},"modified":"2023-10-31T12:54:06","modified_gmt":"2023-10-31T16:54:06","slug":"yamaha-np-15","status":"publish","type":"product","link":"https:\/\/www.pianoheritage.com\/fr\/shop\/pianos-yamaha\/claviers\/yamaha-np-15\/","title":{"rendered":"Yamaha NP-15"},"content":{"rendered":"<div>Le clavier de 61 touches (un piano classique en poss\u00e8de 88) est parfait pour jouer des airs pop ou des morceaux classiques simples. Bien que les touches aient la m\u00eame forme de bo\u00eete que celles d&rsquo;un piano, le clavier a une sensation plus l\u00e9g\u00e8re qui facilite le d\u00e9marrage pour les pianistes d\u00e9butants, plut\u00f4t que la sensation plus lourde d&rsquo;un clavier de piano standard. Vous pouvez \u00e9galement utiliser des \u00e9couteurs avec le NP-15 si vous craignez de d\u00e9ranger votre entourage en jouant.<\/div>\n<div><\/div>\n<div>Nous recommandons ce mod\u00e8le pour :<\/div>\n<div>&#8211; Les personnes ayant une envie occasionnelle d&rsquo;apprendre le piano<\/div>\n<div><\/div>\n<div>&#8211; Personnes ayant peu d&rsquo;espace dans leur maison (1052 mm x 260 mm x 104 mm) (41-7\/16\u201d x 10-1\/4\u201d x 4-1\/8\u201d)<\/div>\n<div><\/div>\n<div>&#8211; Les gens s&rsquo;inqui\u00e8tent du manque de force dans leurs doigts<\/div>\n<div><\/div>\n<div>&#8211; Les gens qui ne veulent pas que leur entourage entende leur jeu<\/div>\n<div><\/div>\n<div>&#8211; Les personnes qui souhaitent un clavier MIDI pour saisir des donn\u00e9es<\/div>\n<p><span class=\"embed-youtube\" style=\"text-align:center; display: block;\"><iframe loading=\"lazy\" class=\"youtube-player\" width=\"1020\" height=\"574\" src=\"https:\/\/www.youtube.com\/embed\/7ur8UVDdDns?version=3&#038;rel=1&#038;showsearch=0&#038;showinfo=1&#038;iv_load_policy=1&#038;fs=1&#038;hl=fr-FR&#038;autohide=2&#038;wmode=transparent\" allowfullscreen=\"true\" style=\"border:0;\" sandbox=\"allow-scripts allow-same-origin allow-popups allow-presentation allow-popups-to-escape-sandbox\"><\/iframe><\/span><\/p>\n<p>&nbsp;<\/p>\n","protected":false},"excerpt":{"rendered":"<p>Le piano portable d&rsquo;initiation, simple et performant Piano portable 61 touches<\/p>\n","protected":false},"featured_media":8427,"comment_status":"open","ping_status":"closed","template":"","meta":{"jetpack_publicize_message":"","jetpack_publicize_feature_enabled":true,"jetpack_social_post_already_shared":true,"jetpack_social_options":{"image_generator_settings":{"template":"highway","default_image_id":0,"font":"","enabled":false},"version":2}},"product_brand":[],"product_cat":[65,106],"product_tag":[859,706],"class_list":{"0":"post-8423","1":"product","2":"type-product","3":"status-publish","4":"has-post-thumbnail","6":"product_cat-claviers","7":"product_cat-promotions-de-lheure","8":"product_tag-keyboard-fr","9":"product_tag-np15-fr","11":"first","12":"instock","13":"taxable","14":"shipping-taxable","15":"purchasable","16":"product-type-variable"},"jetpack_publicize_connections":[],"jetpack_sharing_enabled":true,"_links":{"self":[{"href":"https:\/\/www.pianoheritage.com\/fr\/wp-json\/wp\/v2\/product\/8423","targetHints":{"allow":["GET"]}}],"collection":[{"href":"https:\/\/www.pianoheritage.com\/fr\/wp-json\/wp\/v2\/product"}],"about":[{"href":"https:\/\/www.pianoheritage.com\/fr\/wp-json\/wp\/v2\/types\/product"}],"replies":[{"embeddable":true,"href":"https:\/\/www.pianoheritage.com\/fr\/wp-json\/wp\/v2\/comments?post=8423"}],"wp:featuredmedia":[{"embeddable":true,"href":"https:\/\/www.pianoheritage.com\/fr\/wp-json\/wp\/v2\/media\/8427"}],"wp:attachment":[{"href":"https:\/\/www.pianoheritage.com\/fr\/wp-json\/wp\/v2\/media?parent=8423"}],"wp:term":[{"taxonomy":"product_brand","embeddable":true,"href":"https:\/\/www.pianoheritage.com\/fr\/wp-json\/wp\/v2\/product_brand?post=8423"},{"taxonomy":"product_cat","embeddable":true,"href":"https:\/\/www.pianoheritage.com\/fr\/wp-json\/wp\/v2\/product_cat?post=8423"},{"taxonomy":"product_tag","embeddable":true,"href":"https:\/\/www.pianoheritage.com\/fr\/wp-json\/wp\/v2\/product_tag?post=8423"}],"curies":[{"name":"wp","href":"https:\/\/api.w.org\/{rel}","templated":true}]}}