{"id":826,"date":"2018-04-06T19:51:17","date_gmt":"2018-04-06T19:51:17","guid":{"rendered":"https:\/\/www.pianoheritage.com\/shop\/non%20class\u00e9\/yamaha-cvp-709\/"},"modified":"2021-09-05T16:49:32","modified_gmt":"2021-09-05T20:49:32","slug":"yamaha-cvp-709","status":"publish","type":"product","link":"https:\/\/www.pianoheritage.com\/fr\/shop\/pianos-yamaha\/pianos-numeriques\/yamaha-cvp-709\/","title":{"rendered":"Yamaha CVP-709"},"content":{"rendered":"<p>Le Top Model aux qualit\u00e9s pianistiques et sonores hors du commun<\/p>\n<ul class=\"small_list\">\n<li>Le savoir-faire l\u00e9gendaire de Yamaha au service d&rsquo;un instrument assur\u00e9ment moderne.<\/li>\n<li>Vous retrouverez les deux fabuleux pianos de concert Yamaha CFX et B\u00f6sendorfer Imp\u00e9rial<\/li>\n<li>Connectez un microphone et chantez tout en vous accompagnant au clavier ou en utilisant un fichier Karaok\u00e9, t\u00e9l\u00e9charg\u00e9 depuis le site YamahaMusicSoft.com.<\/li>\n<li>Les accompagnements automatiques ajoutent \u00e0 vos interpr\u00e9tations des orchestrations compos\u00e9es de musiciens virtuels, dans tous les styles musicaux.<\/li>\n<li>Fonction Piano Room : choisissez votre piano et son environnement.<\/li>\n<li>Les sonorit\u00e9s Super Articulation reproduisent \u00e0 la perfection les instruments d&rsquo;origine.<\/li>\n<li>Le clavier NWX, compos\u00e9 de touches en bois naturel et dont le dessus est recouvert d&rsquo;ivoire de synth\u00e8se, dispose pour chacune de ses touches d&rsquo;un poids unique sur l&rsquo;ensemble du clavier gr\u00e2ce \u00e0 la m\u00e9canique Linear Graded Hammer.<\/li>\n<\/ul>\n<div class=\"desc\">\n<p>Au sein de la famille, le CVP-709 s&rsquo;impose v\u00e9ritablement comme le centre d&rsquo;int\u00e9r\u00eat musical, que ce soit pour les pianistes confirm\u00e9s ou les d\u00e9butants d\u00e9couvrant les joies de la musique. Pour la premi\u00e8re fois sur un Clavinova CVP, vous b\u00e9n\u00e9ficiez non pas d&rsquo;une, mais de deux sonorit\u00e9s exceptionnelles de piano de concert : le Yamaha CFX et le B\u00f6sendorfer Imperial. La section Piano Room vous propose de vous plonger dans de multiples univers consacr\u00e9 au piano. De plus, gr\u00e2ce au mode \u00ab Session \u00bb vous pourrez inviter des musiciens \u00e0 vous accompagner, sans changer votre fa\u00e7on de jouer. Le clavier NWX, compos\u00e9 de touches en bois naturel et dont le dessus est recouvert d&rsquo;ivoire de synth\u00e8se, dispose pour chacune de ses touches d&rsquo;un poids unique sur l&rsquo;ensemble du clavier gr\u00e2ce \u00e0 la m\u00e9canique Linear Graded Hammer. Chaque touche est pourvue d&rsquo;un contrepoids, ajust\u00e9 avec pr\u00e9cision, pour accroitre votre pr\u00e9cision de jeu dans les pianissimos ainsi que la rapidit\u00e9 de la m\u00e9canique. Le clavier NWX int\u00e8gre aussi un m\u00e9canisme d&rsquo;\u00e9chappement. Lorsqu&rsquo;une note est enfonc\u00e9e doucement, il reproduit les sensations tactiles per\u00e7ues lors de la lib\u00e9ration du marteau du reste de la m\u00e9canique, qui peut ainsi rebondir librement sur la corde, comme sur un v\u00e9ritable piano acoustique. Au-del\u00e0 de ses performances pianistiques hors pair, le CVP-709 offre de multiples fonctions ludiques et interactives permettant \u00e0 tout musicien, quel que soit son niveau, d&rsquo;\u00e9prouver un plaisir incommensurable.<\/p>\n<\/div>\n<p class=\"video-container\"><iframe loading=\"lazy\" src=\"https:\/\/www.youtube.com\/embed\/6reI6T3spJg\" width=\"560\" height=\"315\" frameborder=\"0\" allowfullscreen=\"allowfullscreen\"><\/iframe><\/p>\n<p class=\"video-container\"><iframe loading=\"lazy\" src=\"https:\/\/www.youtube.com\/embed\/oIaAgIiMaD8\" width=\"560\" height=\"315\" frameborder=\"0\" allowfullscreen=\"allowfullscreen\"><\/iframe><\/p>\n<p class=\"video-container\"><iframe loading=\"lazy\" src=\"https:\/\/www.youtube.com\/embed\/tX8vEbQRd7I\" width=\"560\" height=\"315\" frameborder=\"0\" allowfullscreen=\"allowfullscreen\"><\/iframe><\/p>\n","protected":false},"excerpt":{"rendered":"<p>Le Top Model aux qualit\u00e9s pianistiques et sonores hors du commun<\/p>\n","protected":false},"featured_media":829,"comment_status":"open","ping_status":"closed","template":"","meta":{"jetpack_publicize_message":"","jetpack_publicize_feature_enabled":true,"jetpack_social_post_already_shared":false,"jetpack_social_options":{"image_generator_settings":{"template":"highway","default_image_id":0,"font":"","enabled":false},"version":2}},"product_brand":[],"product_cat":[66,106],"product_tag":[],"class_list":{"0":"post-826","1":"product","2":"type-product","3":"status-publish","4":"has-post-thumbnail","6":"product_cat-pianos-numeriques","7":"product_cat-promotions-de-lheure","9":"first","10":"outofstock","11":"sale","12":"taxable","13":"shipping-taxable","14":"purchasable","15":"product-type-variable"},"jetpack_publicize_connections":[],"jetpack_sharing_enabled":true,"_links":{"self":[{"href":"https:\/\/www.pianoheritage.com\/fr\/wp-json\/wp\/v2\/product\/826","targetHints":{"allow":["GET"]}}],"collection":[{"href":"https:\/\/www.pianoheritage.com\/fr\/wp-json\/wp\/v2\/product"}],"about":[{"href":"https:\/\/www.pianoheritage.com\/fr\/wp-json\/wp\/v2\/types\/product"}],"replies":[{"embeddable":true,"href":"https:\/\/www.pianoheritage.com\/fr\/wp-json\/wp\/v2\/comments?post=826"}],"wp:featuredmedia":[{"embeddable":true,"href":"https:\/\/www.pianoheritage.com\/fr\/wp-json\/wp\/v2\/media\/829"}],"wp:attachment":[{"href":"https:\/\/www.pianoheritage.com\/fr\/wp-json\/wp\/v2\/media?parent=826"}],"wp:term":[{"taxonomy":"product_brand","embeddable":true,"href":"https:\/\/www.pianoheritage.com\/fr\/wp-json\/wp\/v2\/product_brand?post=826"},{"taxonomy":"product_cat","embeddable":true,"href":"https:\/\/www.pianoheritage.com\/fr\/wp-json\/wp\/v2\/product_cat?post=826"},{"taxonomy":"product_tag","embeddable":true,"href":"https:\/\/www.pianoheritage.com\/fr\/wp-json\/wp\/v2\/product_tag?post=826"}],"curies":[{"name":"wp","href":"https:\/\/api.w.org\/{rel}","templated":true}]}}