{"id":8247,"date":"2023-10-03T11:52:36","date_gmt":"2023-10-03T15:52:38","guid":{"rendered":"https:\/\/www.pianoheritage.com\/?post_type=product&#038;p=8247"},"modified":"2023-10-03T12:44:45","modified_gmt":"2023-10-03T16:44:45","slug":"yamaha-csp-275-clavinova","status":"publish","type":"product","link":"https:\/\/www.pianoheritage.com\/fr\/shop\/pianos-yamaha\/pianos-numeriques\/yamaha-csp-275-clavinova\/","title":{"rendered":"Yamaha CSP-275 Clavinova"},"content":{"rendered":"<p>Les pianos num\u00e9riques Clavinova de la s\u00e9rie CSP-200 permettent m\u00eame aux d\u00e9butants de jouer facilement leurs chansons pr\u00e9f\u00e9r\u00e9es. Il comprend des Stream Lights uniques, qui vous guident vers les touches \u00e0 jouer ensuite, et une application Smart Pianist qui vous permet de profiter de l&rsquo;instrument avec votre appareil intelligent. Avec une sensation de jeu authentique et une qualit\u00e9 sonore riche comme celle d&rsquo;un piano \u00e0 queue, il offre une profonde joie de jouer.<\/p>\n<p>Lumi\u00e8res de flux<br \/>\n\u00c9chantillons de piano Yamaha CFX et B\u00f6sendorfer Imperial,<br \/>\n\u00c9chantillonnage binaural Yamaha CFX et B\u00f6sendorfer<br \/>\n819 voix, 403 morceaux et 495 styles<br \/>\nAudio pour marquer<br \/>\nMod\u00e9lisation par r\u00e9sonance virtuelle (VRM)<br \/>\nMod\u00e9lisation de grandes expressions<br \/>\nClavier GrandTouch-S\u2122 avec touche en bois<br \/>\n(50 W + 50 W) x 2 amplificateurs<br \/>\n(16 cm + 8 cm) \u00d7 2 syst\u00e8mes de haut-parleurs<br \/>\nConnexion du microphone<br \/>\nEnregistrement MIDI multipiste (format SMF 0)<br \/>\nLecteur\/Enregistreur audio (Format de fichier\u00a0: WAV, AAC)<br \/>\nAudio Bluetooth\u00ae int\u00e9gr\u00e9<br \/>\nConnexion sans fil \u00e0 l&rsquo;application Smart Pianist via Bluetooth\u00ae MIDI<\/p>\n<p>&nbsp;<\/p>\n<p><span class=\"embed-youtube\" style=\"text-align:center; display: block;\"><iframe loading=\"lazy\" class=\"youtube-player\" width=\"1020\" height=\"574\" src=\"https:\/\/www.youtube.com\/embed\/gcvSnEsD-w8?version=3&#038;rel=1&#038;showsearch=0&#038;showinfo=1&#038;iv_load_policy=1&#038;fs=1&#038;hl=fr-FR&#038;autohide=2&#038;wmode=transparent\" allowfullscreen=\"true\" style=\"border:0;\" sandbox=\"allow-scripts allow-same-origin allow-popups allow-presentation allow-popups-to-escape-sandbox\"><\/iframe><\/span><\/p>\n<p>&nbsp;<\/p>\n<p class=\"video-container\">\n","protected":false},"excerpt":{"rendered":"<p>Les pianos num\u00e9riques de la s\u00e9rie Clavinova CSP-200 permettent m\u00eame aux d\u00e9butants de jouer facilement leurs morceaux pr\u00e9f\u00e9r\u00e9s. Il est dot\u00e9 de Stream Lights uniques, qui vous guident vers les touches \u00e0 jouer ensuite, et d&rsquo;une application Smart Pianist qui vous permet de profiter de l&rsquo;instrument avec votre appareil intelligent. Avec une sensation de jeu authentique et une qualit\u00e9 tonale riche comme celle d&rsquo;un piano \u00e0 queue, il offre un plaisir de jeu profond.<\/p>\n","protected":false},"featured_media":8252,"comment_status":"open","ping_status":"closed","template":"","meta":{"jetpack_publicize_message":"","jetpack_publicize_feature_enabled":true,"jetpack_social_post_already_shared":true,"jetpack_social_options":{"image_generator_settings":{"template":"highway","default_image_id":0,"font":"","enabled":false},"version":2}},"product_brand":[],"product_cat":[66],"product_tag":[685],"class_list":{"0":"post-8247","1":"product","2":"type-product","3":"status-publish","4":"has-post-thumbnail","6":"product_cat-pianos-numeriques","7":"product_tag-csp275-fr","9":"first","10":"instock","11":"taxable","12":"shipping-taxable","13":"purchasable","14":"product-type-variable"},"jetpack_publicize_connections":[],"jetpack_sharing_enabled":true,"_links":{"self":[{"href":"https:\/\/www.pianoheritage.com\/fr\/wp-json\/wp\/v2\/product\/8247","targetHints":{"allow":["GET"]}}],"collection":[{"href":"https:\/\/www.pianoheritage.com\/fr\/wp-json\/wp\/v2\/product"}],"about":[{"href":"https:\/\/www.pianoheritage.com\/fr\/wp-json\/wp\/v2\/types\/product"}],"replies":[{"embeddable":true,"href":"https:\/\/www.pianoheritage.com\/fr\/wp-json\/wp\/v2\/comments?post=8247"}],"wp:featuredmedia":[{"embeddable":true,"href":"https:\/\/www.pianoheritage.com\/fr\/wp-json\/wp\/v2\/media\/8252"}],"wp:attachment":[{"href":"https:\/\/www.pianoheritage.com\/fr\/wp-json\/wp\/v2\/media?parent=8247"}],"wp:term":[{"taxonomy":"product_brand","embeddable":true,"href":"https:\/\/www.pianoheritage.com\/fr\/wp-json\/wp\/v2\/product_brand?post=8247"},{"taxonomy":"product_cat","embeddable":true,"href":"https:\/\/www.pianoheritage.com\/fr\/wp-json\/wp\/v2\/product_cat?post=8247"},{"taxonomy":"product_tag","embeddable":true,"href":"https:\/\/www.pianoheritage.com\/fr\/wp-json\/wp\/v2\/product_tag?post=8247"}],"curies":[{"name":"wp","href":"https:\/\/api.w.org\/{rel}","templated":true}]}}