{"id":820,"date":"2018-04-06T19:33:37","date_gmt":"2018-04-06T19:33:37","guid":{"rendered":"https:\/\/www.pianoheritage.com\/shop\/non%20class\u00e9\/yamaha-cvp-701\/"},"modified":"2021-09-05T16:49:30","modified_gmt":"2021-09-05T20:49:30","slug":"yamaha-cvp-701","status":"publish","type":"product","link":"https:\/\/www.pianoheritage.com\/fr\/shop\/pianos-yamaha\/pianos-numeriques\/yamaha-cvp-701\/","title":{"rendered":"Yamaha CVP-701"},"content":{"rendered":"<p>D\u00e9couvrez le piano facile et sans limites !<\/p>\n<ul class=\"small_list\">\n<li>Le savoir-faire l\u00e9gendaire de Yamaha au service d&rsquo;un instrument assur\u00e9ment moderne.<\/li>\n<li>Piano Room : l&rsquo;univers r\u00eav\u00e9 des pianistes.<\/li>\n<li>Une multitude de sonorit\u00e9s exaltantes.<\/li>\n<li>Connectez un micro et chantez.<\/li>\n<li>m\u00e9canique GH3X (Graded Hammer 3X)<\/li>\n<li>Les sonorit\u00e9s Super Articulation reproduisent \u00e0 la perfection les instruments d&rsquo;origine.<\/li>\n<li>Un \u00e9cran couleur ais\u00e9ment lisible et compr\u00e9hensible.<\/li>\n<\/ul>\n<div class=\"desc\">\n<p>Avec son incroyable toucher de piano \u00e0 queue procur\u00e9 par la m\u00e9canique GH3X (Graded Hammer 3X), int\u00e9grant un m\u00e9canisme d&rsquo;\u00e9chappement et des notes recouvertes d&rsquo;ivoire de synth\u00e8se ainsi qu&rsquo;une ergonomie intuitive, le CVP-701 r\u00e9v\u00e8le le musicien qui est en vous. Les Clavinovas sont avant tout des pianos. Le CVP-701 n&rsquo;\u00e9chappe pas \u00e0 cette r\u00e8gle, en disposant notamment maintenant de la technologie Yamaha Real Grand Expression. De nombreuses fonctions divertissantes et \u00e9ducatives ainsi que son interactivit\u00e9 avec l&rsquo;iPad, destinent ce piano num\u00e9rique, tant aux d\u00e9butants qu&rsquo;aux pianistes confirm\u00e9s. Pratique \u00e0 utiliser avec son \u00e9cran couleur, il aiguillera les d\u00e9butants \u00e0 l&rsquo;aide de son guide lumineux et ravira les musiciens plus exp\u00e9riment\u00e9s en leur affichant la partition.<\/p>\n<\/div>\n<p class=\"video-container\"><iframe loading=\"lazy\" src=\"https:\/\/www.youtube.com\/embed\/6reI6T3spJg\" width=\"560\" height=\"315\" frameborder=\"0\" allowfullscreen=\"allowfullscreen\"><\/iframe><\/p>\n<p class=\"video-container\"><iframe loading=\"lazy\" src=\"https:\/\/www.youtube.com\/embed\/oIaAgIiMaD8\" width=\"560\" height=\"315\" frameborder=\"0\" allowfullscreen=\"allowfullscreen\"><\/iframe><\/p>\n<p class=\"video-container\"><iframe loading=\"lazy\" src=\"https:\/\/www.youtube.com\/embed\/tX8vEbQRd7I\" width=\"560\" height=\"315\" frameborder=\"0\" allowfullscreen=\"allowfullscreen\"><\/iframe><\/p>\n","protected":false},"excerpt":{"rendered":"<p>D\u00e9couvrez le piano facile et sans limites !<\/p>\n","protected":false},"featured_media":819,"comment_status":"open","ping_status":"closed","template":"","meta":{"jetpack_publicize_message":"","jetpack_publicize_feature_enabled":true,"jetpack_social_post_already_shared":false,"jetpack_social_options":{"image_generator_settings":{"template":"highway","default_image_id":0,"font":"","enabled":false},"version":2}},"product_brand":[],"product_cat":[66],"product_tag":[],"class_list":{"0":"post-820","1":"product","2":"type-product","3":"status-publish","4":"has-post-thumbnail","6":"product_cat-pianos-numeriques","8":"first","9":"outofstock","10":"taxable","11":"shipping-taxable","12":"purchasable","13":"product-type-variable"},"jetpack_publicize_connections":[],"jetpack_sharing_enabled":true,"_links":{"self":[{"href":"https:\/\/www.pianoheritage.com\/fr\/wp-json\/wp\/v2\/product\/820","targetHints":{"allow":["GET"]}}],"collection":[{"href":"https:\/\/www.pianoheritage.com\/fr\/wp-json\/wp\/v2\/product"}],"about":[{"href":"https:\/\/www.pianoheritage.com\/fr\/wp-json\/wp\/v2\/types\/product"}],"replies":[{"embeddable":true,"href":"https:\/\/www.pianoheritage.com\/fr\/wp-json\/wp\/v2\/comments?post=820"}],"wp:featuredmedia":[{"embeddable":true,"href":"https:\/\/www.pianoheritage.com\/fr\/wp-json\/wp\/v2\/media\/819"}],"wp:attachment":[{"href":"https:\/\/www.pianoheritage.com\/fr\/wp-json\/wp\/v2\/media?parent=820"}],"wp:term":[{"taxonomy":"product_brand","embeddable":true,"href":"https:\/\/www.pianoheritage.com\/fr\/wp-json\/wp\/v2\/product_brand?post=820"},{"taxonomy":"product_cat","embeddable":true,"href":"https:\/\/www.pianoheritage.com\/fr\/wp-json\/wp\/v2\/product_cat?post=820"},{"taxonomy":"product_tag","embeddable":true,"href":"https:\/\/www.pianoheritage.com\/fr\/wp-json\/wp\/v2\/product_tag?post=820"}],"curies":[{"name":"wp","href":"https:\/\/api.w.org\/{rel}","templated":true}]}}