{"id":8104,"date":"2023-07-27T13:51:53","date_gmt":"2023-07-27T17:51:55","guid":{"rendered":"https:\/\/www.pianoheritage.com\/?post_type=product&#038;p=8104"},"modified":"2023-07-27T14:11:20","modified_gmt":"2023-07-27T18:11:20","slug":"systeme-de-sonorisation-yamaha-stagepas-100","status":"publish","type":"product","link":"https:\/\/www.pianoheritage.com\/fr\/shop\/denceintes-et-son\/systemes-de-son-pa\/systeme-de-sonorisation-yamaha-stagepas-100\/","title":{"rendered":"Syst\u00e8me de sonorisation Yamaha Stagepas 100"},"content":{"rendered":"<p>Le syst\u00e8me de sonorisation portable STAGEPAS 100 \u00e9tablit un \u00e9quilibre parfait entre un son de haute qualit\u00e9 et une portabilit\u00e9 ultime, vous permettant de transformer pratiquement n&rsquo;importe quel endroit en votre propre sc\u00e8ne live intime. Disponible en deux versions, <a href=\"https:\/\/www.pianoheritage.com\/fr\/shop\/denceintes-et-son\/systemes-de-son-pa\/systeme-de-sonorisation-yamaha-stagepas-100btr\/\">une avec batterie<\/a> et une sans batterie, la conception l\u00e9g\u00e8re et durable, le fonctionnement sans effort et le son \u00e9tonnant du STAGEPAS 100 vous aideront \u00e0 atteindre votre public comme jamais auparavant.<\/p>\n<p>Amplificateur de classe D de 100 W<br \/>\nPilote de compression coaxial de haute qualit\u00e9 1,4&Prime; HF + 6,5&Prime; LF utilisant un filtre FIR pour le crossover<br \/>\nTable de mixage 3 canaux (2 micro\/ligne mono + 1 ligne)<br \/>\nEquip\u00e9 d&rsquo;un \u00e9galiseur ma\u00eetre 2 bandes<br \/>\nCompatible avec l&rsquo;entr\u00e9e Hi-Z (canal 2 uniquement)<br \/>\n\u00c9quip\u00e9 d&rsquo;un m\u00e9langeur<br \/>\nLa poign\u00e9e de transport sert \u00e9galement de support r\u00e9glable<br \/>\nCompatible avec l&rsquo;accompagnement audio via Bluetooth<br \/>\nSac de transport en option (BAG-STP100) disponible pour un transport pratique<\/p>\n","protected":false},"excerpt":{"rendered":"<p>Le syst\u00e8me de sonorisation portable STAGEPAS 100 \u00e9tablit un \u00e9quilibre parfait entre un son de haute qualit\u00e9 et une portabilit\u00e9 ultime, vous permettant de transformer pratiquement n&rsquo;importe quel endroit en votre propre sc\u00e8ne live intime.<\/p>\n","protected":false},"featured_media":8108,"comment_status":"open","ping_status":"closed","template":"","meta":{"jetpack_publicize_message":"","jetpack_publicize_feature_enabled":true,"jetpack_social_post_already_shared":true,"jetpack_social_options":{"image_generator_settings":{"template":"highway","default_image_id":0,"font":"","enabled":false},"version":2}},"product_brand":[],"product_cat":[275],"product_tag":[645,671],"class_list":{"0":"post-8104","1":"product","2":"type-product","3":"status-publish","4":"has-post-thumbnail","6":"product_cat-systemes-de-son-pa","7":"product_tag-stagepas-fr","8":"product_tag-stagepas-100","10":"first","11":"instock","12":"taxable","13":"shipping-taxable","14":"purchasable","15":"product-type-simple"},"jetpack_publicize_connections":[],"jetpack_sharing_enabled":true,"_links":{"self":[{"href":"https:\/\/www.pianoheritage.com\/fr\/wp-json\/wp\/v2\/product\/8104","targetHints":{"allow":["GET"]}}],"collection":[{"href":"https:\/\/www.pianoheritage.com\/fr\/wp-json\/wp\/v2\/product"}],"about":[{"href":"https:\/\/www.pianoheritage.com\/fr\/wp-json\/wp\/v2\/types\/product"}],"replies":[{"embeddable":true,"href":"https:\/\/www.pianoheritage.com\/fr\/wp-json\/wp\/v2\/comments?post=8104"}],"wp:featuredmedia":[{"embeddable":true,"href":"https:\/\/www.pianoheritage.com\/fr\/wp-json\/wp\/v2\/media\/8108"}],"wp:attachment":[{"href":"https:\/\/www.pianoheritage.com\/fr\/wp-json\/wp\/v2\/media?parent=8104"}],"wp:term":[{"taxonomy":"product_brand","embeddable":true,"href":"https:\/\/www.pianoheritage.com\/fr\/wp-json\/wp\/v2\/product_brand?post=8104"},{"taxonomy":"product_cat","embeddable":true,"href":"https:\/\/www.pianoheritage.com\/fr\/wp-json\/wp\/v2\/product_cat?post=8104"},{"taxonomy":"product_tag","embeddable":true,"href":"https:\/\/www.pianoheritage.com\/fr\/wp-json\/wp\/v2\/product_tag?post=8104"}],"curies":[{"name":"wp","href":"https:\/\/api.w.org\/{rel}","templated":true}]}}