{"id":7950,"date":"2023-05-16T09:49:34","date_gmt":"2023-05-16T13:49:34","guid":{"rendered":"https:\/\/www.pianoheritage.com\/?post_type=product&#038;p=7950"},"modified":"2023-05-16T10:07:17","modified_gmt":"2023-05-16T14:07:17","slug":"yamaha-revstar-rss20-guitare-electrique","status":"publish","type":"product","link":"https:\/\/www.pianoheritage.com\/fr\/shop\/guitares\/guitares-electriques\/yamaha-revstar-rss20-guitare-electrique\/","title":{"rendered":"Yamaha Revstar RSS20 guitare electrique"},"content":{"rendered":"<div id=\"d589876\" class=\"product-lineup-full-width\">\n<div class=\"container-fluid\">\n<div class=\"row\">\n<div class=\"col-xs-12 col-sm-8\">\n<p>Le RSS20 propose six options de finition, un corps chambr\u00e9 et un manche renforc\u00e9 en carbone, deux micros humbucker, une commutation \u00e0 5 positions et un interrupteur de mise au point passif, offrant une polyvalence exceptionnelle.<\/p>\n<p>6 finitions inspir\u00e9es du caf\u00e9 racer<br \/>\nCorps chambr\u00e9 en \u00e9rable et acajou<br \/>\nManche 3 pi\u00e8ces en acajou renforc\u00e9 de carbone<br \/>\n2 micros humbucker Alnico V<br \/>\nS\u00e9lecteur de micro \u00e0 5 positions<br \/>\nCommutateur de mise au point passive<br \/>\nSac de concert de luxe inclus<\/p>\n<\/div>\n<\/div>\n<\/div>\n<\/div>\n","protected":false},"excerpt":{"rendered":"<p>Le RSS20 propose six options de finition, un corps chambr\u00e9 et un manche renforc\u00e9 en carbone, deux micros humbucker, une commutation \u00e0 5 positions et un interrupteur de mise au point passif, offrant une polyvalence exceptionnelle.<\/p>\n<p>&nbsp;<\/p>\n<p>&nbsp;<\/p>\n","protected":false},"featured_media":7956,"comment_status":"open","ping_status":"closed","template":"","meta":{"jetpack_publicize_message":"","jetpack_publicize_feature_enabled":true,"jetpack_social_post_already_shared":true,"jetpack_social_options":{"image_generator_settings":{"template":"highway","default_image_id":0,"font":"","enabled":false},"version":2}},"product_brand":[],"product_cat":[55],"product_tag":[661,662],"class_list":{"0":"post-7950","1":"product","2":"type-product","3":"status-publish","4":"has-post-thumbnail","6":"product_cat-guitares-electriques","7":"product_tag-revstar-fr","8":"product_tag-rss20-fr","10":"first","11":"instock","12":"taxable","13":"shipping-taxable","14":"purchasable","15":"product-type-variable"},"jetpack_publicize_connections":[],"jetpack_sharing_enabled":true,"_links":{"self":[{"href":"https:\/\/www.pianoheritage.com\/fr\/wp-json\/wp\/v2\/product\/7950","targetHints":{"allow":["GET"]}}],"collection":[{"href":"https:\/\/www.pianoheritage.com\/fr\/wp-json\/wp\/v2\/product"}],"about":[{"href":"https:\/\/www.pianoheritage.com\/fr\/wp-json\/wp\/v2\/types\/product"}],"replies":[{"embeddable":true,"href":"https:\/\/www.pianoheritage.com\/fr\/wp-json\/wp\/v2\/comments?post=7950"}],"wp:featuredmedia":[{"embeddable":true,"href":"https:\/\/www.pianoheritage.com\/fr\/wp-json\/wp\/v2\/media\/7956"}],"wp:attachment":[{"href":"https:\/\/www.pianoheritage.com\/fr\/wp-json\/wp\/v2\/media?parent=7950"}],"wp:term":[{"taxonomy":"product_brand","embeddable":true,"href":"https:\/\/www.pianoheritage.com\/fr\/wp-json\/wp\/v2\/product_brand?post=7950"},{"taxonomy":"product_cat","embeddable":true,"href":"https:\/\/www.pianoheritage.com\/fr\/wp-json\/wp\/v2\/product_cat?post=7950"},{"taxonomy":"product_tag","embeddable":true,"href":"https:\/\/www.pianoheritage.com\/fr\/wp-json\/wp\/v2\/product_tag?post=7950"}],"curies":[{"name":"wp","href":"https:\/\/api.w.org\/{rel}","templated":true}]}}