{"id":7565,"date":"2022-11-07T11:39:12","date_gmt":"2022-11-07T16:39:12","guid":{"rendered":"https:\/\/www.pianoheritage.com\/?post_type=product&#038;p=7565"},"modified":"2022-11-07T11:41:44","modified_gmt":"2022-11-07T16:41:44","slug":"yamaha-mx88-bk-synthetiseur-boite-ouverte-comme-neuf","status":"publish","type":"product","link":"https:\/\/www.pianoheritage.com\/fr\/shop\/promotions-de-lheure\/yamaha-mx88-bk-synthetiseur-boite-ouverte-comme-neuf\/","title":{"rendered":"Yamaha MX88 BK synth\u00e9tiseur boite ouverte &#8211; comme neuf"},"content":{"rendered":"<p>boite ouverte &#8211; comme neuf<\/p>\n<p>MX88 &#8211; la solution compl\u00e8te pour le joueur de piano moderne n\u00e9cessitant une action piano r\u00e9aliste, un son de synth\u00e9 inspirant et une connectivit\u00e9 facile aux ordinateurs et aux appareils iOS.<\/p>\n<p>La s\u00e9rie MX combine le meilleur des sons du MOTIF XS, une connectivit\u00e9 USB Audio\/MIDI et un contr\u00f4le \u00e9volu\u00e9 des logiciels de production musicale. &#8211; Plus de 1000 sons issus de la s\u00e9rie MOTIF &#8211; De nombreux effets VCM &#8211; Ergonomie tr\u00e8s simple &#8211; 128 voies de polyphonie, multitimbral (16 parties) &#8211; Contr\u00f4les pratiques de logiciels et instruments VST &#8211; Interface USB Audio\/MIDI bidirectionnelle &#8211; Suite compl\u00e8te de logiciels de production musicale incluse &#8211; Conception compacte et l\u00e9g\u00e8re avec clavier Yamaha &#8211; Connectivit\u00e9 analogique et num\u00e9rique compl\u00e8te<\/p>\n","protected":false},"excerpt":{"rendered":"<p>Le PSR-E373 est un clavier portable \u00e0 61 touches dynamiques, parfait pour l&rsquo;apprentissage et l&rsquo;amusement. Il est dot\u00e9 de fonctions polyvalentes, d&rsquo;un clavier expressif et dispose de nombreuses fonctions p\u00e9dagogiques id\u00e9ales pour les n\u00e9ophytes.<\/p>\n","protected":false},"featured_media":7537,"comment_status":"open","ping_status":"closed","template":"","meta":{"jetpack_publicize_message":"","jetpack_publicize_feature_enabled":true,"jetpack_social_post_already_shared":true,"jetpack_social_options":{"image_generator_settings":{"template":"highway","default_image_id":0,"font":"","enabled":false},"version":2}},"product_brand":[],"product_cat":[106,838],"product_tag":[859],"class_list":{"0":"post-7565","1":"product","2":"type-product","3":"status-publish","4":"has-post-thumbnail","6":"product_cat-promotions-de-lheure","7":"product_cat-synthetiseur","8":"product_tag-keyboard-fr","10":"first","11":"instock","12":"taxable","13":"shipping-taxable","14":"purchasable","15":"product-type-simple"},"jetpack_publicize_connections":[],"jetpack_sharing_enabled":true,"_links":{"self":[{"href":"https:\/\/www.pianoheritage.com\/fr\/wp-json\/wp\/v2\/product\/7565","targetHints":{"allow":["GET"]}}],"collection":[{"href":"https:\/\/www.pianoheritage.com\/fr\/wp-json\/wp\/v2\/product"}],"about":[{"href":"https:\/\/www.pianoheritage.com\/fr\/wp-json\/wp\/v2\/types\/product"}],"replies":[{"embeddable":true,"href":"https:\/\/www.pianoheritage.com\/fr\/wp-json\/wp\/v2\/comments?post=7565"}],"wp:featuredmedia":[{"embeddable":true,"href":"https:\/\/www.pianoheritage.com\/fr\/wp-json\/wp\/v2\/media\/7537"}],"wp:attachment":[{"href":"https:\/\/www.pianoheritage.com\/fr\/wp-json\/wp\/v2\/media?parent=7565"}],"wp:term":[{"taxonomy":"product_brand","embeddable":true,"href":"https:\/\/www.pianoheritage.com\/fr\/wp-json\/wp\/v2\/product_brand?post=7565"},{"taxonomy":"product_cat","embeddable":true,"href":"https:\/\/www.pianoheritage.com\/fr\/wp-json\/wp\/v2\/product_cat?post=7565"},{"taxonomy":"product_tag","embeddable":true,"href":"https:\/\/www.pianoheritage.com\/fr\/wp-json\/wp\/v2\/product_tag?post=7565"}],"curies":[{"name":"wp","href":"https:\/\/api.w.org\/{rel}","templated":true}]}}