{"id":7535,"date":"2022-10-20T13:44:28","date_gmt":"2022-10-20T17:44:29","guid":{"rendered":"https:\/\/www.pianoheritage.com\/?post_type=product&#038;p=7535"},"modified":"2023-03-28T15:07:09","modified_gmt":"2023-03-28T19:07:09","slug":"yamaha-mx88-bk-synthetiseur","status":"publish","type":"product","link":"https:\/\/www.pianoheritage.com\/fr\/shop\/yamaha-pianos\/yamaha-mx88-bk-synthetiseur\/","title":{"rendered":"Yamaha MX88 BK synth\u00e9tiseur"},"content":{"rendered":"<p>MX88 &#8211; la solution compl\u00e8te pour le joueur de piano moderne n\u00e9cessitant une action piano r\u00e9aliste, un son de synth\u00e9 inspirant et une connectivit\u00e9 facile aux ordinateurs et aux appareils iOS.<\/p>\n<p>La s\u00e9rie MX combine le meilleur des sons du MOTIF XS, une connectivit\u00e9 USB Audio\/MIDI et un contr\u00f4le \u00e9volu\u00e9 des logiciels de production musicale. &#8211; Plus de 1000 sons issus de la s\u00e9rie MOTIF &#8211; De nombreux effets VCM &#8211; Ergonomie tr\u00e8s simple &#8211; 128 voies de polyphonie, multitimbral (16 parties) &#8211; Contr\u00f4les pratiques de logiciels et instruments VST &#8211; Interface USB Audio\/MIDI bidirectionnelle &#8211; Suite compl\u00e8te de logiciels de production musicale incluse &#8211; Conception compacte et l\u00e9g\u00e8re avec clavier Yamaha &#8211; Connectivit\u00e9 analogique et num\u00e9rique compl\u00e8te<\/p>\n","protected":false},"excerpt":{"rendered":"<p>MX88 &#8211; la solution compl\u00e8te pour le joueur de piano moderne n\u00e9cessitant une action piano r\u00e9aliste, un son de synth\u00e9 inspirant et une connectivit\u00e9 facile aux ordinateurs et aux appareils iOS.<\/p>\n","protected":false},"featured_media":7537,"comment_status":"open","ping_status":"closed","template":"","meta":{"jetpack_publicize_message":"","jetpack_publicize_feature_enabled":true,"jetpack_social_post_already_shared":true,"jetpack_social_options":{"image_generator_settings":{"template":"highway","default_image_id":0,"font":"","enabled":false},"version":2}},"product_brand":[],"product_cat":[25],"product_tag":[],"class_list":{"0":"post-7535","1":"product","2":"type-product","3":"status-publish","4":"has-post-thumbnail","6":"product_cat-yamaha-pianos","8":"first","9":"instock","10":"taxable","11":"shipping-taxable","12":"purchasable","13":"product-type-simple"},"jetpack_publicize_connections":[],"jetpack_sharing_enabled":true,"_links":{"self":[{"href":"https:\/\/www.pianoheritage.com\/fr\/wp-json\/wp\/v2\/product\/7535","targetHints":{"allow":["GET"]}}],"collection":[{"href":"https:\/\/www.pianoheritage.com\/fr\/wp-json\/wp\/v2\/product"}],"about":[{"href":"https:\/\/www.pianoheritage.com\/fr\/wp-json\/wp\/v2\/types\/product"}],"replies":[{"embeddable":true,"href":"https:\/\/www.pianoheritage.com\/fr\/wp-json\/wp\/v2\/comments?post=7535"}],"wp:featuredmedia":[{"embeddable":true,"href":"https:\/\/www.pianoheritage.com\/fr\/wp-json\/wp\/v2\/media\/7537"}],"wp:attachment":[{"href":"https:\/\/www.pianoheritage.com\/fr\/wp-json\/wp\/v2\/media?parent=7535"}],"wp:term":[{"taxonomy":"product_brand","embeddable":true,"href":"https:\/\/www.pianoheritage.com\/fr\/wp-json\/wp\/v2\/product_brand?post=7535"},{"taxonomy":"product_cat","embeddable":true,"href":"https:\/\/www.pianoheritage.com\/fr\/wp-json\/wp\/v2\/product_cat?post=7535"},{"taxonomy":"product_tag","embeddable":true,"href":"https:\/\/www.pianoheritage.com\/fr\/wp-json\/wp\/v2\/product_tag?post=7535"}],"curies":[{"name":"wp","href":"https:\/\/api.w.org\/{rel}","templated":true}]}}