{"id":7399,"date":"2022-07-07T13:19:12","date_gmt":"2022-07-07T17:19:12","guid":{"rendered":"https:\/\/www.pianoheritage.com\/?post_type=product&#038;p=7399"},"modified":"2022-07-07T13:51:28","modified_gmt":"2022-07-07T17:51:28","slug":"yamaha-psr-e473","status":"publish","type":"product","link":"https:\/\/www.pianoheritage.com\/fr\/shop\/pianos-yamaha\/claviers\/yamaha-psr-e473\/","title":{"rendered":"Yamaha PSR-E473"},"content":{"rendered":"<p>La s\u00e9rie PSR-E400 est un excellent clavier polyvalent \u00e0 61 touches, id\u00e9al comme instrument de d\u00e9part, mais repr\u00e9sente \u00e9galement une alternative robuste pour les joueurs exp\u00e9riment\u00e9s. Le dernier PSR-E473 est dot\u00e9 d&rsquo;un g\u00e9n\u00e9rateur de sons nouvellement d\u00e9velopp\u00e9 qui offre des am\u00e9liorations \u00e9tonnantes de la qualit\u00e9 sonore ainsi que des effets de haute qualit\u00e9 tels que des retards.<\/p>\n<p>820 voix et voix Super Articulation Lite<br \/>\n290 mod\u00e8les<br \/>\n2 canaux\/41 types d&rsquo;effets d&rsquo;insertion DSP<br \/>\n\u00c9chantillonnage rapide<br \/>\nCr\u00e9ateur de groove<br \/>\nBoutons de contr\u00f4le en direct, fonctionnalit\u00e9 d&rsquo;effet de mouvement, molette de pitch bend<br \/>\nM\u00e9ga Boost<br \/>\nBoutons d&rsquo;acc\u00e8s direct aux cat\u00e9gories<br \/>\nInterface\/enregistrement audio USB<br \/>\nEntr\u00e9e micro et effets vocaux<br \/>\nSorties G\/D individuelles<\/p>\n<span class=\"embed-youtube\" style=\"text-align:center; display: block;\"><iframe loading=\"lazy\" class=\"youtube-player\" width=\"1020\" height=\"574\" src=\"https:\/\/www.youtube.com\/embed\/qMVhJLas8o8?version=3&#038;rel=1&#038;showsearch=0&#038;showinfo=1&#038;iv_load_policy=1&#038;fs=1&#038;hl=fr-FR&#038;autohide=2&#038;wmode=transparent\" allowfullscreen=\"true\" style=\"border:0;\" sandbox=\"allow-scripts allow-same-origin allow-popups allow-presentation allow-popups-to-escape-sandbox\"><\/iframe><\/span>\n","protected":false},"excerpt":{"rendered":"<p>La s\u00e9rie PSR-E400 est un excellent clavier polyvalent \u00e0 61 touches, id\u00e9al comme instrument de d\u00e9part, mais repr\u00e9sente \u00e9galement une alternative robuste pour les joueurs exp\u00e9riment\u00e9s. Le dernier PSR-E473 est dot\u00e9 d&rsquo;un g\u00e9n\u00e9rateur de sons nouvellement d\u00e9velopp\u00e9 qui offre des am\u00e9liorations \u00e9tonnantes de la qualit\u00e9 sonore ainsi que des effets de haute qualit\u00e9 tels que des retards.<\/p>\n","protected":false},"featured_media":7401,"comment_status":"open","ping_status":"closed","template":"","meta":{"jetpack_publicize_message":"","jetpack_publicize_feature_enabled":true,"jetpack_social_post_already_shared":true,"jetpack_social_options":{"image_generator_settings":{"template":"highway","default_image_id":0,"font":"","enabled":false},"version":2}},"product_brand":[],"product_cat":[65],"product_tag":[],"class_list":{"0":"post-7399","1":"product","2":"type-product","3":"status-publish","4":"has-post-thumbnail","6":"product_cat-claviers","8":"first","9":"instock","10":"taxable","11":"shipping-taxable","12":"purchasable","13":"product-type-simple"},"jetpack_publicize_connections":[],"jetpack_sharing_enabled":true,"_links":{"self":[{"href":"https:\/\/www.pianoheritage.com\/fr\/wp-json\/wp\/v2\/product\/7399","targetHints":{"allow":["GET"]}}],"collection":[{"href":"https:\/\/www.pianoheritage.com\/fr\/wp-json\/wp\/v2\/product"}],"about":[{"href":"https:\/\/www.pianoheritage.com\/fr\/wp-json\/wp\/v2\/types\/product"}],"replies":[{"embeddable":true,"href":"https:\/\/www.pianoheritage.com\/fr\/wp-json\/wp\/v2\/comments?post=7399"}],"wp:featuredmedia":[{"embeddable":true,"href":"https:\/\/www.pianoheritage.com\/fr\/wp-json\/wp\/v2\/media\/7401"}],"wp:attachment":[{"href":"https:\/\/www.pianoheritage.com\/fr\/wp-json\/wp\/v2\/media?parent=7399"}],"wp:term":[{"taxonomy":"product_brand","embeddable":true,"href":"https:\/\/www.pianoheritage.com\/fr\/wp-json\/wp\/v2\/product_brand?post=7399"},{"taxonomy":"product_cat","embeddable":true,"href":"https:\/\/www.pianoheritage.com\/fr\/wp-json\/wp\/v2\/product_cat?post=7399"},{"taxonomy":"product_tag","embeddable":true,"href":"https:\/\/www.pianoheritage.com\/fr\/wp-json\/wp\/v2\/product_tag?post=7399"}],"curies":[{"name":"wp","href":"https:\/\/api.w.org\/{rel}","templated":true}]}}