{"id":7318,"date":"2022-05-24T10:41:07","date_gmt":"2022-05-24T15:41:07","guid":{"rendered":"https:\/\/www.pianoheritage.com\/?post_type=product&#038;p=7318"},"modified":"2025-12-13T16:05:05","modified_gmt":"2025-12-13T21:05:05","slug":"accordeur-sur-place-2","status":"publish","type":"product","link":"https:\/\/www.pianoheritage.com\/fr\/shop\/accessoires\/div\/accordeur-sur-place-2\/","title":{"rendered":"Accordeur sur place"},"content":{"rendered":"<p>R\u00e9servez un accordage \u00e0 domicile dans la r\u00e9gion de Laval et de Montr\u00e9al. Conditions : un pr\u00e9avis de 2 semaines est requis et nous vous appellerons pour confirmer les d\u00e9tails avec la date et l&rsquo;heure du rendez-vous dans les 3 jours ouvrables suivant l&rsquo;achat du r\u00e9glage.<\/p>\n","protected":false},"excerpt":{"rendered":"<p>R\u00e9servez un accordage \u00e0 domicile dans la r\u00e9gion de Laval et de Montr\u00e9al. Conditions\u00a0: Un pr\u00e9avis de deux semaines est requis. Nous vous appellerons pour confirmer les d\u00e9tails du rendez-vous (date et heure) dans les trois jours ouvrables suivant votre achat. Le prix avant taxes pour un accordage est de 175\u00a0$.<\/p>\n","protected":false},"featured_media":7255,"comment_status":"open","ping_status":"closed","template":"","meta":{"jetpack_publicize_message":"","jetpack_publicize_feature_enabled":true,"jetpack_social_post_already_shared":true,"jetpack_social_options":{"image_generator_settings":{"template":"highway","default_image_id":0,"font":"","enabled":false},"version":2}},"product_brand":[],"product_cat":[105,106],"product_tag":[],"class_list":{"0":"post-7318","1":"product","2":"type-product","3":"status-publish","4":"has-post-thumbnail","6":"product_cat-div","7":"product_cat-promotions-de-lheure","9":"first","10":"instock","11":"virtual","12":"taxable","13":"purchasable","14":"product-type-simple"},"jetpack_publicize_connections":[],"jetpack_sharing_enabled":true,"_links":{"self":[{"href":"https:\/\/www.pianoheritage.com\/fr\/wp-json\/wp\/v2\/product\/7318","targetHints":{"allow":["GET"]}}],"collection":[{"href":"https:\/\/www.pianoheritage.com\/fr\/wp-json\/wp\/v2\/product"}],"about":[{"href":"https:\/\/www.pianoheritage.com\/fr\/wp-json\/wp\/v2\/types\/product"}],"replies":[{"embeddable":true,"href":"https:\/\/www.pianoheritage.com\/fr\/wp-json\/wp\/v2\/comments?post=7318"}],"wp:featuredmedia":[{"embeddable":true,"href":"https:\/\/www.pianoheritage.com\/fr\/wp-json\/wp\/v2\/media\/7255"}],"wp:attachment":[{"href":"https:\/\/www.pianoheritage.com\/fr\/wp-json\/wp\/v2\/media?parent=7318"}],"wp:term":[{"taxonomy":"product_brand","embeddable":true,"href":"https:\/\/www.pianoheritage.com\/fr\/wp-json\/wp\/v2\/product_brand?post=7318"},{"taxonomy":"product_cat","embeddable":true,"href":"https:\/\/www.pianoheritage.com\/fr\/wp-json\/wp\/v2\/product_cat?post=7318"},{"taxonomy":"product_tag","embeddable":true,"href":"https:\/\/www.pianoheritage.com\/fr\/wp-json\/wp\/v2\/product_tag?post=7318"}],"curies":[{"name":"wp","href":"https:\/\/api.w.org\/{rel}","templated":true}]}}