{"id":716,"date":"2018-04-05T19:10:51","date_gmt":"2018-04-05T19:10:51","guid":{"rendered":"https:\/\/www.pianoheritage.com\/shop\/non%20class\u00e9\/yamaha-psr-a3000\/"},"modified":"2022-04-26T11:19:00","modified_gmt":"2022-04-26T16:19:00","slug":"yamaha-psr-a3000","status":"publish","type":"product","link":"https:\/\/www.pianoheritage.com\/fr\/shop\/pianos-yamaha\/claviers\/yamaha-psr-a3000\/","title":{"rendered":"Yamaha PSR-A3000"},"content":{"rendered":"<p>Discontinu\u00e9\u00a0: Nouveau mod\u00e8le\u00a0:https:\/\/www.pianoheritage.com\/fr\/shop\/pianos-yamaha\/claviers\/yamaha-psr-a5000\/<\/p>\n<p>Le son parfait, o\u00f9 que vous soyez.<\/p>\n<ul class=\"small_list\">\n<li>997 Sonorit\u00e9s, 58 Drum\/SFX kits, et 480 sonorit\u00e9s XG. dont 171 sonorit\u00e9s Orientales et 25 kits Orientaux.<\/li>\n<li>107 sonorit\u00e9s Super Articulation, dont des sonorit\u00e9s Orientales Super Articulation.<\/li>\n<li>Joystick Assignable et fonction Live Control<\/li>\n<li>R\u00e9glage de l&rsquo;accord des notes;<\/li>\n<li>Enregistrement et lecture Audio avec \u00e9dition (time stretch, pitch shift, et vocal cancel).<\/li>\n<li>Nouvel ampli num\u00e9rique.<\/li>\n<\/ul>\n<p>Le PSR-A3000, \u00e9quip\u00e9 d&rsquo;un contr\u00f4leur joystick permettant d&rsquo;agir sur les sonorit\u00e9s de fa\u00e7on intuitive, vous offre une reproduction sonore impressionnante de r\u00e9alisme. De plus, il peut \u00eatre utilis\u00e9 conjointement avec le logiciel Yamaha Expansion Manager, afin de cr\u00e9er ses propres sonorit\u00e9s \u00e0 partir de nouveaux \u00e9chantillons, ou pour g\u00e9rer le contenu des packs d\u2019extension.<\/p>\n<p>Les nouvelles sonorit\u00e9s orientales Super Articulation reproduisent admirablement toutes les subtilit\u00e9s (comme le vibrato, le tremolo, etc.) qui caract\u00e9risent les instruments acoustiques. Pour les autres sonorit\u00e9s, la nouvelle fonction \u00ab\u00a0Mono Legato\u00a0\u00bb vous permet de jouer des trilles sans utiliser le joystick. Les instruments orientaux \u00e0 cordes sont ainsi superbement restitu\u00e9s ! L&rsquo;association d&rsquo;un nouvel ampli num\u00e9rique et d&rsquo;enceintes aux dimensions g\u00e9n\u00e9reuses a permis non seulement l&rsquo;obtention d&rsquo;une grande puissance de diffusion sonore, mais aussi une reproduction parfaite de la dynamique et de la finesse de chaque instrument.<\/p>\n<p class=\"video-container\"><iframe loading=\"lazy\" src=\"https:\/\/www.youtube.com\/embed\/xJusoxQsBVQ\" width=\"560\" height=\"315\" frameborder=\"0\" allowfullscreen=\"allowfullscreen\"><\/iframe><\/p>\n<p class=\"video-container\"><iframe loading=\"lazy\" src=\"https:\/\/www.youtube.com\/embed\/5aOe7BIae98\" width=\"560\" height=\"315\" frameborder=\"0\" allowfullscreen=\"allowfullscreen\"><\/iframe><\/p>\n","protected":false},"excerpt":{"rendered":"<p>Le son parfait, o\u00f9 que vous soyez.<\/p>\n","protected":false},"featured_media":719,"comment_status":"open","ping_status":"closed","template":"","meta":{"jetpack_publicize_message":"","jetpack_publicize_feature_enabled":true,"jetpack_social_post_already_shared":false,"jetpack_social_options":{"image_generator_settings":{"template":"highway","default_image_id":0,"font":"","enabled":false},"version":2}},"product_brand":[],"product_cat":[65],"product_tag":[],"class_list":{"0":"post-716","1":"product","2":"type-product","3":"status-publish","4":"has-post-thumbnail","6":"product_cat-claviers","8":"first","9":"outofstock","10":"taxable","11":"shipping-taxable","12":"purchasable","13":"product-type-simple"},"jetpack_publicize_connections":[],"jetpack_sharing_enabled":true,"_links":{"self":[{"href":"https:\/\/www.pianoheritage.com\/fr\/wp-json\/wp\/v2\/product\/716","targetHints":{"allow":["GET"]}}],"collection":[{"href":"https:\/\/www.pianoheritage.com\/fr\/wp-json\/wp\/v2\/product"}],"about":[{"href":"https:\/\/www.pianoheritage.com\/fr\/wp-json\/wp\/v2\/types\/product"}],"replies":[{"embeddable":true,"href":"https:\/\/www.pianoheritage.com\/fr\/wp-json\/wp\/v2\/comments?post=716"}],"wp:featuredmedia":[{"embeddable":true,"href":"https:\/\/www.pianoheritage.com\/fr\/wp-json\/wp\/v2\/media\/719"}],"wp:attachment":[{"href":"https:\/\/www.pianoheritage.com\/fr\/wp-json\/wp\/v2\/media?parent=716"}],"wp:term":[{"taxonomy":"product_brand","embeddable":true,"href":"https:\/\/www.pianoheritage.com\/fr\/wp-json\/wp\/v2\/product_brand?post=716"},{"taxonomy":"product_cat","embeddable":true,"href":"https:\/\/www.pianoheritage.com\/fr\/wp-json\/wp\/v2\/product_cat?post=716"},{"taxonomy":"product_tag","embeddable":true,"href":"https:\/\/www.pianoheritage.com\/fr\/wp-json\/wp\/v2\/product_tag?post=716"}],"curies":[{"name":"wp","href":"https:\/\/api.w.org\/{rel}","templated":true}]}}