{"id":7047,"date":"2022-04-26T14:16:37","date_gmt":"2022-04-26T19:16:39","guid":{"rendered":"https:\/\/www.pianoheritage.com\/?post_type=product&#038;p=7047"},"modified":"2022-04-26T14:29:01","modified_gmt":"2022-04-26T19:29:01","slug":"moniteur-de-studio-amplifie-yamaha-hs8-8-pouces-demo-comme-neuf","status":"publish","type":"product","link":"https:\/\/www.pianoheritage.com\/fr\/shop\/denceintes-et-son\/enceintes\/moniteur-de-studio-amplifie-yamaha-hs8-8-pouces-demo-comme-neuf\/","title":{"rendered":"Moniteur de studio amplifi\u00e9 Yamaha HS8 8 pouces demo comme neuf"},"content":{"rendered":"<p>Bo\u00eete ouverte. Garantie incluse, vente finale.\u00a0 Moniteur de studio de proximit\u00e9 bi-amplifi\u00e9 bass-reflex 2 voies avec woofer \u00e0 c\u00f4ne 8&Prime; et tweeter \u00e0 d\u00f4me 1&Prime;.<\/p>\n<p>Moniteur de studio de proximit\u00e9 bi-amplifi\u00e9 bass-reflex 2 voies avec woofer \u00e0 c\u00f4ne 8&Prime; et tweeter \u00e0 d\u00f4me 1&Prime;<br \/>\n38Hz &#8211; 30kHz (-10dB), 47Hz &#8211; 24kHz (-3dB) r\u00e9ponse en fr\u00e9quence<br \/>\nSyst\u00e8me bi-ampli 75W LF plus 45W HF pour une amplification de puissance haute performance de 120W<br \/>\nCommandes de r\u00e9ponse ROOM CONTROL et HIGH TRIM<br \/>\nLes entr\u00e9es jack t\u00e9l\u00e9phoniques XLR et TRS acceptent les signaux sym\u00e9triques ou asym\u00e9triques<br \/>\nEmballage unique<\/p>\n","protected":false},"excerpt":{"rendered":"<p>Moniteur de studio de proximit\u00e9 bi-amplifi\u00e9 bass-reflex 2 voies avec woofer \u00e0 c\u00f4ne 8&Prime; et tweeter \u00e0 d\u00f4me 1&Prime;.<\/p>\n","protected":false},"featured_media":4648,"comment_status":"open","ping_status":"closed","template":"","meta":{"jetpack_publicize_message":"","jetpack_publicize_feature_enabled":true,"jetpack_social_post_already_shared":true,"jetpack_social_options":{"image_generator_settings":{"template":"highway","default_image_id":0,"font":"","enabled":false},"version":2}},"product_brand":[],"product_cat":[273,106],"product_tag":[],"class_list":{"0":"post-7047","1":"product","2":"type-product","3":"status-publish","4":"has-post-thumbnail","6":"product_cat-enceintes","7":"product_cat-promotions-de-lheure","9":"first","10":"instock","11":"sale","12":"taxable","13":"shipping-taxable","14":"purchasable","15":"product-type-variable"},"jetpack_publicize_connections":[],"jetpack_sharing_enabled":true,"_links":{"self":[{"href":"https:\/\/www.pianoheritage.com\/fr\/wp-json\/wp\/v2\/product\/7047","targetHints":{"allow":["GET"]}}],"collection":[{"href":"https:\/\/www.pianoheritage.com\/fr\/wp-json\/wp\/v2\/product"}],"about":[{"href":"https:\/\/www.pianoheritage.com\/fr\/wp-json\/wp\/v2\/types\/product"}],"replies":[{"embeddable":true,"href":"https:\/\/www.pianoheritage.com\/fr\/wp-json\/wp\/v2\/comments?post=7047"}],"wp:featuredmedia":[{"embeddable":true,"href":"https:\/\/www.pianoheritage.com\/fr\/wp-json\/wp\/v2\/media\/4648"}],"wp:attachment":[{"href":"https:\/\/www.pianoheritage.com\/fr\/wp-json\/wp\/v2\/media?parent=7047"}],"wp:term":[{"taxonomy":"product_brand","embeddable":true,"href":"https:\/\/www.pianoheritage.com\/fr\/wp-json\/wp\/v2\/product_brand?post=7047"},{"taxonomy":"product_cat","embeddable":true,"href":"https:\/\/www.pianoheritage.com\/fr\/wp-json\/wp\/v2\/product_cat?post=7047"},{"taxonomy":"product_tag","embeddable":true,"href":"https:\/\/www.pianoheritage.com\/fr\/wp-json\/wp\/v2\/product_tag?post=7047"}],"curies":[{"name":"wp","href":"https:\/\/api.w.org\/{rel}","templated":true}]}}