{"id":6934,"date":"2022-03-31T11:10:11","date_gmt":"2022-03-31T16:10:12","guid":{"rendered":"https:\/\/www.pianoheritage.com\/?post_type=product&#038;p=6934"},"modified":"2022-10-20T13:51:58","modified_gmt":"2022-10-20T17:51:58","slug":"yamaha-mx61-bk-synthetiseur","status":"publish","type":"product","link":"https:\/\/www.pianoheritage.com\/fr\/shop\/yamaha-pianos\/yamaha-mx61-bk-synthetiseur\/","title":{"rendered":"Yamaha MX61 BK synth\u00e9tiseur"},"content":{"rendered":"<p>La s\u00e9rie MX combine le meilleur des sons du MOTIF XS, une connectivit\u00e9 USB Audio\/MIDI et un contr\u00f4le \u00e9volu\u00e9 des logiciels de production musicale. &#8211; Plus de 1000 sons issus de la s\u00e9rie MOTIF &#8211; De nombreux effets VCM &#8211; Ergonomie tr\u00e8s simple &#8211; 128 voies de polyphonie, multitimbral (16 parties) &#8211; Contr\u00f4les pratiques de logiciels et instruments VST &#8211; Interface USB Audio\/MIDI bidirectionnelle &#8211; Suite compl\u00e8te de logiciels de production musicale incluse &#8211; Conception compacte et l\u00e9g\u00e8re avec clavier Yamaha &#8211; Connectivit\u00e9 analogique et num\u00e9rique compl\u00e8te<\/p>\n","protected":false},"excerpt":{"rendered":"<p>Le PSR-E373 est un clavier portable \u00e0 61 touches dynamiques, parfait pour l&rsquo;apprentissage et l&rsquo;amusement. Il est dot\u00e9 de fonctions polyvalentes, d&rsquo;un clavier expressif et dispose de nombreuses fonctions p\u00e9dagogiques id\u00e9ales pour les n\u00e9ophytes.<\/p>\n","protected":false},"featured_media":6938,"comment_status":"open","ping_status":"closed","template":"","meta":{"jetpack_publicize_message":"","jetpack_publicize_feature_enabled":true,"jetpack_social_post_already_shared":true,"jetpack_social_options":{"image_generator_settings":{"template":"highway","default_image_id":0,"font":"","enabled":false},"version":2}},"product_brand":[],"product_cat":[25],"product_tag":[],"class_list":{"0":"post-6934","1":"product","2":"type-product","3":"status-publish","4":"has-post-thumbnail","6":"product_cat-yamaha-pianos","8":"first","9":"instock","10":"taxable","11":"shipping-taxable","12":"purchasable","13":"product-type-simple"},"jetpack_publicize_connections":[],"jetpack_sharing_enabled":true,"_links":{"self":[{"href":"https:\/\/www.pianoheritage.com\/fr\/wp-json\/wp\/v2\/product\/6934","targetHints":{"allow":["GET"]}}],"collection":[{"href":"https:\/\/www.pianoheritage.com\/fr\/wp-json\/wp\/v2\/product"}],"about":[{"href":"https:\/\/www.pianoheritage.com\/fr\/wp-json\/wp\/v2\/types\/product"}],"replies":[{"embeddable":true,"href":"https:\/\/www.pianoheritage.com\/fr\/wp-json\/wp\/v2\/comments?post=6934"}],"wp:featuredmedia":[{"embeddable":true,"href":"https:\/\/www.pianoheritage.com\/fr\/wp-json\/wp\/v2\/media\/6938"}],"wp:attachment":[{"href":"https:\/\/www.pianoheritage.com\/fr\/wp-json\/wp\/v2\/media?parent=6934"}],"wp:term":[{"taxonomy":"product_brand","embeddable":true,"href":"https:\/\/www.pianoheritage.com\/fr\/wp-json\/wp\/v2\/product_brand?post=6934"},{"taxonomy":"product_cat","embeddable":true,"href":"https:\/\/www.pianoheritage.com\/fr\/wp-json\/wp\/v2\/product_cat?post=6934"},{"taxonomy":"product_tag","embeddable":true,"href":"https:\/\/www.pianoheritage.com\/fr\/wp-json\/wp\/v2\/product_tag?post=6934"}],"curies":[{"name":"wp","href":"https:\/\/api.w.org\/{rel}","templated":true}]}}