{"id":653,"date":"2018-04-04T18:43:07","date_gmt":"2018-04-04T18:43:07","guid":{"rendered":"https:\/\/www.pianoheritage.com\/shop\/non%20class\u00e9\/yamaha-pacifica-pac112-electric-guitar\/"},"modified":"2021-09-05T16:53:07","modified_gmt":"2021-09-05T20:53:07","slug":"yamaha-pacifica-pac112v-guitare-electrique","status":"publish","type":"product","link":"https:\/\/www.pianoheritage.com\/fr\/shop\/guitares\/guitares-electriques\/yamaha-pacifica-pac112v-guitare-electrique\/","title":{"rendered":"Yamaha Pacifica PAC112V Guitare \u00c9lectrique"},"content":{"rendered":"<p>Les guitares Pacifica sont reconnues pour leurs son et touche tr\u00e8s l\u00e9g\u00e8re. Le mod\u00e8le PAC112V a un corps en aulne. Il est muni de pi\u00e8ces de grandes qualit\u00e9es au niveau de l&rsquo;\u00e9lectronique et des mat\u00e9riaux. Ce mod\u00e8le offre une grande qualit\u00e9 \u00e0 tous les niveaux pour un prix abordable.<\/p>\n<ul>\n<li><span class=\"a-list-item\">Corps en aulne,\u00a0Touche palissandre<\/span><\/li>\n<li><span class=\"a-list-item\">Bridge\/Tremolo-Vintage Tremolo<\/span><\/li>\n<li>2 micros simple bobinage,\u00a01 micro double bobinage<\/li>\n<li><span class=\"a-list-item\">Manche satin\u00e9 en \u00e9rable<\/span><\/li>\n<\/ul>\n","protected":false},"excerpt":{"rendered":"<p>Les guitares Pacifica sont reconnues pour leurs son et touche tr\u00e8s l\u00e9g\u00e8re. Le mod\u00e8le PAC112V a un corps en aulne. Il est muni de pi\u00e8ces de grandes qualit\u00e9es au niveau de l&rsquo;\u00e9lectronique et des mat\u00e9riaux. Ce mod\u00e8le offre une grande qualit\u00e9 \u00e0 tous les niveaux pour un prix abordable.<\/p>\n","protected":false},"featured_media":652,"comment_status":"open","ping_status":"closed","template":"","meta":{"jetpack_publicize_message":"","jetpack_publicize_feature_enabled":true,"jetpack_social_post_already_shared":false,"jetpack_social_options":{"image_generator_settings":{"template":"highway","default_image_id":0,"font":"","enabled":false},"version":2}},"product_brand":[],"product_cat":[55],"product_tag":[752],"class_list":{"0":"post-653","1":"product","2":"type-product","3":"status-publish","4":"has-post-thumbnail","6":"product_cat-guitares-electriques","7":"product_tag-pacifica-fr","9":"first","10":"instock","11":"taxable","12":"shipping-taxable","13":"purchasable","14":"product-type-variable"},"jetpack_publicize_connections":[],"jetpack_sharing_enabled":true,"_links":{"self":[{"href":"https:\/\/www.pianoheritage.com\/fr\/wp-json\/wp\/v2\/product\/653","targetHints":{"allow":["GET"]}}],"collection":[{"href":"https:\/\/www.pianoheritage.com\/fr\/wp-json\/wp\/v2\/product"}],"about":[{"href":"https:\/\/www.pianoheritage.com\/fr\/wp-json\/wp\/v2\/types\/product"}],"replies":[{"embeddable":true,"href":"https:\/\/www.pianoheritage.com\/fr\/wp-json\/wp\/v2\/comments?post=653"}],"wp:featuredmedia":[{"embeddable":true,"href":"https:\/\/www.pianoheritage.com\/fr\/wp-json\/wp\/v2\/media\/652"}],"wp:attachment":[{"href":"https:\/\/www.pianoheritage.com\/fr\/wp-json\/wp\/v2\/media?parent=653"}],"wp:term":[{"taxonomy":"product_brand","embeddable":true,"href":"https:\/\/www.pianoheritage.com\/fr\/wp-json\/wp\/v2\/product_brand?post=653"},{"taxonomy":"product_cat","embeddable":true,"href":"https:\/\/www.pianoheritage.com\/fr\/wp-json\/wp\/v2\/product_cat?post=653"},{"taxonomy":"product_tag","embeddable":true,"href":"https:\/\/www.pianoheritage.com\/fr\/wp-json\/wp\/v2\/product_tag?post=653"}],"curies":[{"name":"wp","href":"https:\/\/api.w.org\/{rel}","templated":true}]}}