{"id":6284,"date":"2021-11-02T12:23:20","date_gmt":"2021-11-02T16:23:21","guid":{"rendered":"https:\/\/www.pianoheritage.com\/?post_type=product&#038;p=6284"},"modified":"2021-11-02T12:29:56","modified_gmt":"2021-11-02T16:29:56","slug":"lampe-led-orchestre-53510-mighty-bright","status":"publish","type":"product","link":"https:\/\/www.pianoheritage.com\/fr\/shop\/accessoires\/div\/lampe-led-orchestre-53510-mighty-bright\/","title":{"rendered":"Lampe LED Orchestre 53510 Mighty Bright"},"content":{"rendered":"<p>Utilisant une combinaison de technologie LED moderne et d&rsquo;optiques con\u00e7ues avec pr\u00e9cision, la lampe Orchestra Light de Mighty Bright est une lampe de pupitre lumineuse, efficace et polyvalente.<\/p>\n<p>Neuf LED illuminent jusqu&rsquo;\u00e0 quatre pages de partitions<br \/>\nL&rsquo;interrupteur d&rsquo;alimentation facile d&rsquo;acc\u00e8s contr\u00f4le deux niveaux de luminosit\u00e9<br \/>\nLe clip \u00e0 ressort robuste et exclusif offre une fixation solide et simple aux pupitres<br \/>\nL&rsquo;aileron int\u00e9gr\u00e9 emp\u00eache la lumi\u00e8re de distraire le public<br \/>\nLes LED \u00e0 semi-conducteurs ne n\u00e9cessitent jamais de remplacement<br \/>\nLe col de cygne flexible permet un ajustement pr\u00e9cis<br \/>\nAliment\u00e9 par un adaptateur secteur ou trois piles AA (toutes deux incluses)<br \/>\nComprend un cordon d&rsquo;alimentation de 13 pi (4 m) de long<\/p>\n","protected":false},"excerpt":{"rendered":"<p>La lampe pour pupitre Encore est une version plus petite de la lampe classique Mighty Bright Orchestra. Pr\u00e9sentant le m\u00eame design de corps \u00e9l\u00e9gant, la barre lumineuse de l&rsquo;Encore contient six LED blanches et \u00e9co\u00e9nerg\u00e9tiques d&rsquo;une dur\u00e9e de 100 000 heures, ainsi qu&rsquo;une ailette arri\u00e8re int\u00e9gr\u00e9e pour prot\u00e9ger la lumi\u00e8re brillante du public.<\/p>\n","protected":false},"featured_media":6286,"comment_status":"open","ping_status":"closed","template":"","meta":{"jetpack_publicize_message":"","jetpack_publicize_feature_enabled":true,"jetpack_social_post_already_shared":true,"jetpack_social_options":{"image_generator_settings":{"template":"highway","default_image_id":0,"font":"","enabled":false},"version":2}},"product_brand":[],"product_cat":[105],"product_tag":[],"class_list":{"0":"post-6284","1":"product","2":"type-product","3":"status-publish","4":"has-post-thumbnail","6":"product_cat-div","8":"first","9":"instock","10":"taxable","11":"shipping-taxable","12":"purchasable","13":"product-type-simple"},"jetpack_publicize_connections":[],"jetpack_sharing_enabled":true,"_links":{"self":[{"href":"https:\/\/www.pianoheritage.com\/fr\/wp-json\/wp\/v2\/product\/6284","targetHints":{"allow":["GET"]}}],"collection":[{"href":"https:\/\/www.pianoheritage.com\/fr\/wp-json\/wp\/v2\/product"}],"about":[{"href":"https:\/\/www.pianoheritage.com\/fr\/wp-json\/wp\/v2\/types\/product"}],"replies":[{"embeddable":true,"href":"https:\/\/www.pianoheritage.com\/fr\/wp-json\/wp\/v2\/comments?post=6284"}],"wp:featuredmedia":[{"embeddable":true,"href":"https:\/\/www.pianoheritage.com\/fr\/wp-json\/wp\/v2\/media\/6286"}],"wp:attachment":[{"href":"https:\/\/www.pianoheritage.com\/fr\/wp-json\/wp\/v2\/media?parent=6284"}],"wp:term":[{"taxonomy":"product_brand","embeddable":true,"href":"https:\/\/www.pianoheritage.com\/fr\/wp-json\/wp\/v2\/product_brand?post=6284"},{"taxonomy":"product_cat","embeddable":true,"href":"https:\/\/www.pianoheritage.com\/fr\/wp-json\/wp\/v2\/product_cat?post=6284"},{"taxonomy":"product_tag","embeddable":true,"href":"https:\/\/www.pianoheritage.com\/fr\/wp-json\/wp\/v2\/product_tag?post=6284"}],"curies":[{"name":"wp","href":"https:\/\/api.w.org\/{rel}","templated":true}]}}