{"id":6278,"date":"2021-11-02T12:14:06","date_gmt":"2021-11-02T16:14:07","guid":{"rendered":"https:\/\/www.pianoheritage.com\/?post_type=product&#038;p=6278"},"modified":"2021-11-02T12:21:24","modified_gmt":"2021-11-02T16:21:24","slug":"lampe-sur-pied-mighty-bright-54910-encore","status":"publish","type":"product","link":"https:\/\/www.pianoheritage.com\/fr\/shop\/accessoires\/div\/lampe-sur-pied-mighty-bright-54910-encore\/","title":{"rendered":"Lampe sur pied Mighty Bright 54910 Encore"},"content":{"rendered":"<p>La lampe pour pupitre Encore est une version plus petite de la lampe classique Mighty Bright Orchestra. Pr\u00e9sentant le m\u00eame design de corps \u00e9l\u00e9gant, la barre lumineuse de l&rsquo;Encore contient six LED blanches et \u00e9co\u00e9nerg\u00e9tiques d&rsquo;une dur\u00e9e de 100 000 heures, ainsi qu&rsquo;une ailette arri\u00e8re int\u00e9gr\u00e9e pour prot\u00e9ger la lumi\u00e8re brillante du public.<\/p>\n<p>L&rsquo;Encore dispose d&rsquo;un interrupteur d&rsquo;alimentation coulissant avec deux niveaux de luminosit\u00e9 et est aliment\u00e9 par 3 piles AAA (incluses) avec une autonomie typique de 14 heures. L&rsquo;Encore Music Stand Light est livr\u00e9 avec un adaptateur secteur et un \u00e9tui de voyage durable.<\/p>\n<p>ID\u00c9AL POUR : les musiciens, les DJ, les ing\u00e9nieurs du son, les conf\u00e9renciers ou toute personne ayant besoin d&rsquo;un large champ d&rsquo;\u00e9clairage portable.<\/p>\n<p>55 LUMENS | 12,75&Prime; x 6&Prime; x 1,75&Prime; | SKU # 54910 Soutenu par la garantie 100% Mighty Bright lorsqu&rsquo;il est achet\u00e9 directement ou aupr\u00e8s de vendeurs autoris\u00e9s.<\/p>\n","protected":false},"excerpt":{"rendered":"<p>La lampe pour pupitre Encore est une version plus petite de la lampe classique Mighty Bright Orchestra. Pr\u00e9sentant le m\u00eame design de corps \u00e9l\u00e9gant, la barre lumineuse de l&rsquo;Encore contient six LED blanches et \u00e9co\u00e9nerg\u00e9tiques d&rsquo;une dur\u00e9e de 100 000 heures, ainsi qu&rsquo;une ailette arri\u00e8re int\u00e9gr\u00e9e pour prot\u00e9ger la lumi\u00e8re brillante du public.<\/p>\n","protected":false},"featured_media":6282,"comment_status":"open","ping_status":"closed","template":"","meta":{"jetpack_publicize_message":"","jetpack_publicize_feature_enabled":true,"jetpack_social_post_already_shared":true,"jetpack_social_options":{"image_generator_settings":{"template":"highway","default_image_id":0,"font":"","enabled":false},"version":2}},"product_brand":[],"product_cat":[105],"product_tag":[],"class_list":{"0":"post-6278","1":"product","2":"type-product","3":"status-publish","4":"has-post-thumbnail","6":"product_cat-div","8":"first","9":"instock","10":"taxable","11":"shipping-taxable","12":"purchasable","13":"product-type-simple"},"jetpack_publicize_connections":[],"jetpack_sharing_enabled":true,"_links":{"self":[{"href":"https:\/\/www.pianoheritage.com\/fr\/wp-json\/wp\/v2\/product\/6278","targetHints":{"allow":["GET"]}}],"collection":[{"href":"https:\/\/www.pianoheritage.com\/fr\/wp-json\/wp\/v2\/product"}],"about":[{"href":"https:\/\/www.pianoheritage.com\/fr\/wp-json\/wp\/v2\/types\/product"}],"replies":[{"embeddable":true,"href":"https:\/\/www.pianoheritage.com\/fr\/wp-json\/wp\/v2\/comments?post=6278"}],"wp:featuredmedia":[{"embeddable":true,"href":"https:\/\/www.pianoheritage.com\/fr\/wp-json\/wp\/v2\/media\/6282"}],"wp:attachment":[{"href":"https:\/\/www.pianoheritage.com\/fr\/wp-json\/wp\/v2\/media?parent=6278"}],"wp:term":[{"taxonomy":"product_brand","embeddable":true,"href":"https:\/\/www.pianoheritage.com\/fr\/wp-json\/wp\/v2\/product_brand?post=6278"},{"taxonomy":"product_cat","embeddable":true,"href":"https:\/\/www.pianoheritage.com\/fr\/wp-json\/wp\/v2\/product_cat?post=6278"},{"taxonomy":"product_tag","embeddable":true,"href":"https:\/\/www.pianoheritage.com\/fr\/wp-json\/wp\/v2\/product_tag?post=6278"}],"curies":[{"name":"wp","href":"https:\/\/api.w.org\/{rel}","templated":true}]}}