{"id":598,"date":"2018-04-03T16:52:34","date_gmt":"2018-04-03T16:52:34","guid":{"rendered":"https:\/\/www.pianoheritage.com\/shop\/non%20class\u00e9\/yamaha-c40-full-size-nylon-string-classical-guitar\/"},"modified":"2021-09-05T16:48:23","modified_gmt":"2021-09-05T20:48:23","slug":"yamaha-c40-guitare-classique-4-4-nylon","status":"publish","type":"product","link":"https:\/\/www.pianoheritage.com\/fr\/shop\/guitares\/guitares-acoustiques\/yamaha-c40-guitare-classique-4-4-nylon\/","title":{"rendered":"Yamaha C40 Guitare Classique 4\/4 nylon"},"content":{"rendered":"<p>Le Yamaha C40 est une guitare classique abordable et de bonne qualit\u00e9. Nous y retrouvons un assemblage de bois d&rsquo;\u00e9picea, d&rsquo;acajou et de bois de rose.<\/p>\n<ul>\n<li>\u00a0corps en bois d&rsquo;\u00e9picea<\/li>\n<li>\u00a0l&rsquo;arri\u00e8re de la manche en bois Nato<\/li>\n<li>\u00a0la manche en bois de rose<\/li>\n<li>\u00a0le dos et les c\u00f4t\u00e9s en acajou indon\u00e9sien<\/li>\n<\/ul>\n","protected":false},"excerpt":{"rendered":"<p>Le Yamaha C40 est une guitare classique abordable et de bonne qualit\u00e9. Nous y retrouvons un assemblage de bois d&rsquo;\u00e9picea, d&rsquo;acajou et de bois de rose.<\/p>\n","protected":false},"featured_media":529,"comment_status":"open","ping_status":"closed","template":"","meta":{"jetpack_publicize_message":"","jetpack_publicize_feature_enabled":true,"jetpack_social_post_already_shared":false,"jetpack_social_options":{"image_generator_settings":{"template":"highway","default_image_id":0,"font":"","enabled":false},"version":2}},"product_brand":[],"product_cat":[62],"product_tag":[],"class_list":{"0":"post-598","1":"product","2":"type-product","3":"status-publish","4":"has-post-thumbnail","6":"product_cat-guitares-acoustiques","8":"first","9":"instock","10":"taxable","11":"shipping-taxable","12":"purchasable","13":"product-type-simple"},"jetpack_publicize_connections":[],"jetpack_sharing_enabled":true,"_links":{"self":[{"href":"https:\/\/www.pianoheritage.com\/fr\/wp-json\/wp\/v2\/product\/598","targetHints":{"allow":["GET"]}}],"collection":[{"href":"https:\/\/www.pianoheritage.com\/fr\/wp-json\/wp\/v2\/product"}],"about":[{"href":"https:\/\/www.pianoheritage.com\/fr\/wp-json\/wp\/v2\/types\/product"}],"replies":[{"embeddable":true,"href":"https:\/\/www.pianoheritage.com\/fr\/wp-json\/wp\/v2\/comments?post=598"}],"wp:featuredmedia":[{"embeddable":true,"href":"https:\/\/www.pianoheritage.com\/fr\/wp-json\/wp\/v2\/media\/529"}],"wp:attachment":[{"href":"https:\/\/www.pianoheritage.com\/fr\/wp-json\/wp\/v2\/media?parent=598"}],"wp:term":[{"taxonomy":"product_brand","embeddable":true,"href":"https:\/\/www.pianoheritage.com\/fr\/wp-json\/wp\/v2\/product_brand?post=598"},{"taxonomy":"product_cat","embeddable":true,"href":"https:\/\/www.pianoheritage.com\/fr\/wp-json\/wp\/v2\/product_cat?post=598"},{"taxonomy":"product_tag","embeddable":true,"href":"https:\/\/www.pianoheritage.com\/fr\/wp-json\/wp\/v2\/product_tag?post=598"}],"curies":[{"name":"wp","href":"https:\/\/api.w.org\/{rel}","templated":true}]}}