{"id":4737,"date":"2021-08-23T17:37:03","date_gmt":"2021-08-23T21:37:03","guid":{"rendered":"https:\/\/www.pianoheritage.com\/?post_type=product&#038;p=4737"},"modified":"2021-09-05T16:51:02","modified_gmt":"2021-09-05T20:51:02","slug":"systeme-de-guitare-sans-fil-line-6-relay-g10","status":"publish","type":"product","link":"https:\/\/www.pianoheritage.com\/fr\/shop\/guitares\/systemes-sans-fil-pour-guitare\/systeme-de-guitare-sans-fil-line-6-relay-g10\/","title":{"rendered":"Syst\u00e8me de guitare sans fil Line 6 Relay G10"},"content":{"rendered":"<p><strong>Un syst\u00e8me sans fil pour guitare plug-and-play<\/strong><br \/>\nNous avons con\u00e7u le syst\u00e8me sans fil pour instrument Relay G10 pour qu&rsquo;il soit aussi facile \u00e0 utiliser qu&rsquo;un c\u00e2ble de guitare conventionnel. Branchez simplement l&rsquo;\u00e9metteur G10TII sur votre guitare, basse ou autre instrument et il se synchronise automatiquement avec le r\u00e9cepteur via le canal sans fil optimal. Utilisez le Relay G10 \u00e0 la maison, pour les r\u00e9p\u00e9titions, en studio et il est compatible avec tous les types de guitares et de basses. Il existe \u00e9galement une sortie XLR sym\u00e9trique en plus de la sortie standard 1\/4 \u00ab\u00a0, pour une flexibilit\u00e9 accrue lors de la connexion de votre G10 aux interfaces d&rsquo;enregistrement, aux m\u00e9langeurs et \u00e0 d&rsquo;autres appareils.<\/p>\n","protected":false},"excerpt":{"rendered":"<p>La p\u00e9dale Relay G10S et les syst\u00e8mes sans fil pour la maison G10 vous permettent de vous d\u00e9placer librement, sans \u00eatre connect\u00e9 \u00e0 votre amplificateur. Ils sont tous deux fournis avec l&rsquo;\u00e9metteur G10TII, qui est \u00e9galement compatible avec la majorit\u00e9 des amplificateurs Spider V.<\/p>\n","protected":false},"featured_media":4739,"comment_status":"open","ping_status":"closed","template":"","meta":{"jetpack_publicize_message":"","jetpack_publicize_feature_enabled":true,"jetpack_social_post_already_shared":true,"jetpack_social_options":{"image_generator_settings":{"template":"highway","default_image_id":0,"font":"","enabled":false},"version":2}},"product_brand":[],"product_cat":[279],"product_tag":[715],"class_list":{"0":"post-4737","1":"product","2":"type-product","3":"status-publish","4":"has-post-thumbnail","6":"product_cat-systemes-sans-fil-pour-guitare","7":"product_tag-line-6-fr","9":"first","10":"onbackorder","11":"taxable","12":"shipping-taxable","13":"purchasable","14":"product-type-simple"},"jetpack_publicize_connections":[],"jetpack_sharing_enabled":true,"_links":{"self":[{"href":"https:\/\/www.pianoheritage.com\/fr\/wp-json\/wp\/v2\/product\/4737","targetHints":{"allow":["GET"]}}],"collection":[{"href":"https:\/\/www.pianoheritage.com\/fr\/wp-json\/wp\/v2\/product"}],"about":[{"href":"https:\/\/www.pianoheritage.com\/fr\/wp-json\/wp\/v2\/types\/product"}],"replies":[{"embeddable":true,"href":"https:\/\/www.pianoheritage.com\/fr\/wp-json\/wp\/v2\/comments?post=4737"}],"wp:featuredmedia":[{"embeddable":true,"href":"https:\/\/www.pianoheritage.com\/fr\/wp-json\/wp\/v2\/media\/4739"}],"wp:attachment":[{"href":"https:\/\/www.pianoheritage.com\/fr\/wp-json\/wp\/v2\/media?parent=4737"}],"wp:term":[{"taxonomy":"product_brand","embeddable":true,"href":"https:\/\/www.pianoheritage.com\/fr\/wp-json\/wp\/v2\/product_brand?post=4737"},{"taxonomy":"product_cat","embeddable":true,"href":"https:\/\/www.pianoheritage.com\/fr\/wp-json\/wp\/v2\/product_cat?post=4737"},{"taxonomy":"product_tag","embeddable":true,"href":"https:\/\/www.pianoheritage.com\/fr\/wp-json\/wp\/v2\/product_tag?post=4737"}],"curies":[{"name":"wp","href":"https:\/\/api.w.org\/{rel}","templated":true}]}}