{"id":4684,"date":"2021-08-15T11:21:04","date_gmt":"2021-08-15T15:21:05","guid":{"rendered":"https:\/\/www.pianoheritage.com\/?post_type=product&#038;p=4684"},"modified":"2023-01-05T20:44:33","modified_gmt":"2023-01-06T01:44:33","slug":"systeme-de-sonorisation-portable-tout-en-un-yamaha-stagepas1k","status":"publish","type":"product","link":"https:\/\/www.pianoheritage.com\/fr\/shop\/denceintes-et-son\/systemes-de-son-pa\/systeme-de-sonorisation-portable-tout-en-un-yamaha-stagepas1k\/","title":{"rendered":"Syst\u00e8me de sonorisation portable tout-en-un Yamaha STAGEPAS1K MKii"},"content":{"rendered":"<p>Syst\u00e8me portable de sonorisation de 1 kW avec console de mixage num\u00e9rique \u00e0 5 canaux, caisson de grave de 12&Prime;, 10 haut-parleurs coupl\u00e9s en ligne de 1,5&Prime;, entr\u00e9e Bluetooth, r\u00e9verb\u00e9ration SPX, \u00e9galiseur 1-knob et compresseur multibande sur la sortie principale.<\/p>\n<ul>\n<li>1000W (HF:190W+LF:810W) power output<\/li>\n<li>Biggest in the class 12\u201d subwoofer for low frequency<\/li>\n<li>1.5\u201d x10 slim line array speaker for high frequency<\/li>\n<li>Digital mixer (3 mono mic\/line + 1 stereo line)<\/li>\n<li>Multi band comp \u201cmode\u201d for master output<\/li>\n<li>1-knob EQ for per channel<\/li>\n<li>High resolution SPX digital reverbs (4types, parameter control)<\/li>\n<li>2x Hi-Z (high impedance) inputs<\/li>\n<li>Link out and monitor out<\/li>\n<li>Dedicated cover included<\/li>\n<li>Optional reverb foot switch<\/li>\n<li>Optional dolly for more portability<\/li>\n<\/ul>\n<p><span class=\"embed-youtube\" style=\"text-align:center; display: block;\"><iframe loading=\"lazy\" class=\"youtube-player\" width=\"1020\" height=\"574\" src=\"https:\/\/www.youtube.com\/embed\/71OF3RsM6Zs?version=3&#038;rel=1&#038;showsearch=0&#038;showinfo=1&#038;iv_load_policy=1&#038;fs=1&#038;hl=fr-FR&#038;autohide=2&#038;wmode=transparent\" allowfullscreen=\"true\" style=\"border:0;\" sandbox=\"allow-scripts allow-same-origin allow-popups allow-presentation allow-popups-to-escape-sandbox\"><\/iframe><\/span><\/p>\n<p>&nbsp;<\/p>\n","protected":false},"excerpt":{"rendered":"<p>Syst\u00e8me portable de sonorisation de 1 kW avec console de mixage num\u00e9rique \u00e0 5 canaux, caisson de grave de 12&Prime;, 10 haut-parleurs coupl\u00e9s en ligne de 1,5&Prime;, entr\u00e9e Bluetooth, r\u00e9verb\u00e9ration SPX, \u00e9galiseur 1-knob et compresseur multibande sur la sortie principale.<\/p>\n","protected":false},"featured_media":4688,"comment_status":"open","ping_status":"closed","template":"","meta":{"jetpack_publicize_message":"","jetpack_publicize_feature_enabled":true,"jetpack_social_post_already_shared":true,"jetpack_social_options":{"image_generator_settings":{"template":"highway","default_image_id":0,"font":"","enabled":false},"version":2}},"product_brand":[],"product_cat":[275],"product_tag":[645],"class_list":{"0":"post-4684","1":"product","2":"type-product","3":"status-publish","4":"has-post-thumbnail","6":"product_cat-systemes-de-son-pa","7":"product_tag-stagepas-fr","9":"first","10":"instock","11":"featured","12":"taxable","13":"shipping-taxable","14":"purchasable","15":"product-type-simple"},"jetpack_publicize_connections":[],"jetpack_sharing_enabled":true,"_links":{"self":[{"href":"https:\/\/www.pianoheritage.com\/fr\/wp-json\/wp\/v2\/product\/4684","targetHints":{"allow":["GET"]}}],"collection":[{"href":"https:\/\/www.pianoheritage.com\/fr\/wp-json\/wp\/v2\/product"}],"about":[{"href":"https:\/\/www.pianoheritage.com\/fr\/wp-json\/wp\/v2\/types\/product"}],"replies":[{"embeddable":true,"href":"https:\/\/www.pianoheritage.com\/fr\/wp-json\/wp\/v2\/comments?post=4684"}],"wp:featuredmedia":[{"embeddable":true,"href":"https:\/\/www.pianoheritage.com\/fr\/wp-json\/wp\/v2\/media\/4688"}],"wp:attachment":[{"href":"https:\/\/www.pianoheritage.com\/fr\/wp-json\/wp\/v2\/media?parent=4684"}],"wp:term":[{"taxonomy":"product_brand","embeddable":true,"href":"https:\/\/www.pianoheritage.com\/fr\/wp-json\/wp\/v2\/product_brand?post=4684"},{"taxonomy":"product_cat","embeddable":true,"href":"https:\/\/www.pianoheritage.com\/fr\/wp-json\/wp\/v2\/product_cat?post=4684"},{"taxonomy":"product_tag","embeddable":true,"href":"https:\/\/www.pianoheritage.com\/fr\/wp-json\/wp\/v2\/product_tag?post=4684"}],"curies":[{"name":"wp","href":"https:\/\/api.w.org\/{rel}","templated":true}]}}