{"id":4678,"date":"2021-08-15T10:50:40","date_gmt":"2021-08-15T14:50:40","guid":{"rendered":"https:\/\/www.pianoheritage.com\/?post_type=product&#038;p=4678"},"modified":"2021-09-05T16:54:33","modified_gmt":"2021-09-05T20:54:33","slug":"systeme-de-sonorisation-yamaha-stagepas-600bt","status":"publish","type":"product","link":"https:\/\/www.pianoheritage.com\/fr\/shop\/denceintes-et-son\/systemes-de-son-pa\/systeme-de-sonorisation-yamaha-stagepas-600bt\/","title":{"rendered":"Syst\u00e8me de sonorisation Yamaha Stagepas 600BT"},"content":{"rendered":"<p>Syst\u00e8me de sonorisation portable de 680 watts avec table de mixage amplifi\u00e9e \u00e0 10 canaux, deux haut-parleurs de 10&Prime;, une entr\u00e9e Bluetooth\u00ae, des r\u00e9verb\u00e9rations num\u00e9riques SPX, un suppresseur de Larsen int\u00e9gr\u00e9 et un \u00e9galiseur polyvalent.<\/p>\n<p>Puissance de sortie 680W (340W + 340W)<br \/>\nHaut-parleurs de haute qualit\u00e9 (LF : woofer 10&Prime; \/ HF : pilote de compression \u00e0 bobine mobile de 1,4&Prime;)<br \/>\nM\u00e9langeur 10 canaux d\u00e9tachable (4 mono\/ligne + 6 mono \/ 3 st\u00e9r\u00e9o ligne)<br \/>\nDiffusion audio Bluetooth\u00ae<br \/>\n1-Knob Master EQ\u2122 avec amplification virtuelle des basses<br \/>\nR\u00e9verb\u00e9rations num\u00e9riques SPX haute r\u00e9solution (4 types, contr\u00f4le des param\u00e8tres)<br \/>\nSuppresseur de Larsen int\u00e9gr\u00e9<br \/>\n\u00c9galiseur de canaux 3 bandes au son exceptionnel<br \/>\nEntr\u00e9es st\u00e9r\u00e9o\/mono commutables<br \/>\nEntr\u00e9es Hi-Z (haute imp\u00e9dance)<br \/>\nAlimentation fant\u00f4me<br \/>\nSorties moniteur et subwoofer<br \/>\nP\u00e9dale de r\u00e9verb\u00e9ration en option<\/p>\n","protected":false},"excerpt":{"rendered":"<p>Syst\u00e8me de sonorisation portable de 680 watts avec table de mixage amplifi\u00e9e \u00e0 10 canaux, deux haut-parleurs de 10&Prime;, une entr\u00e9e Bluetooth\u00ae, des r\u00e9verb\u00e9rations num\u00e9riques SPX, un suppresseur de Larsen int\u00e9gr\u00e9 et un \u00e9galiseur polyvalent.<\/p>\n","protected":false},"featured_media":4682,"comment_status":"open","ping_status":"closed","template":"","meta":{"jetpack_publicize_message":"","jetpack_publicize_feature_enabled":true,"jetpack_social_post_already_shared":true,"jetpack_social_options":{"image_generator_settings":{"template":"highway","default_image_id":0,"font":"","enabled":false},"version":2}},"product_brand":[],"product_cat":[275],"product_tag":[645],"class_list":{"0":"post-4678","1":"product","2":"type-product","3":"status-publish","4":"has-post-thumbnail","6":"product_cat-systemes-de-son-pa","7":"product_tag-stagepas-fr","9":"first","10":"onbackorder","11":"taxable","12":"shipping-taxable","13":"purchasable","14":"product-type-simple"},"jetpack_publicize_connections":[],"jetpack_sharing_enabled":true,"_links":{"self":[{"href":"https:\/\/www.pianoheritage.com\/fr\/wp-json\/wp\/v2\/product\/4678","targetHints":{"allow":["GET"]}}],"collection":[{"href":"https:\/\/www.pianoheritage.com\/fr\/wp-json\/wp\/v2\/product"}],"about":[{"href":"https:\/\/www.pianoheritage.com\/fr\/wp-json\/wp\/v2\/types\/product"}],"replies":[{"embeddable":true,"href":"https:\/\/www.pianoheritage.com\/fr\/wp-json\/wp\/v2\/comments?post=4678"}],"wp:featuredmedia":[{"embeddable":true,"href":"https:\/\/www.pianoheritage.com\/fr\/wp-json\/wp\/v2\/media\/4682"}],"wp:attachment":[{"href":"https:\/\/www.pianoheritage.com\/fr\/wp-json\/wp\/v2\/media?parent=4678"}],"wp:term":[{"taxonomy":"product_brand","embeddable":true,"href":"https:\/\/www.pianoheritage.com\/fr\/wp-json\/wp\/v2\/product_brand?post=4678"},{"taxonomy":"product_cat","embeddable":true,"href":"https:\/\/www.pianoheritage.com\/fr\/wp-json\/wp\/v2\/product_cat?post=4678"},{"taxonomy":"product_tag","embeddable":true,"href":"https:\/\/www.pianoheritage.com\/fr\/wp-json\/wp\/v2\/product_tag?post=4678"}],"curies":[{"name":"wp","href":"https:\/\/api.w.org\/{rel}","templated":true}]}}