{"id":4605,"date":"2021-08-15T08:40:10","date_gmt":"2021-08-15T12:40:13","guid":{"rendered":"https:\/\/www.pianoheritage.com\/?post_type=product&#038;p=4605"},"modified":"2021-09-05T16:51:44","modified_gmt":"2021-09-05T20:51:44","slug":"yamaha-hs5-mp-powered-studio-monitors-50th-anniversary-special-edition-paire-assortie-noir","status":"publish","type":"product","link":"https:\/\/www.pianoheritage.com\/fr\/shop\/denceintes-et-son\/enceintes\/yamaha-hs5-mp-powered-studio-monitors-50th-anniversary-special-edition-paire-assortie-noir\/","title":{"rendered":"Yamaha HS5 MP Powered Studio Monitors 50th Anniversary Special Edition Paire assortie, Noir"},"content":{"rendered":"<p>Enceinte de studio 2 voies bass-reflex bi-amplifi\u00e9e avec boomer 5&Prime; et tweeter 1&Prime;<\/p>\n<p>Moniteur de studio de proximit\u00e9 bi-amplifi\u00e9 bass-reflex 2 voies avec woofer \u00e0 c\u00f4ne 5&Prime; et tweeter \u00e0 d\u00f4me 1&Prime;<br \/>\nR\u00e9ponse en fr\u00e9quence 54 Hz &#8211; 30 kHz (-10 dB), 74 Hz &#8211; 24 kHz (-3 dB)<br \/>\nSyst\u00e8me bi-ampli 45W LF plus 25W HF pour une amplification de puissance 70W haute performance<br \/>\nCommandes de r\u00e9ponse ROOM CONTROL et HIGH TRIM<br \/>\nLes entr\u00e9es jack t\u00e9l\u00e9phoniques XLR et TRS acceptent les signaux sym\u00e9triques ou asym\u00e9triques<\/p>\n","protected":false},"excerpt":{"rendered":"<p>Enceinte de studio 2 voies bass-reflex bi-amplifi\u00e9e avec boomer 5&Prime; et tweeter 1&Prime;<\/p>\n","protected":false},"featured_media":4611,"comment_status":"open","ping_status":"closed","template":"","meta":{"jetpack_publicize_message":"","jetpack_publicize_feature_enabled":true,"jetpack_social_post_already_shared":true,"jetpack_social_options":{"image_generator_settings":{"template":"highway","default_image_id":0,"font":"","enabled":false},"version":2}},"product_brand":[],"product_cat":[273],"product_tag":[],"class_list":{"0":"post-4605","1":"product","2":"type-product","3":"status-publish","4":"has-post-thumbnail","6":"product_cat-enceintes","8":"first","9":"instock","10":"featured","11":"taxable","12":"shipping-taxable","13":"purchasable","14":"product-type-simple"},"jetpack_publicize_connections":[],"jetpack_sharing_enabled":true,"_links":{"self":[{"href":"https:\/\/www.pianoheritage.com\/fr\/wp-json\/wp\/v2\/product\/4605","targetHints":{"allow":["GET"]}}],"collection":[{"href":"https:\/\/www.pianoheritage.com\/fr\/wp-json\/wp\/v2\/product"}],"about":[{"href":"https:\/\/www.pianoheritage.com\/fr\/wp-json\/wp\/v2\/types\/product"}],"replies":[{"embeddable":true,"href":"https:\/\/www.pianoheritage.com\/fr\/wp-json\/wp\/v2\/comments?post=4605"}],"wp:featuredmedia":[{"embeddable":true,"href":"https:\/\/www.pianoheritage.com\/fr\/wp-json\/wp\/v2\/media\/4611"}],"wp:attachment":[{"href":"https:\/\/www.pianoheritage.com\/fr\/wp-json\/wp\/v2\/media?parent=4605"}],"wp:term":[{"taxonomy":"product_brand","embeddable":true,"href":"https:\/\/www.pianoheritage.com\/fr\/wp-json\/wp\/v2\/product_brand?post=4605"},{"taxonomy":"product_cat","embeddable":true,"href":"https:\/\/www.pianoheritage.com\/fr\/wp-json\/wp\/v2\/product_cat?post=4605"},{"taxonomy":"product_tag","embeddable":true,"href":"https:\/\/www.pianoheritage.com\/fr\/wp-json\/wp\/v2\/product_tag?post=4605"}],"curies":[{"name":"wp","href":"https:\/\/api.w.org\/{rel}","templated":true}]}}