{"id":4537,"date":"2021-08-14T11:27:08","date_gmt":"2021-08-14T15:27:09","guid":{"rendered":"https:\/\/www.pianoheritage.com\/?post_type=product&#038;p=4537"},"modified":"2021-09-05T16:51:58","modified_gmt":"2021-09-05T20:51:58","slug":"processeur-pour-guitare-line-6-fbv-hx-stomp","status":"publish","type":"product","link":"https:\/\/www.pianoheritage.com\/fr\/shop\/denceintes-et-son\/processeurs-de-guitare\/processeur-pour-guitare-line-6-fbv-hx-stomp\/","title":{"rendered":"Processeur pour guitare Line 6 FBV HX Stomp"},"content":{"rendered":"<p>L&rsquo;ampli et le processeur d&rsquo;effets HX Stomp\u2122 peuvent \u00eatre utilis\u00e9s comme une \u00ab super stompbox \u00bb, une plate-forme de secours ou de voyage, un extenseur de tonalit\u00e9 compl\u00e9mentaire avec d&rsquo;autres mod\u00e9lisateurs, une interface audio ou une plate-forme compl\u00e8te pour guitare ou basse. Bien que de taille compacte, il offre la m\u00eame qualit\u00e9 sonore de qualit\u00e9 professionnelle et https:\/\/youtu.be\/cqJcuvqT1wId une mod\u00e9lisation HX\u00ae authentique que l&rsquo;on retrouve dans nos processeurs Helix\u00ae leaders du march\u00e9.<\/p>\n<p><span class=\"embed-youtube\" style=\"text-align:center; display: block;\"><iframe loading=\"lazy\" class=\"youtube-player\" width=\"1020\" height=\"574\" src=\"https:\/\/www.youtube.com\/embed\/cqJcuvqT1wI?version=3&#038;rel=1&#038;showsearch=0&#038;showinfo=1&#038;iv_load_policy=1&#038;fs=1&#038;hl=fr-FR&#038;autohide=2&#038;wmode=transparent\" allowfullscreen=\"true\" style=\"border:0;\" sandbox=\"allow-scripts allow-same-origin allow-popups allow-presentation allow-popups-to-escape-sandbox\"><\/iframe><\/span><\/p>\n<p>&nbsp;<\/p>\n","protected":false},"excerpt":{"rendered":"<p>L&rsquo;ampli et le processeur d&rsquo;effets HX Stomp\u2122 peuvent \u00eatre utilis\u00e9s comme une \u00ab super stompbox \u00bb, une plate-forme de secours ou de voyage, un extenseur de tonalit\u00e9 compl\u00e9mentaire avec d&rsquo;autres mod\u00e9lisateurs, une interface audio ou une plate-forme compl\u00e8te pour guitare ou basse. Bien que de taille compacte, il offre la m\u00eame qualit\u00e9 sonore de qualit\u00e9 professionnelle et https:\/\/youtu.be\/cqJcuvqT1wId une mod\u00e9lisation HX\u00ae authentique que l&rsquo;on retrouve dans nos processeurs Helix\u00ae leaders du march\u00e9.<\/p>\n","protected":false},"featured_media":4539,"comment_status":"open","ping_status":"closed","template":"","meta":{"jetpack_publicize_message":"","jetpack_publicize_feature_enabled":true,"jetpack_social_post_already_shared":true,"jetpack_social_options":{"image_generator_settings":{"template":"highway","default_image_id":0,"font":"","enabled":false},"version":2}},"product_brand":[],"product_cat":[269],"product_tag":[716,715],"class_list":{"0":"post-4537","1":"product","2":"type-product","3":"status-publish","4":"has-post-thumbnail","6":"product_cat-processeurs-de-guitare","7":"product_tag-hx-stomp-fr","8":"product_tag-line-6-fr","10":"first","11":"onbackorder","12":"taxable","13":"shipping-taxable","14":"purchasable","15":"product-type-simple"},"jetpack_publicize_connections":[],"jetpack_sharing_enabled":true,"_links":{"self":[{"href":"https:\/\/www.pianoheritage.com\/fr\/wp-json\/wp\/v2\/product\/4537","targetHints":{"allow":["GET"]}}],"collection":[{"href":"https:\/\/www.pianoheritage.com\/fr\/wp-json\/wp\/v2\/product"}],"about":[{"href":"https:\/\/www.pianoheritage.com\/fr\/wp-json\/wp\/v2\/types\/product"}],"replies":[{"embeddable":true,"href":"https:\/\/www.pianoheritage.com\/fr\/wp-json\/wp\/v2\/comments?post=4537"}],"wp:featuredmedia":[{"embeddable":true,"href":"https:\/\/www.pianoheritage.com\/fr\/wp-json\/wp\/v2\/media\/4539"}],"wp:attachment":[{"href":"https:\/\/www.pianoheritage.com\/fr\/wp-json\/wp\/v2\/media?parent=4537"}],"wp:term":[{"taxonomy":"product_brand","embeddable":true,"href":"https:\/\/www.pianoheritage.com\/fr\/wp-json\/wp\/v2\/product_brand?post=4537"},{"taxonomy":"product_cat","embeddable":true,"href":"https:\/\/www.pianoheritage.com\/fr\/wp-json\/wp\/v2\/product_cat?post=4537"},{"taxonomy":"product_tag","embeddable":true,"href":"https:\/\/www.pianoheritage.com\/fr\/wp-json\/wp\/v2\/product_tag?post=4537"}],"curies":[{"name":"wp","href":"https:\/\/api.w.org\/{rel}","templated":true}]}}