{"id":4529,"date":"2021-08-14T11:01:42","date_gmt":"2021-08-14T15:01:43","guid":{"rendered":"https:\/\/www.pianoheritage.com\/?post_type=product&#038;p=4529"},"modified":"2021-09-05T16:50:13","modified_gmt":"2021-09-05T20:50:13","slug":"pedale-line-6-fbv-express","status":"publish","type":"product","link":"https:\/\/www.pianoheritage.com\/fr\/shop\/denceintes-et-son\/controleurs-au-pied\/pedale-line-6-fbv-express\/","title":{"rendered":"P\u00e9dale Line 6 FBV Express"},"content":{"rendered":"<p>Assez robuste pour les sc\u00e8nes d&rsquo;ar\u00e8ne mais assez petit pour tenir dans votre sac \u00e0 dos, le FBV Express\u2122 MkII offre une collection cruciale de fonctionnalit\u00e9s mains libres qui vous garderont au pied de la sc\u00e8ne au lieu d&rsquo;\u00eatre attach\u00e9 \u00e0 l&rsquo;avant de votre ampli ou POD Line 6 \u00ae.<\/p>\n<p>Le FBV Express MkII offre une connectivit\u00e9 plug-n-play pr\u00eate \u00e0 l&#8217;emploi. Appuyez sur les quatre p\u00e9dales en acier pour stocker et s\u00e9lectionner rapidement les pr\u00e9r\u00e9glages de canaux, synchroniser vos effets temporels avec Tap Tempo, activer l&rsquo;accordeur chromatique, et plus encore.<\/p>\n<p>Lorsqu&rsquo;ils sont associ\u00e9s \u00e0 la plupart des amplificateurs de guitare Line 6, les commutateurs au pied vous offrent \u00e9galement un contr\u00f4le total de Quick Loop, le boucleur son sur son int\u00e9gr\u00e9 de 14 secondes de l&rsquo;ampli. La p\u00e9dale de volume\/wah robuste et pleine grandeur est solide sous votre pied et offre une bonne adh\u00e9rence. En cliquant sur l&rsquo;interrupteur au pied, vous basculez entre le contr\u00f4le du volume et le contr\u00f4le de la wah (avec une LED allum\u00e9e pour correspondre). L&rsquo;\u00e9cran LCD lumineux et facile \u00e0 lire affiche le tap tempo, le canal actif et l&rsquo;accordeur chromatique (lorsqu&rsquo;il est activ\u00e9).<\/p>\n<div class=\"col-xs-22 col-xs-offset-1 col-sm-6 col-sm-offset-1 col-md-6 col-md-offset-1\">\n<div class=\"col-xs-22 col-xs-offset-1 col-sm-6 col-sm-offset-2 col-md-6 col-md-offset-2\">\n<h3>FBV Express MKII<\/h3>\n<hr \/>\n<ul>\n<li>Hands-free channel switching and more for most Line 6 amps and POD processors<\/li>\n<li>4 channel switches: A, B, C and D<\/li>\n<li>Full-sized volume\/wah pedal features plenty of grip<\/li>\n<li>Chromatic tuner display<\/li>\n<li>Bright LEDs show active channel, tap tempo and volume\/wah<\/li>\n<li>FBV Control software allows for easy and unlimited mapping of FBV controls via USB (Mac\u00ae\/PC)<\/li>\n<li>Durable footswitches and chassis<\/li>\n<li>Self-powered via included locking RJ-45 cable<\/li>\n<li>USB jack and RJ-45 jack<\/li>\n<\/ul>\n<\/div>\n<div class=\"col-xs-22 col-xs-offset-1 col-sm-6 col-sm-offset-1 col-md-6 col-md-offset-1\">\n<h3>Compatible Products<\/h3>\n<hr \/>\n<ul>\n<li>Spider V<\/li>\n<li>AMPLIFi<\/li>\n<li>Spider Valve\u2122 MKII<\/li>\n<li>Spider\u00ae IV<\/li>\n<li>POD HD Pro X<\/li>\n<li>POD\u00ae HD Desktop<\/li>\n<li>POD HD Pro<\/li>\n<li>Spider III (including Spider Jam, Spider III 15 is not compatible with the foot controllers)<\/li>\n<li>Spider Valve\u2122<\/li>\n<li>Vetta\u2122<\/li>\n<li>Vetta\u2122 II<\/li>\n<li>HD147\u00ae<\/li>\n<li>Flextone\u2122 III<\/li>\n<li>Bass POD\u00ae XT<\/li>\n<li>Bass POD\u00ae XT Pro<\/li>\n<li>POD\u00ae 2.0 (FBV version)<\/li>\n<li>POD\u00ae XT<\/li>\n<li>POD\u00ae XT Pro<\/li>\n<li>POD\u00ae X3<\/li>\n<li>POD\u00ae X3 Pro<\/li>\n<li>LowDown\u00ae (LowDown 110 is not compatible with foot controllers)<\/li>\n<\/ul>\n<\/div>\n<\/div>\n","protected":false},"excerpt":{"rendered":"<p>Assez robuste pour les sc\u00e8nes d&rsquo;ar\u00e8ne mais assez petit pour tenir dans votre sac \u00e0 dos, le FBV Express\u2122 MkII offre une collection cruciale de fonctionnalit\u00e9s mains libres qui vous garderont au pied de la sc\u00e8ne au lieu d&rsquo;\u00eatre attach\u00e9 \u00e0 l&rsquo;avant de votre ampli ou POD Line 6 \u00ae.<\/p>\n","protected":false},"featured_media":4531,"comment_status":"open","ping_status":"closed","template":"","meta":{"jetpack_publicize_message":"","jetpack_publicize_feature_enabled":true,"jetpack_social_post_already_shared":true,"jetpack_social_options":{"image_generator_settings":{"template":"highway","default_image_id":0,"font":"","enabled":false},"version":2}},"product_brand":[],"product_cat":[267],"product_tag":[715],"class_list":{"0":"post-4529","1":"product","2":"type-product","3":"status-publish","4":"has-post-thumbnail","6":"product_cat-controleurs-au-pied","7":"product_tag-line-6-fr","9":"first","10":"instock","11":"taxable","12":"shipping-taxable","13":"purchasable","14":"product-type-simple"},"jetpack_publicize_connections":[],"jetpack_sharing_enabled":true,"_links":{"self":[{"href":"https:\/\/www.pianoheritage.com\/fr\/wp-json\/wp\/v2\/product\/4529","targetHints":{"allow":["GET"]}}],"collection":[{"href":"https:\/\/www.pianoheritage.com\/fr\/wp-json\/wp\/v2\/product"}],"about":[{"href":"https:\/\/www.pianoheritage.com\/fr\/wp-json\/wp\/v2\/types\/product"}],"replies":[{"embeddable":true,"href":"https:\/\/www.pianoheritage.com\/fr\/wp-json\/wp\/v2\/comments?post=4529"}],"wp:featuredmedia":[{"embeddable":true,"href":"https:\/\/www.pianoheritage.com\/fr\/wp-json\/wp\/v2\/media\/4531"}],"wp:attachment":[{"href":"https:\/\/www.pianoheritage.com\/fr\/wp-json\/wp\/v2\/media?parent=4529"}],"wp:term":[{"taxonomy":"product_brand","embeddable":true,"href":"https:\/\/www.pianoheritage.com\/fr\/wp-json\/wp\/v2\/product_brand?post=4529"},{"taxonomy":"product_cat","embeddable":true,"href":"https:\/\/www.pianoheritage.com\/fr\/wp-json\/wp\/v2\/product_cat?post=4529"},{"taxonomy":"product_tag","embeddable":true,"href":"https:\/\/www.pianoheritage.com\/fr\/wp-json\/wp\/v2\/product_tag?post=4529"}],"curies":[{"name":"wp","href":"https:\/\/api.w.org\/{rel}","templated":true}]}}