{"id":4491,"date":"2021-08-14T09:55:25","date_gmt":"2021-08-14T13:55:26","guid":{"rendered":"https:\/\/www.pianoheritage.com\/?post_type=product&#038;p=4491"},"modified":"2021-09-05T16:52:09","modified_gmt":"2021-09-05T20:52:09","slug":"unite-de-coup-de-pied-silencieux-yamaha-ku100","status":"publish","type":"product","link":"https:\/\/www.pianoheritage.com\/fr\/shop\/accessoires\/pedales\/unite-de-coup-de-pied-silencieux-yamaha-ku100\/","title":{"rendered":"Unit\u00e9 de coup de pied silencieux Yamaha KU100"},"content":{"rendered":"<p>Le KU100 est une unit\u00e9 de coup de pied silencieux qui peut sentir votre dynamique de jeu. Cette unit\u00e9 est con\u00e7ue pour r\u00e9duire le son physique de la grosse caisse et surtout la vibration des espaces en bas lorsque vous jouez au-dessus des autres.<\/p>\n<p>Le contr\u00f4leur KU100 \u00e9quipe la nouvelle batterie \u00e9lectronique DTX400.<\/p>\n<p>\u2666 \u00c9quip\u00e9 de s\u00e9rie sur les tambours DTX suivants: DTX400K<\/p>\n","protected":false},"excerpt":{"rendered":"<p>Le KU100 est une unit\u00e9 de coup de pied silencieux qui peut sentir votre dynamique de jeu. Cette unit\u00e9 est con\u00e7ue pour r\u00e9duire le son physique de la grosse caisse et surtout la vibration des espaces en bas lorsque vous jouez au-dessus des autres.<\/p>\n","protected":false},"featured_media":4493,"comment_status":"open","ping_status":"closed","template":"","meta":{"jetpack_publicize_message":"","jetpack_publicize_feature_enabled":true,"jetpack_social_post_already_shared":true,"jetpack_social_options":{"image_generator_settings":{"template":"highway","default_image_id":0,"font":"","enabled":false},"version":2}},"product_brand":[],"product_cat":[70],"product_tag":[77],"class_list":{"0":"post-4491","1":"product","2":"type-product","3":"status-publish","4":"has-post-thumbnail","6":"product_cat-pedales","7":"product_tag-pedals-fr","9":"first","10":"instock","11":"taxable","12":"shipping-taxable","13":"purchasable","14":"product-type-simple"},"jetpack_publicize_connections":[],"jetpack_sharing_enabled":true,"_links":{"self":[{"href":"https:\/\/www.pianoheritage.com\/fr\/wp-json\/wp\/v2\/product\/4491","targetHints":{"allow":["GET"]}}],"collection":[{"href":"https:\/\/www.pianoheritage.com\/fr\/wp-json\/wp\/v2\/product"}],"about":[{"href":"https:\/\/www.pianoheritage.com\/fr\/wp-json\/wp\/v2\/types\/product"}],"replies":[{"embeddable":true,"href":"https:\/\/www.pianoheritage.com\/fr\/wp-json\/wp\/v2\/comments?post=4491"}],"wp:featuredmedia":[{"embeddable":true,"href":"https:\/\/www.pianoheritage.com\/fr\/wp-json\/wp\/v2\/media\/4493"}],"wp:attachment":[{"href":"https:\/\/www.pianoheritage.com\/fr\/wp-json\/wp\/v2\/media?parent=4491"}],"wp:term":[{"taxonomy":"product_brand","embeddable":true,"href":"https:\/\/www.pianoheritage.com\/fr\/wp-json\/wp\/v2\/product_brand?post=4491"},{"taxonomy":"product_cat","embeddable":true,"href":"https:\/\/www.pianoheritage.com\/fr\/wp-json\/wp\/v2\/product_cat?post=4491"},{"taxonomy":"product_tag","embeddable":true,"href":"https:\/\/www.pianoheritage.com\/fr\/wp-json\/wp\/v2\/product_tag?post=4491"}],"curies":[{"name":"wp","href":"https:\/\/api.w.org\/{rel}","templated":true}]}}