{"id":4308,"date":"2021-08-11T12:33:52","date_gmt":"2021-08-11T16:33:52","guid":{"rendered":"https:\/\/www.pianoheritage.com\/?post_type=product&#038;p=4308"},"modified":"2021-10-25T16:15:23","modified_gmt":"2021-10-25T20:15:23","slug":"yamaha-transacoustic-guitar-fgcta","status":"publish","type":"product","link":"https:\/\/www.pianoheritage.com\/fr\/shop\/guitares\/guitares-acoustiques\/yamaha-transacoustic-guitar-fgcta\/","title":{"rendered":"Yamaha TransAcoustic Guitar FGCTA"},"content":{"rendered":"<p>Imaginez \u00eatre totalement immerg\u00e9 dans le son de votre guitare acoustique, l&rsquo;entendre et le sentir r\u00e9sonner autour de vous pendant que vous jouez. C&rsquo;est l&rsquo;exp\u00e9rience que vous aurez en jouant sur une guitare \u00e0 pan coup\u00e9 Yamaha\u00ae FGC-TA. Les effets de r\u00e9verb\u00e9ration et de chorus int\u00e9gr\u00e9s r\u00e9sonnent \u00e0 l&rsquo;int\u00e9rieur du corps de l&rsquo;instrument lui-m\u00eame, cr\u00e9ant un environnement de jeu riche, r\u00e9sonnant et inspirant, le tout sans avoir besoin d&rsquo;un ampli ou d&rsquo;un \u00e9quipement suppl\u00e9mentaire. Combinant un savoir-faire classique \u00e0 une technologie r\u00e9volutionnaire, la guitare \u00e0 pan coup\u00e9 FGC-TA vous permettra de jouer et de sonner de votre mieux, o\u00f9 que vous soyez, et sa conception \u00e0 pan coup\u00e9 offre un acc\u00e8s facile \u00e0 l&rsquo;ensemble du manche.<\/p>\n<ul>\n<li>Corps traditionnel occidental avec pan coup\u00e9<\/li>\n<li>Effets de r\u00e9verb\u00e9ration et de chorus int\u00e9gr\u00e9s avec des commandes simples<\/li>\n<li>Table en \u00e9pic\u00e9a massif<\/li>\n<li>Dos et \u00e9clisses acajou<\/li>\n<li>Manche Nato avec touche en palissandre<\/li>\n<\/ul>\n","protected":false},"excerpt":{"rendered":"<p>Les guitares \u00e0 pan coup\u00e9 Yamaha\u00ae FGC-TA vous transportent vers de nouveaux espaces cr\u00e9atifs gr\u00e2ce \u00e0 des effets de r\u00e9verb\u00e9ration et de chorus int\u00e9gr\u00e9s immersifs qui r\u00e9sonnent dans le corps de l&rsquo;instrument.<\/p>\n","protected":false},"featured_media":6263,"comment_status":"open","ping_status":"closed","template":"","meta":{"jetpack_publicize_message":"","jetpack_publicize_feature_enabled":true,"jetpack_social_post_already_shared":true,"jetpack_social_options":{"image_generator_settings":{"template":"highway","default_image_id":0,"font":"","enabled":false},"version":2}},"product_brand":[],"product_cat":[62],"product_tag":[],"class_list":{"0":"post-4308","1":"product","2":"type-product","3":"status-publish","4":"has-post-thumbnail","6":"product_cat-guitares-acoustiques","8":"first","9":"instock","10":"taxable","11":"shipping-taxable","12":"purchasable","13":"product-type-variable"},"jetpack_publicize_connections":[],"jetpack_sharing_enabled":true,"_links":{"self":[{"href":"https:\/\/www.pianoheritage.com\/fr\/wp-json\/wp\/v2\/product\/4308","targetHints":{"allow":["GET"]}}],"collection":[{"href":"https:\/\/www.pianoheritage.com\/fr\/wp-json\/wp\/v2\/product"}],"about":[{"href":"https:\/\/www.pianoheritage.com\/fr\/wp-json\/wp\/v2\/types\/product"}],"replies":[{"embeddable":true,"href":"https:\/\/www.pianoheritage.com\/fr\/wp-json\/wp\/v2\/comments?post=4308"}],"wp:featuredmedia":[{"embeddable":true,"href":"https:\/\/www.pianoheritage.com\/fr\/wp-json\/wp\/v2\/media\/6263"}],"wp:attachment":[{"href":"https:\/\/www.pianoheritage.com\/fr\/wp-json\/wp\/v2\/media?parent=4308"}],"wp:term":[{"taxonomy":"product_brand","embeddable":true,"href":"https:\/\/www.pianoheritage.com\/fr\/wp-json\/wp\/v2\/product_brand?post=4308"},{"taxonomy":"product_cat","embeddable":true,"href":"https:\/\/www.pianoheritage.com\/fr\/wp-json\/wp\/v2\/product_cat?post=4308"},{"taxonomy":"product_tag","embeddable":true,"href":"https:\/\/www.pianoheritage.com\/fr\/wp-json\/wp\/v2\/product_tag?post=4308"}],"curies":[{"name":"wp","href":"https:\/\/api.w.org\/{rel}","templated":true}]}}