{"id":4224,"date":"2021-08-07T16:48:34","date_gmt":"2021-08-07T20:48:35","guid":{"rendered":"https:\/\/www.pianoheritage.com\/?post_type=product&#038;p=4224"},"modified":"2021-09-05T16:50:00","modified_gmt":"2021-09-05T20:50:00","slug":"dtx6k-x-batterie-electronique","status":"publish","type":"product","link":"https:\/\/www.pianoheritage.com\/fr\/shop\/batterie\/dtx6k-x-batterie-electronique\/","title":{"rendered":"DTX6K-X batterie electronique"},"content":{"rendered":"<ul>\n<li>Faithfully reproduces real sounds and ambience recorded in well-known studios<\/li>\n<li>AMBIENCE, COMP, and EFFECT Kit Modifier knobs that allow you to create your own unique sounds<\/li>\n<li>Yamaha&rsquo;s original TCS head is used for all pads achieving a pleasing, natural feel and rebound that makes you want to keep playing<\/li>\n<li>3-zone pads for the snare, and ride. The cymbals can be choked and muted. Ride cymbal equipped with a hit point detection function<\/li>\n<li>Yamaha&rsquo;s traditional ball clamp is used for the snare clamp<\/li>\n<\/ul>\n<p><span class=\"embed-youtube\" style=\"text-align:center; display: block;\"><iframe loading=\"lazy\" class=\"youtube-player\" width=\"1020\" height=\"574\" src=\"https:\/\/www.youtube.com\/embed\/gjDZIx5zt3I?version=3&#038;rel=1&#038;showsearch=0&#038;showinfo=1&#038;iv_load_policy=1&#038;fs=1&#038;hl=fr-FR&#038;autohide=2&#038;wmode=transparent\" allowfullscreen=\"true\" style=\"border:0;\" sandbox=\"allow-scripts allow-same-origin allow-popups allow-presentation allow-popups-to-escape-sandbox\"><\/iframe><\/span><\/p>\n<p>&nbsp;<\/p>\n","protected":false},"excerpt":{"rendered":"<p>La s\u00e9rie DTX6, avec le module DTX-PRO dot\u00e9 du modificateur de kit, offre les sons de la plus haute r\u00e9solution et donne aux batteurs le contr\u00f4le d&rsquo;une expression cr\u00e9ative illimit\u00e9e. Les batteurs peuvent prendre des vid\u00e9os de leurs performances et les partager sans quitter le tr\u00f4ne du tambour tout en d\u00e9veloppant leurs comp\u00e9tences de batteur avec des outils de formation in\u00e9gal\u00e9s.<br \/>\nS&rsquo;appuyant sur le succ\u00e8s de la s\u00e9rie DTX502, la s\u00e9rie DTX6 &#8211; y compris les mod\u00e8les DTX6K-X, DTX6K2-X et DTX6K3-X &#8211; offre aux batteurs de nouveaux sons et effets \u00e9chantillonn\u00e9s par des professionnels enregistr\u00e9s dans le monde entier dans des studios renomm\u00e9s. Pour une modification facile, la s\u00e9rie dispose d&rsquo;un modificateur de kit dans le nouveau module puissant DTX-PRO. Avec un simple tour de bouton, les joueurs peuvent modifier les sons de mani\u00e8re dynamique avec des effets d&rsquo;\u00e9galisation, y compris l&rsquo;ambiance et la compression.<\/p>\n","protected":false},"featured_media":4226,"comment_status":"open","ping_status":"closed","template":"","meta":{"jetpack_publicize_message":"","jetpack_publicize_feature_enabled":true,"jetpack_social_post_already_shared":true,"jetpack_social_options":{"image_generator_settings":{"template":"highway","default_image_id":0,"font":"","enabled":false},"version":2}},"product_brand":[],"product_cat":[233],"product_tag":[],"class_list":{"0":"post-4224","1":"product","2":"type-product","3":"status-publish","4":"has-post-thumbnail","6":"product_cat-batterie","8":"first","9":"instock","10":"taxable","11":"shipping-taxable","12":"purchasable","13":"product-type-simple"},"jetpack_publicize_connections":[],"jetpack_sharing_enabled":true,"_links":{"self":[{"href":"https:\/\/www.pianoheritage.com\/fr\/wp-json\/wp\/v2\/product\/4224","targetHints":{"allow":["GET"]}}],"collection":[{"href":"https:\/\/www.pianoheritage.com\/fr\/wp-json\/wp\/v2\/product"}],"about":[{"href":"https:\/\/www.pianoheritage.com\/fr\/wp-json\/wp\/v2\/types\/product"}],"replies":[{"embeddable":true,"href":"https:\/\/www.pianoheritage.com\/fr\/wp-json\/wp\/v2\/comments?post=4224"}],"wp:featuredmedia":[{"embeddable":true,"href":"https:\/\/www.pianoheritage.com\/fr\/wp-json\/wp\/v2\/media\/4226"}],"wp:attachment":[{"href":"https:\/\/www.pianoheritage.com\/fr\/wp-json\/wp\/v2\/media?parent=4224"}],"wp:term":[{"taxonomy":"product_brand","embeddable":true,"href":"https:\/\/www.pianoheritage.com\/fr\/wp-json\/wp\/v2\/product_brand?post=4224"},{"taxonomy":"product_cat","embeddable":true,"href":"https:\/\/www.pianoheritage.com\/fr\/wp-json\/wp\/v2\/product_cat?post=4224"},{"taxonomy":"product_tag","embeddable":true,"href":"https:\/\/www.pianoheritage.com\/fr\/wp-json\/wp\/v2\/product_tag?post=4224"}],"curies":[{"name":"wp","href":"https:\/\/api.w.org\/{rel}","templated":true}]}}