{"id":4214,"date":"2021-08-07T16:00:38","date_gmt":"2021-08-07T20:00:48","guid":{"rendered":"https:\/\/www.pianoheritage.com\/?post_type=product&#038;p=4214"},"modified":"2021-09-05T16:54:24","modified_gmt":"2021-09-05T20:54:24","slug":"yamaha-shs-500-sonogenic-keytar","status":"publish","type":"product","link":"https:\/\/www.pianoheritage.com\/fr\/shop\/pianos-yamaha\/claviers\/yamaha-shs-500-sonogenic-keytar\/","title":{"rendered":"Yamaha SHS-500 Sonogenic Keytar"},"content":{"rendered":"<p>Le Sonogenic SHS-500 est un nouveau type d&rsquo;instrument de Yamaha, id\u00e9al pour les m\u00e9lomanes qui souhaitent participer \u00e0 faire de la musicale, mais qui n&rsquo;ont peut-\u00eatre pas appris comment.<\/p>\n<ul>\n<li>Fonction JAM vous permet de jouer avec votre musique pr\u00e9f\u00e9r\u00e9e sans comp\u00e9tences musicales particuli\u00e8res<\/li>\n<li>30 voix de haute qualit\u00e9 (sons d&rsquo;instruments) avec polyphonie de 48 notes<\/li>\n<li>Bouton de commande, molette de variation de Pitch Bend et de modulation programmable en temps r\u00e9el<\/li>\n<li>Interface audio et MIDI USB<\/li>\n<li>Connectivit\u00e9 MIDI Bluetooth sans fil (cette fonction peut ne pas \u00eatre incluse selon le pays dans lequel vous avez achet\u00e9 le produit.)<\/li>\n<\/ul>\n<p><span class=\"embed-youtube\" style=\"text-align:center; display: block;\"><iframe loading=\"lazy\" class=\"youtube-player\" width=\"1020\" height=\"574\" src=\"https:\/\/www.youtube.com\/embed\/Vupjj7v1NKw?version=3&#038;rel=1&#038;showsearch=0&#038;showinfo=1&#038;iv_load_policy=1&#038;fs=1&#038;hl=fr-FR&#038;autohide=2&#038;wmode=transparent\" allowfullscreen=\"true\" style=\"border:0;\" sandbox=\"allow-scripts allow-same-origin allow-popups allow-presentation allow-popups-to-escape-sandbox\"><\/iframe><\/span><\/p>\n<p>&nbsp;<\/p>\n","protected":false},"excerpt":{"rendered":"<p>Le Sonogenic SHS-500 est un nouveau type d&rsquo;instrument de Yamaha, id\u00e9al pour les m\u00e9lomanes qui souhaitent participer \u00e0 faire de la musicale, mais qui n&rsquo;ont peut-\u00eatre pas appris comment.<\/p>\n","protected":false},"featured_media":4220,"comment_status":"open","ping_status":"closed","template":"","meta":{"jetpack_publicize_message":"","jetpack_publicize_feature_enabled":true,"jetpack_social_post_already_shared":true,"jetpack_social_options":{"image_generator_settings":{"template":"highway","default_image_id":0,"font":"","enabled":false},"version":2}},"product_brand":[],"product_cat":[65],"product_tag":[],"class_list":{"0":"post-4214","1":"product","2":"type-product","3":"status-publish","4":"has-post-thumbnail","6":"product_cat-claviers","8":"first","9":"instock","10":"taxable","11":"shipping-taxable","12":"purchasable","13":"product-type-variable"},"jetpack_publicize_connections":[],"jetpack_sharing_enabled":true,"_links":{"self":[{"href":"https:\/\/www.pianoheritage.com\/fr\/wp-json\/wp\/v2\/product\/4214","targetHints":{"allow":["GET"]}}],"collection":[{"href":"https:\/\/www.pianoheritage.com\/fr\/wp-json\/wp\/v2\/product"}],"about":[{"href":"https:\/\/www.pianoheritage.com\/fr\/wp-json\/wp\/v2\/types\/product"}],"replies":[{"embeddable":true,"href":"https:\/\/www.pianoheritage.com\/fr\/wp-json\/wp\/v2\/comments?post=4214"}],"wp:featuredmedia":[{"embeddable":true,"href":"https:\/\/www.pianoheritage.com\/fr\/wp-json\/wp\/v2\/media\/4220"}],"wp:attachment":[{"href":"https:\/\/www.pianoheritage.com\/fr\/wp-json\/wp\/v2\/media?parent=4214"}],"wp:term":[{"taxonomy":"product_brand","embeddable":true,"href":"https:\/\/www.pianoheritage.com\/fr\/wp-json\/wp\/v2\/product_brand?post=4214"},{"taxonomy":"product_cat","embeddable":true,"href":"https:\/\/www.pianoheritage.com\/fr\/wp-json\/wp\/v2\/product_cat?post=4214"},{"taxonomy":"product_tag","embeddable":true,"href":"https:\/\/www.pianoheritage.com\/fr\/wp-json\/wp\/v2\/product_tag?post=4214"}],"curies":[{"name":"wp","href":"https:\/\/api.w.org\/{rel}","templated":true}]}}