{"id":4155,"date":"2021-07-29T13:35:27","date_gmt":"2021-07-29T17:35:29","guid":{"rendered":"https:\/\/www.pianoheritage.com\/?post_type=product&#038;p=4155"},"modified":"2025-02-08T20:04:30","modified_gmt":"2025-02-09T01:04:30","slug":"yamaha-sg1820-electric-guitar-vintage-white","status":"publish","type":"product","link":"https:\/\/www.pianoheritage.com\/fr\/shop\/guitares\/guitares-electriques\/yamaha-sg1820-electric-guitar-vintage-white\/","title":{"rendered":"Yamaha SG1820 Electric Guitar Vintage White"},"content":{"rendered":"<div id=\"d589903\" class=\"product-lineup-full-width\">\n<div class=\"container-fluid\">\n<div class=\"row\">\n<div class=\"col-xs-12 col-sm-8\">\n<div class=\"resize-wrapper resize-wrapper-award_tag3-image_icon\">\n<div class=\"resize-content\">\n<p>Commande sp\u00e9ciale uniquement.\u00a0 Merci de contacter le magasin pour passer commande.\u00a0 Equip\u00e9e de micros Seymour Duncan 59\u2019, la nouvelle SG1820 offre une palette sonore tr\u00e8s compl\u00e8te allant du son clair et brillant aux sons satur\u00e9s riches et profonds.<\/p>\n<ul>\n<li>3-Piece Mahogany Neck<\/li>\n<li>Maple and Mahogany Body<\/li>\n<li>Graph Tech TUSQ Nut<\/li>\n<li>Seymour Duncan Pickups\/59 SH-1n, 59 SH-1b<\/li>\n<li>Grover Locking Tuners<\/li>\n<li>TonePros AVR-II Bridge<\/li>\n<li>TonePros T1Z Tailpiece<\/li>\n<li>I.R.A. Treatment<\/li>\n<li>Made in Japan<\/li>\n<\/ul>\n<\/div>\n<\/div>\n<\/div>\n<\/div>\n<\/div>\n<\/div>\n<div id=\"d589861\" class=\"product-lineup-full-width\">\n<div class=\"container-fluid\"><\/div>\n<\/div>\n","protected":false},"excerpt":{"rendered":"<p>Equip\u00e9e de micros Seymour Duncan 59\u2019, la nouvelle SG1820 offre une palette sonore tr\u00e8s compl\u00e8te allant du son clair et brillant aux sons satur\u00e9s riches et profonds.<\/p>\n","protected":false},"featured_media":4159,"comment_status":"open","ping_status":"closed","template":"","meta":{"jetpack_publicize_message":"","jetpack_publicize_feature_enabled":true,"jetpack_social_post_already_shared":true,"jetpack_social_options":{"image_generator_settings":{"template":"highway","default_image_id":0,"font":"","enabled":false},"version":2}},"product_brand":[],"product_cat":[55,106],"product_tag":[],"class_list":{"0":"post-4155","1":"product","2":"type-product","3":"status-publish","4":"has-post-thumbnail","6":"product_cat-guitares-electriques","7":"product_cat-promotions-de-lheure","9":"first","10":"instock","11":"sold-individually","12":"taxable","13":"shipping-taxable","14":"purchasable","15":"product-type-simple"},"jetpack_publicize_connections":[],"jetpack_sharing_enabled":true,"_links":{"self":[{"href":"https:\/\/www.pianoheritage.com\/fr\/wp-json\/wp\/v2\/product\/4155","targetHints":{"allow":["GET"]}}],"collection":[{"href":"https:\/\/www.pianoheritage.com\/fr\/wp-json\/wp\/v2\/product"}],"about":[{"href":"https:\/\/www.pianoheritage.com\/fr\/wp-json\/wp\/v2\/types\/product"}],"replies":[{"embeddable":true,"href":"https:\/\/www.pianoheritage.com\/fr\/wp-json\/wp\/v2\/comments?post=4155"}],"wp:featuredmedia":[{"embeddable":true,"href":"https:\/\/www.pianoheritage.com\/fr\/wp-json\/wp\/v2\/media\/4159"}],"wp:attachment":[{"href":"https:\/\/www.pianoheritage.com\/fr\/wp-json\/wp\/v2\/media?parent=4155"}],"wp:term":[{"taxonomy":"product_brand","embeddable":true,"href":"https:\/\/www.pianoheritage.com\/fr\/wp-json\/wp\/v2\/product_brand?post=4155"},{"taxonomy":"product_cat","embeddable":true,"href":"https:\/\/www.pianoheritage.com\/fr\/wp-json\/wp\/v2\/product_cat?post=4155"},{"taxonomy":"product_tag","embeddable":true,"href":"https:\/\/www.pianoheritage.com\/fr\/wp-json\/wp\/v2\/product_tag?post=4155"}],"curies":[{"name":"wp","href":"https:\/\/api.w.org\/{rel}","templated":true}]}}